{"id":139,"date":"2013-04-16T22:41:31","date_gmt":"2013-04-16T22:41:31","guid":{"rendered":"http:\/\/www.arianebazan.be\/?page_id=139"},"modified":"2023-05-05T12:43:15","modified_gmt":"2023-05-05T12:43:15","slug":"jouissance-and-repetition-compulsion","status":"publish","type":"page","link":"https:\/\/www.arianebazan.be\/?page_id=139","title":{"rendered":"Jouissance and Repetition Compulsion"},"content":{"rendered":"\n<p>22 d\u00e9cembre 2022: Petite vid\u00e9o de J\u00e9r\u00e9mie Gallen sur la jouissance citant notre recherche de Sandrine Detandt et moi sur les parall\u00e8les entre jouissance de Lacan et wanting de Berridge, \u00e0 partir de 6&#8217;10&#8221;.<\/p>\n\n\n\n<p>La recherche est bien cit\u00e9e et bien comprise. Dans un deuxi\u00e8me temps Sandrine et moi avons abandonn\u00e9 le parall\u00e8le entre plaisir Freudien et liking de Berridge pour les raisons suivantes: plaisir Freudien et jouissance Lacanienne sont intimement li\u00e9s, de la m\u00eame fa\u00e7on que d\u00e9charge (plaisir) et <a><\/a>charge (jouissance) d&#8217;excitation sont li\u00e9s. Lacan dit d&#8217;ailleurs que la jouissance est du d\u00e9plaisir. Au contraire, wanting et liking chez Berridge sont orthogonaux, ne sont pas corr\u00e9l\u00e9s: on peut ou non aimer ce que l&#8217;on veut et vouloir ou non ce que l&#8217;on aime. En fait le liking de Berridge est un sentiment h\u00e9donique alors que le plaisir Freudien est soulagement.<\/p>\n\n\n\n<figure class=\"wp-block-embed is-type-video is-provider-youtube wp-block-embed-youtube wp-embed-aspect-16-9 wp-has-aspect-ratio\"><div class=\"wp-block-embed__wrapper\">\n<iframe loading=\"lazy\" title=\"JOUIR en psychanalyse ! VTFS#12 - Psychologie\" width=\"584\" height=\"329\" src=\"https:\/\/www.youtube.com\/embed\/b-ipxoNEgQM?feature=oembed\" frameborder=\"0\" allow=\"accelerometer; autoplay; clipboard-write; encrypted-media; gyroscope; picture-in-picture\" allowfullscreen><\/iframe>\n<\/div><\/figure>\n\n\n\n<p><a title=\"Jouissance and Repetition Compulsion: Science\" href=\"http:\/\/www.arianebazan.be\/?page_id=292&amp;preview=true&amp;preview_id=292&amp;preview_nonce=21f5181d77\"><strong>Science<\/strong><\/a><\/p>\n\n\n\n<p><a title=\"Jouissance and Repetition Compulsion: V\u00e9rit\u00e9\" href=\"http:\/\/www.arianebazan.be\/?page_id=294\"><strong>V\u00e9rit\u00e9<\/strong><\/a><\/p>\n","protected":false},"excerpt":{"rendered":"<p>22 d\u00e9cembre 2022: Petite vid\u00e9o de J\u00e9r\u00e9mie Gallen sur la jouissance citant notre recherche de Sandrine Detandt et moi sur les parall\u00e8les entre jouissance de Lacan et wanting de Berridge, \u00e0 partir de 6&#8217;10&#8221;. La recherche est bien cit\u00e9e et &hellip; <a href=\"https:\/\/www.arianebazan.be\/?page_id=139\">Continue reading <span class=\"meta-nav\">&rarr;<\/span><\/a><\/p>\n","protected":false},"author":1,"featured_media":0,"parent":158,"menu_order":5,"comment_status":"open","ping_status":"closed","template":"","meta":{"spay_email":""},"_links":{"self":[{"href":"https:\/\/www.arianebazan.be\/index.php?rest_route=\/wp\/v2\/pages\/139"}],"collection":[{"href":"https:\/\/www.arianebazan.be\/index.php?rest_route=\/wp\/v2\/pages"}],"about":[{"href":"https:\/\/www.arianebazan.be\/index.php?rest_route=\/wp\/v2\/types\/page"}],"author":[{"embeddable":true,"href":"https:\/\/www.arianebazan.be\/index.php?rest_route=\/wp\/v2\/users\/1"}],"replies":[{"embeddable":true,"href":"https:\/\/www.arianebazan.be\/index.php?rest_route=%2Fwp%2Fv2%2Fcomments&post=139"}],"version-history":[{"count":9,"href":"https:\/\/www.arianebazan.be\/index.php?rest_route=\/wp\/v2\/pages\/139\/revisions"}],"predecessor-version":[{"id":3270,"href":"https:\/\/www.arianebazan.be\/index.php?rest_route=\/wp\/v2\/pages\/139\/revisions\/3270"}],"up":[{"embeddable":true,"href":"https:\/\/www.arianebazan.be\/index.php?rest_route=\/wp\/v2\/pages\/158"}],"wp:attachment":[{"href":"https:\/\/www.arianebazan.be\/index.php?rest_route=%2Fwp%2Fv2%2Fmedia&parent=139"}],"curies":[{"name":"wp","href":"https:\/\/api.w.org\/{rel}","templated":true}]}}