{"id":1728,"date":"2017-08-12T07:46:59","date_gmt":"2017-08-12T07:46:59","guid":{"rendered":"http:\/\/www.arianebazan.be\/?page_id=1728"},"modified":"2023-07-31T13:56:58","modified_gmt":"2023-07-31T13:56:58","slug":"publications","status":"publish","type":"page","link":"https:\/\/www.arianebazan.be\/?page_id=1728","title":{"rendered":"PUBLICATIONS"},"content":{"rendered":"\n<p>Copyright Notice<\/p>\n\n\n\n<p>The documents distributed here have been provided as a means to ensure timely dissemination of scholarly and technical work on a noncommercial basis. Copyright and all rights therein are maintained by the authors or by other copyright holders (usually the publisher), notwithstanding that they have offered their works here electronically. It is understood that all persons copying this information will adhere to the terms and constraints by the copyrights acknowledged in the publication. These works may not be reposted without the explicit permission of the copyright holder.<\/p>\n\n\n<div class=\"page\" title=\"Page 1\">\n<div class=\"layoutArea\">\n<div class=\"column\">\n<div class=\"page\" title=\"Page 1\">\n<div class=\"layoutArea\">\n<div class=\"column\">\n<div class=\"page\" title=\"Page 1\">\n<div class=\"layoutArea\">\n<div class=\"column\">\n<p><em><span style=\"font-size: 14pt; color: #808080;\">2023<\/span><\/em><\/p>\n<\/div>\n<\/div>\n<\/div>\n<p><a href=\"http:\/\/www.arianebazan.be\/wp-content\/uploads\/2023\/07\/4-PSN1-2023@Bazan@.pdf\" target=\"_blank\" rel=\"noopener\">Bazan, A. (2023). L\u2019euthanasie pour souffrance psychique en Belgique : le soin inconditionnel ou la mort. Psychiatrie, Sciences humaines, Neurosciences, Section : La personne et le soin, 21, n\u00b0 1, pp. 1-15. https:\/\/www.cairn.info\/revue&#8211;2023-1-page-47.htm.<\/a><\/p>\n<p><a href=\"http:\/\/www.arianebazan.be\/wp-content\/uploads\/2023\/04\/Euthanasie-_-voyage-au-pays-de-la-mort-annonce\u0301e_Le-Point.pdf\" target=\"_blank\" rel=\"noopener\">Cocquet, M., Le Point, cit\u00e9e dans \u00ab Euthanasie : voyage au pays de la mort annonc\u00e9e \u00bb, enqu\u00eate. 26 mars 2023.<\/a><\/p>\n<p><a href=\"http:\/\/www.arianebazan.be\/wp-content\/uploads\/2023\/03\/lp_euthanasies_psychiatriques.pdf\" target=\"_blank\" rel=\"noopener\">Cocquet, M., Le Point, \u00abEuthanasies psychiatriques : une pratique \u00ab cynique et r\u00e9voltante \u00bb, entretien. 7 mars 2023.<\/a><\/p>\n<p><a href=\"https:\/\/charliehebdo.fr\/2023\/03\/societe\/euthanasie-psychiatrique-belgique-mourir-pour-troubles-psy\/\" target=\"_blank\" rel=\"noopener\">Renault, C., Charlie Hebdo, \u00abEuthanasie : en Belgique, on peut choisir de mourir pour des troubles psy \u00ab incurables \u00bb, mis en ligne le 6 mars 2023<\/a>.<\/p>\n<p><em><span style=\"font-size: 14pt; color: #808080;\">2022<\/span><\/em><\/p>\n<\/div>\n<\/div>\n<\/div>\n<p><a href=\"http:\/\/www.arianebazan.be\/wp-content\/uploads\/2023\/04\/Le-mode\u0300le-belge-La-Vie-22-septembre-2022.pdf\" target=\"_blank\" rel=\"noopener\">Jova, P. , La Vie, cit\u00e9e dans \u00ab Le mod\u00e8le Belge : 20 ans apr\u00e8s la loi, enqu\u00eate au pays de l\u2019euthanasie \u00bb, pp. 24-32 &amp; 51-52, 22 septembre 2022.<\/a><\/p>\n<p class=\"highlight highlight--wrapping banner-header__title\"><a href=\"https:\/\/www.moustique.be\/actu\/sante\/2022\/10\/11\/shanti-victime-des-attentats-de-bruxelles-euthanasiee-le-cas-de-cette-jeune-fille-doit-nous-inquieter-248483\" target=\"_blank\" rel=\"noopener noreferrer\">N. Sohy, Shanti, victime des attentats de Bruxelles, euthanasi\u00e9e : &#8220;Le cas de cette jeune fille doit nous inqui\u00e9ter&#8221;<span class=\"meta__date\">, Moustique, 11 octobre 2022.<\/span><\/a><\/p>\n<p style=\"text-align: justify;\">\n<\/p><p><em><span style=\"font-size: 14pt; color: #808080;\">2021<\/span><\/em><\/p>\n<\/div>\n<\/div>\n<\/div>\n<p><!--more--><\/p>\n<p><!--more--><\/p>\n<p class=\"highlight highlight--wrapping banner-header__title\"><a href=\"https:\/\/policyoptions.irpp.org\/fr\/magazines\/mai-2021\/laide-medicale-a-mourir-en-cas-de-troubles-mentaux-lecons-de-lexperience-belge\/\" target=\"_blank\" rel=\"noopener noreferrer\">A. Bazan, L\u2019aide m\u00e9dicale \u00e0 mourir en cas de troubles mentaux : le\u00e7ons de l\u2019exp\u00e9rience belge,&nbsp;<span class=\"meta__date\">6 mai 2021, Options Politiques<\/span><\/a><\/p>\n<p style=\"text-align: justify;\">\n<\/p><p style=\"text-align: justify;\"><em><span style=\"font-size: 14pt; color: #808080;\">2020<\/span><\/em><\/p>\n<div class=\"page\" title=\"Page 1\"><a href=\"https:\/\/www.linkedin.com\/pulse\/ariane-bazan-experte-zaak-tine-nys-getuigt-over-bij-sabine-verschelde?trk=portfolio_article-card_title\" target=\"_blank\" rel=\"noopener noreferrer\">Ariane Bazan, experte in zaak Tine Nys, getuigt over euthanasie bij psychisch lijden.<\/a><br>\n13.02.2020 Sabine Verschelde, Senior Editorial Manager at MediQuality\/Medscape, digital platform for healthcare professionals with 54 000 members<\/div>\n<p><em><span style=\"font-size: 14pt; color: #808080;\">2017<\/span><\/em><\/p>\n<div class=\"page\" title=\"Page 1\">\n<div class=\"layoutArea\">\n<div class=\"column\">\n<p><a href=\"https:\/\/gallery.mailchimp.com\/85e5827aac58311a9630281be\/files\/31725266-94ee-43ac-99bf-4085de5915ec\/2017_09_14_Le_Soir_euthanasie.pdf\" target=\"_blank\" rel=\"noopener noreferrer\">14.09.2017, Le Soir, Forum, Faut-il \u00e9largir les conditions d\u2019acc\u00e8s \u00e0 l\u2019euthanasie ?<\/a><\/p>\n<p><em><span style=\"font-size: 14pt; color: #808080;\">2015<\/span><\/em><\/p>\n<\/div>\n<\/div>\n<\/div>\n<p>28.12.2015, El Espanol, Juan Sanhermelando : \u00ab <a href=\"http:\/\/www.elespanol.com\/mundo\/20151228\/90240977_0.html\" target=\"_blank\" rel=\"noopener noreferrer\">Derecho a morir. Belgica discute los limites de la eutanasia<\/a>. \u00bb<\/p>\n<p>09.12.2015, Journal Het Nieuwsblad, \u201c5 Vragen aan Ariane Bazan \u2013 65 professoren, psychologen en psychiaters vragen om euthanasie om psychische redenen uit de wet te halen\u201d, p. 8.<\/p>\n<p><a href=\"https:\/\/www.demorgen.be\/opinie\/schrap-euthanasie-op-basis-van-louter-psychisch-lijden-uit-de-wet-b277b650\/\" target=\"_blank\" rel=\"noopener noreferrer\">08.12.2015, Journal De Morgen, A. Bazan, G. Van de Vijver, W. Lemmens: \u201cSchrap euthanasie op basis van louter psychisch lijden uit de wet\u201d, Opinie p. 32<\/a>.<\/p>\n<p>08.12.2015, Journal De Morgen, Femke Van Garderen: \u201cOngeneeslijk\/Onvoorspelbaar\u201d, p. 7.<\/p>\n<p>08. 12.2015, Journal De Morgen, Femke Van Garderen: \u201c Stop euthanasie bij psychisch lijden\u201d, p. 1.<\/p>\n<p>04.12.2015, S\u00e9minaire du service de psychiatrie des Cliniques Universitaires Saint-Luc \u00ab Euthanasie et Psychiatrie \u00bb, A. Bazan : \u00ab Le probl\u00e8me de l\u2019euthanasie pour seule souffrance psychique \u00bb, Bruxelles.<\/p>\n<p>November 2015, Streven, A. Bazan: &#8220;You make me live &#8211; Over euthanasie en samen leven&#8221;, pp 869-880.<\/p>\n<p>11.11.2015, The Economist, documentaire: \u00ab 24 &amp; ready to die \u00bb, 13\u201916\u2019\u2019. https:\/\/www.facebook.com\/TheEconomist\/videos\/10153725407749060\/<\/p>\n<p>24.09.2015, Artsenkrant, Bazan, A., Van de Vijver G., Lemmens W. &amp; Renuart, N.: &#8220;<a href=\"http:\/\/www.arianebazan.be\/wp-content\/uploads\/2022\/02\/AK2420-042.p1.pdf\" target=\"_blank\" rel=\"noopener\">Euthanasie bij psychisch lijden: een wankel wettelijk kader en maatschappelijk ondermijnende gevolgen<\/a>.&#8221;. Repris par les sites <a href=\"http:\/\/www.standaard.be\/cnt\/dmf20150924_01884843\" target=\"_blank\" rel=\"noopener noreferrer\">du Standaard<\/a>&nbsp;et <a href=\"http:\/\/www.knack.be\/nieuws\/gezondheid\/wettelijk-kader-voor-euthanasie-bij-psychisch-lijden-is-wankel\/article-normal-611393.html\" target=\"_blank\" rel=\"noopener noreferrer\">du Knack<\/a><\/p>\n<p>23.09.2015, The Economist, Interview with Mr. Hugo Ward: &#8220;on euthanasia for reasons of mental suffering&#8221;.<\/p>\n<p>11.09.2015, Le Soir en ligne, Bazan, A., Van de Vijver G., Lemmens W. &amp; Renuart, N : &#8220;<a href=\"http:\/\/www.arianebazan.be\/wp-content\/uploads\/2023\/02\/JDM2420-042NEW.p1.pdf\" target=\"_blank\" rel=\"noopener\">L\u2019euthanasie pour souffrance psychique: un cadre l\u00e9gal discutable et des dommages soci\u00e9taux<\/a>.&#8221;<\/p>","protected":false},"excerpt":{"rendered":"<p>Copyright Notice The documents distributed here have been provided as a means to ensure timely dissemination of scholarly and technical work on a noncommercial basis. Copyright and all rights therein are maintained by the authors or by other copyright holders &hellip; <a href=\"https:\/\/www.arianebazan.be\/?page_id=1728\">Continue reading <span class=\"meta-nav\">&rarr;<\/span><\/a><\/p>\n","protected":false},"author":1,"featured_media":0,"parent":1243,"menu_order":0,"comment_status":"closed","ping_status":"closed","template":"","meta":{"spay_email":""},"_links":{"self":[{"href":"https:\/\/www.arianebazan.be\/index.php?rest_route=\/wp\/v2\/pages\/1728"}],"collection":[{"href":"https:\/\/www.arianebazan.be\/index.php?rest_route=\/wp\/v2\/pages"}],"about":[{"href":"https:\/\/www.arianebazan.be\/index.php?rest_route=\/wp\/v2\/types\/page"}],"author":[{"embeddable":true,"href":"https:\/\/www.arianebazan.be\/index.php?rest_route=\/wp\/v2\/users\/1"}],"replies":[{"embeddable":true,"href":"https:\/\/www.arianebazan.be\/index.php?rest_route=%2Fwp%2Fv2%2Fcomments&post=1728"}],"version-history":[{"count":28,"href":"https:\/\/www.arianebazan.be\/index.php?rest_route=\/wp\/v2\/pages\/1728\/revisions"}],"predecessor-version":[{"id":3409,"href":"https:\/\/www.arianebazan.be\/index.php?rest_route=\/wp\/v2\/pages\/1728\/revisions\/3409"}],"up":[{"embeddable":true,"href":"https:\/\/www.arianebazan.be\/index.php?rest_route=\/wp\/v2\/pages\/1243"}],"wp:attachment":[{"href":"https:\/\/www.arianebazan.be\/index.php?rest_route=%2Fwp%2Fv2%2Fmedia&parent=1728"}],"curies":[{"name":"wp","href":"https:\/\/api.w.org\/{rel}","templated":true}]}}