{"id":1912,"date":"2018-02-15T16:10:43","date_gmt":"2018-02-15T16:10:43","guid":{"rendered":"http:\/\/www.arianebazan.be\/?page_id=1912"},"modified":"2023-05-05T12:41:56","modified_gmt":"2023-05-05T12:41:56","slug":"dr-sandrine-detandt","status":"publish","type":"page","link":"https:\/\/www.arianebazan.be\/?page_id=1912","title":{"rendered":"Dr. Sandrine Detandt"},"content":{"rendered":"<p><strong><span style=\"font-size: 18pt;\">Dr. Sandrine DETANDT<\/span><\/strong><\/p>\n<p>Sandrine Detandt, Asp. FNRS-FRESH (mandat 2012)<\/p>\n<p><em>Titre<\/em>\u00a0: <strong>De la \u00ab jouissance \u00bb au \u00ab wanting \u00bb dans une population de fumeurs : \u00e9tude empirique sur les tenants des assu\u00e9tudes \u00e0 l\u2019interface des approches clinique et exp\u00e9rimentales<\/strong><\/p>\n<p><em>R\u00e9sum\u00e9\u00a0<\/em>: Je conduis mes recherches dans le domaine de la \u201cneuro-psychanalyse\u201d. L\u2019objectif de mon travail \u00e9tant d\u2019articuler les concepts Freudo-Lacanien de plaisir et jouissance avec ceux de la neurophysiologie de la dopamine (circuits de la r\u00e9compense) et ce sur des populations cliniques (addiction \u00e0 la nicotine) et non-cliniques, tant \u00e0 un niveau empirique que th\u00e9orique.<\/p>\n<p><em>Jury de th\u00e8se<\/em><\/p>\n<ul>\n<li>Professeur Philippe Fouchet (Universit\u00e9 Libre de Bruxelles,Pr\u00e9sident du jury)<\/li>\n<li><span style=\"font-size: 1rem;\">Professeur Ariane Bazan (Universit\u00e9 Libre de Bruxelles, Promotrice)<\/span><\/li>\n<li><span style=\"font-size: 1rem;\">Professeur Darius Razavi (Universit\u00e9 Libre de Bruxelles, Secr\u00e9taire)<\/span><\/li>\n<li><span style=\"font-size: 1rem;\">Docteur Hendrik Kajosch (Universit\u00e9 Libre de Bruxelles)<\/span><\/li>\n<li>Professeur Gertrudis Van de Vijver (Universiteit Gent, Membre ext\u00e9rieur du Jury)<\/li>\n<li>Professeur Etienne Quertemont (Universit\u00e9 de Li\u00e8ge, Membre ext\u00e9rieur du Jury)<\/li>\n<\/ul>\n<p><em>D\u00e9fense publique\u00a0<\/em>: Jeudi 15.12.2016 \u00e0 15h<\/p>\n<p>&nbsp;<\/p>\n<p><a href=\"http:\/\/www.arianebazan.be\/wp-content\/uploads\/2013\/04\/013DD768B22BFBC859185689AABA9863B21BB7EF50D63342A7pimgpsh_fullsize_distr.jpg\"><img loading=\"lazy\" class=\"alignnone size-medium wp-image-1494\" src=\"http:\/\/www.arianebazan.be\/wp-content\/uploads\/2013\/04\/013DD768B22BFBC859185689AABA9863B21BB7EF50D63342A7pimgpsh_fullsize_distr-300x225.jpg\" alt=\"013DD768B22BFBC859185689AABA9863B21BB7EF50D63342A7pimgpsh_fullsize_distr\" width=\"300\" height=\"225\" srcset=\"https:\/\/www.arianebazan.be\/wp-content\/uploads\/2013\/04\/013DD768B22BFBC859185689AABA9863B21BB7EF50D63342A7pimgpsh_fullsize_distr-300x225.jpg 300w, https:\/\/www.arianebazan.be\/wp-content\/uploads\/2013\/04\/013DD768B22BFBC859185689AABA9863B21BB7EF50D63342A7pimgpsh_fullsize_distr-1024x768.jpg 1024w, https:\/\/www.arianebazan.be\/wp-content\/uploads\/2013\/04\/013DD768B22BFBC859185689AABA9863B21BB7EF50D63342A7pimgpsh_fullsize_distr-624x468.jpg 624w, https:\/\/www.arianebazan.be\/wp-content\/uploads\/2013\/04\/013DD768B22BFBC859185689AABA9863B21BB7EF50D63342A7pimgpsh_fullsize_distr.jpg 1200w\" sizes=\"(max-width: 300px) 100vw, 300px\" \/><img loading=\"lazy\" class=\"alignnone size-medium wp-image-1500\" src=\"http:\/\/www.arianebazan.be\/wp-content\/uploads\/2013\/04\/40ACA89AA4FB63205DDF97D13A56EA5DF3AC23143FCB690870pimgpsh_fullsize_distr-300x225.jpg\" alt=\"40ACA89AA4FB63205DDF97D13A56EA5DF3AC23143FCB690870pimgpsh_fullsize_distr\" width=\"300\" height=\"225\" srcset=\"https:\/\/www.arianebazan.be\/wp-content\/uploads\/2013\/04\/40ACA89AA4FB63205DDF97D13A56EA5DF3AC23143FCB690870pimgpsh_fullsize_distr-300x225.jpg 300w, https:\/\/www.arianebazan.be\/wp-content\/uploads\/2013\/04\/40ACA89AA4FB63205DDF97D13A56EA5DF3AC23143FCB690870pimgpsh_fullsize_distr-624x468.jpg 624w, https:\/\/www.arianebazan.be\/wp-content\/uploads\/2013\/04\/40ACA89AA4FB63205DDF97D13A56EA5DF3AC23143FCB690870pimgpsh_fullsize_distr.jpg 960w\" sizes=\"(max-width: 300px) 100vw, 300px\" \/><\/a><a href=\"http:\/\/www.arianebazan.be\/wp-content\/uploads\/2013\/04\/8A54541ADA43BA618438AB3FA30C4DF8DCE8972A2F94E4DDDCpimgpsh_fullsize_distr.jpg\"><img loading=\"lazy\" class=\"alignnone size-medium wp-image-1495\" src=\"http:\/\/www.arianebazan.be\/wp-content\/uploads\/2013\/04\/8A54541ADA43BA618438AB3FA30C4DF8DCE8972A2F94E4DDDCpimgpsh_fullsize_distr-300x225.jpg\" alt=\"8A54541ADA43BA618438AB3FA30C4DF8DCE8972A2F94E4DDDCpimgpsh_fullsize_distr\" width=\"300\" height=\"225\" srcset=\"https:\/\/www.arianebazan.be\/wp-content\/uploads\/2013\/04\/8A54541ADA43BA618438AB3FA30C4DF8DCE8972A2F94E4DDDCpimgpsh_fullsize_distr-300x225.jpg 300w, https:\/\/www.arianebazan.be\/wp-content\/uploads\/2013\/04\/8A54541ADA43BA618438AB3FA30C4DF8DCE8972A2F94E4DDDCpimgpsh_fullsize_distr-1024x768.jpg 1024w, https:\/\/www.arianebazan.be\/wp-content\/uploads\/2013\/04\/8A54541ADA43BA618438AB3FA30C4DF8DCE8972A2F94E4DDDCpimgpsh_fullsize_distr-624x468.jpg 624w, https:\/\/www.arianebazan.be\/wp-content\/uploads\/2013\/04\/8A54541ADA43BA618438AB3FA30C4DF8DCE8972A2F94E4DDDCpimgpsh_fullsize_distr.jpg 1200w\" sizes=\"(max-width: 300px) 100vw, 300px\" \/><img loading=\"lazy\" class=\"alignnone size-medium wp-image-1498\" src=\"http:\/\/www.arianebazan.be\/wp-content\/uploads\/2013\/04\/80C2EA3D70AAB535EA0BA0D2B59B85EEDF5D5DCA096434FFA8pimgpsh_fullsize_distr-300x225.jpg\" alt=\"80C2EA3D70AAB535EA0BA0D2B59B85EEDF5D5DCA096434FFA8pimgpsh_fullsize_distr\" width=\"300\" height=\"225\" srcset=\"https:\/\/www.arianebazan.be\/wp-content\/uploads\/2013\/04\/80C2EA3D70AAB535EA0BA0D2B59B85EEDF5D5DCA096434FFA8pimgpsh_fullsize_distr-300x225.jpg 300w, https:\/\/www.arianebazan.be\/wp-content\/uploads\/2013\/04\/80C2EA3D70AAB535EA0BA0D2B59B85EEDF5D5DCA096434FFA8pimgpsh_fullsize_distr-1024x768.jpg 1024w, https:\/\/www.arianebazan.be\/wp-content\/uploads\/2013\/04\/80C2EA3D70AAB535EA0BA0D2B59B85EEDF5D5DCA096434FFA8pimgpsh_fullsize_distr-624x468.jpg 624w, https:\/\/www.arianebazan.be\/wp-content\/uploads\/2013\/04\/80C2EA3D70AAB535EA0BA0D2B59B85EEDF5D5DCA096434FFA8pimgpsh_fullsize_distr.jpg 1200w\" sizes=\"(max-width: 300px) 100vw, 300px\" \/><\/a><\/p>\n<p><strong>LAUDATIO<\/strong><\/p>\n<p>Ch\u00e8re Sandrine,<\/p>\n<p>De la jouissance au <em>wanting<\/em>\u2026.<\/p>\n<p>peut \u00eatre est-ce un d\u00e9fi pour cet homme d\u00e9raisonnable, pour tout humain donc, c&#8217;est-\u00e0-dire, pr\u00e9cis\u00e9ment ceci\u00a0: se risquer de cette jouissance du tout \u00e0 ce <em>one thing<\/em>, cette chose, ce morceau de R\u00e9el apprivois\u00e9, manipul\u00e9, saisi, que n\u2019est plus que ce seul <em>one thing<\/em>, ce fragment, mais qui n\u2019est quand m\u00eame pas rien.<\/p>\n<p>Le paradoxe de ce \u2018pas rien\u2019 du <em>one thing<\/em> est qu\u2019il n\u2019a pu appara\u00eetre, me semble-t-il, qu\u2019elle n\u2019a pu appara\u00eetre, cette th\u00e8se, singuli\u00e8re, extraordinaire, surdimensionn\u00e9e, que sous la figure de l\u2019exc\u00e8s\u00a0: c\u2019est la figure qui nous caract\u00e9rise, je pense, tant toi que moi, elle caract\u00e9rise notre rencontre et notre collaboration, et elle caract\u00e9rise ce produit final, ce <em>one thing<\/em>, qui est ta th\u00e8se.<\/p>\n<p>L\u2019exc\u00e8s qui fut la d\u00e9mesure de notre entreprise, de ton entreprise\u00a0c\u2019\u00e9tait d\u2019abord de prendre de Lacan, un des concepts les plus cryptiques, la jouissance, et de l\u2019op\u00e9rationnaliser: oui, proposer un outil de mesure de l\u2019exc\u00e8s, de la jouissance, en d\u2019autres termes proposer une mesure de la d\u00e9mesure\u00a0! Il fallait avoir une ambition d\u00e9mesur\u00e9e pour s\u2019y risquer\u00a0! Mais comme ni toi ni moi n\u2019\u00e9tions g\u00ean\u00e9es par l\u2019exc\u00e8s, on pourrait m\u00eame dire, comme ni toi ni moi n\u2019\u00e9tions m\u00eame perturb\u00e9es, voire \u00e9tonn\u00e9es par l\u2019exc\u00e8s, on s\u2019y est risqu\u00e9es, d\u2019un \u00e9lan qui allait de soi. Tu ne t\u2019es pas dit que tu y arriverais, mais tu ne t\u2019es jamais dit que tu n\u2019y irais pas. L\u2019id\u00e9e d\u2019y arriver \u00e9tait secondaire \u00e0 l\u2019id\u00e9e d\u2019y aller.<\/p>\n<p>Elle est donc extraordinaire, cette th\u00e8se, car elle a d\u00e9but\u00e9 dans la d\u00e9mesure de l\u2019ambition \u2013 mais ce qui est de plus extraordinaire encore, c\u2019est qu\u2019elle a aboutit\u00a0\u00e0 la mesure de cette ambition! Malgr\u00e9 l\u2019omnipr\u00e9sence de l\u2019exc\u00e8s, elle ne s\u2019est jamais embourb\u00e9e dans la jouissance \u2013 pi\u00e8ge structurel, logique, courant pour toute entreprise humaine \u2013 mais, du contraire, elle a abouti avec une efficacit\u00e9 assez fulgurante \u00e0 ce <em>one thing,<\/em> \u00e0 cet objet th\u00e8se. C\u2019est quand m\u00eame assez extraordinaire que pour s\u2019y arr\u00eater un moment. Elle a abouti \u00e0 un travail th\u00e9orique consid\u00e9rable, tant sur la jouissance que sur le trauma, que sur les syst\u00e8mes dopaminergiques, elle a abouti \u00e0 au moins six papiers dans des revues scientifiques internationales, dont d\u00e9j\u00e0 trois en premier auteur dans des revues neuro. Et soit accident de parcours, soit r\u00e9sultat de ton savoir-faire, elle a abouti, en fin de parcours, \u00e0 un pari de l\u2019exc\u00e8s qui semble n\u00e9anmoins r\u00e9ussi\u00a0: cette mesure de la jouissance, cet outil d\u2019inspiration psychanalytique, donne des r\u00e9sultats coh\u00e9rents par rapport aux mesures physiologiques. Une facette de la jouissance peut \u00eatre mesur\u00e9e dans le discours de fa\u00e7on coh\u00e9rente avec la r\u00e9activit\u00e9 du corps\u00a0!<\/p>\n<p>J\u2019en suis venue \u00e0 me demander ceci\u00a0: pour celui ou celle qui fait avec l\u2019exc\u00e8s, ou mieux, m\u00eame, qui ne sait faire que par l\u2019exc\u00e8s, la vie n\u2019est elle pas enfin de compte, aussi cette corde raide entre d\u00e9sespoir et exploit? Si exploit il y a, comme j\u2019ai tendance \u00e0 le penser, \u00e7a ne veut pas dire que tu, que nous, soyons exemptes de d\u00e9sespoir. Mais, disons, qu\u2019une dose de d\u00e9sespoir s\u2019av\u00e8re peut-\u00eatre la tasse qu\u2019il faut bien boire pour survivre \u00e0 l\u2019exc\u00e8s. C\u2019est faire avec une dose de d\u00e9sespoir, soit se noyer. Tu ne t\u2019es pas noy\u00e9e, te voil\u00e0 plut\u00f4t de c\u00f4t\u00e9 de l\u2019exploit. Car contre le d\u00e9sespoir, bien s\u00fbr, aucun rem\u00e8de structurel, sauf peut-\u00eatre cette peau de chagrin, qu\u2019est l\u2019amour, ce qui fait que nous nous tenons, et que nous tenons.<\/p>\n<p>Alors pour citer un de mes philosophes pr\u00e9f\u00e9r\u00e9s \u2013 apr\u00e8s Aristote bien s\u00fbr \u2013 j\u2019ai nomm\u00e9, Jean-Jacques Goldman, <em>sache que je<\/em>.<\/p>\n<p>Ariane<\/p>\n<p>Bruxelles, 15.12.2016<\/p>\n<p><a href=\"https:\/\/www.youtube.com\/watch?v=3-NzxbAQrxg\" target=\"_blank\" rel=\"noopener noreferrer\">Sandrine Detandt: Ma th\u00e8se en 180 secondes<\/a><\/p>\n","protected":false},"excerpt":{"rendered":"<p>Dr. Sandrine DETANDT Sandrine Detandt, Asp. FNRS-FRESH (mandat 2012) Titre\u00a0: De la \u00ab jouissance \u00bb au \u00ab wanting \u00bb dans une population de fumeurs : \u00e9tude empirique sur les tenants des assu\u00e9tudes \u00e0 l\u2019interface des approches clinique et exp\u00e9rimentales R\u00e9sum\u00e9\u00a0: &hellip; <a href=\"https:\/\/www.arianebazan.be\/?page_id=1912\">Continue reading <span class=\"meta-nav\">&rarr;<\/span><\/a><\/p>\n","protected":false},"author":1,"featured_media":0,"parent":2538,"menu_order":0,"comment_status":"closed","ping_status":"closed","template":"","meta":{"spay_email":""},"_links":{"self":[{"href":"https:\/\/www.arianebazan.be\/index.php?rest_route=\/wp\/v2\/pages\/1912"}],"collection":[{"href":"https:\/\/www.arianebazan.be\/index.php?rest_route=\/wp\/v2\/pages"}],"about":[{"href":"https:\/\/www.arianebazan.be\/index.php?rest_route=\/wp\/v2\/types\/page"}],"author":[{"embeddable":true,"href":"https:\/\/www.arianebazan.be\/index.php?rest_route=\/wp\/v2\/users\/1"}],"replies":[{"embeddable":true,"href":"https:\/\/www.arianebazan.be\/index.php?rest_route=%2Fwp%2Fv2%2Fcomments&post=1912"}],"version-history":[{"count":3,"href":"https:\/\/www.arianebazan.be\/index.php?rest_route=\/wp\/v2\/pages\/1912\/revisions"}],"predecessor-version":[{"id":1915,"href":"https:\/\/www.arianebazan.be\/index.php?rest_route=\/wp\/v2\/pages\/1912\/revisions\/1915"}],"up":[{"embeddable":true,"href":"https:\/\/www.arianebazan.be\/index.php?rest_route=\/wp\/v2\/pages\/2538"}],"wp:attachment":[{"href":"https:\/\/www.arianebazan.be\/index.php?rest_route=%2Fwp%2Fv2%2Fmedia&parent=1912"}],"curies":[{"name":"wp","href":"https:\/\/api.w.org\/{rel}","templated":true}]}}