{"id":1919,"date":"2018-02-15T16:19:43","date_gmt":"2018-02-15T16:19:43","guid":{"rendered":"http:\/\/www.arianebazan.be\/?page_id=1919"},"modified":"2023-05-05T12:41:56","modified_gmt":"2023-05-05T12:41:56","slug":"drs-giulia-olyff","status":"publish","type":"page","link":"https:\/\/www.arianebazan.be\/?page_id=1919","title":{"rendered":"Drs. Giulia OLYFF"},"content":{"rendered":"<p><a href=\"http:\/\/www.arianebazan.be\/wp-content\/uploads\/2018\/02\/olyff-copie-photo.jpg\"><img loading=\"lazy\" class=\"wp-image-2964 aligncenter\" src=\"http:\/\/www.arianebazan.be\/wp-content\/uploads\/2018\/02\/olyff-copie-photo.jpg\" alt=\"\" width=\"227\" height=\"289\" \/><\/a><\/p>\n<ul>\n<li>\n<h2>in English<\/h2>\n<\/li>\n<\/ul>\n<p>Giulia Olyff graduated in Clinical Psychology in 2015 at the Universit\u00e9 Libre de Bruxelles (ULB; Belgium). She is a PhD student at the Department of Clinical and Differential Psychology under the supervision of Pr. Dr. Ariane Bazan. Giulia Olyff received a one-year research grant from\u00a0the American Psychoanalytic Association for her PhD research. Giulia\u00a0is also working as a psychologist at the <em>Maison Ouverte<\/em> which welcomes toddlers from birth to 3 years old and their families and which is inspired by the philosophy of Fran\u00e7oise Dolto.<\/p>\n<p>Her PhD research concerns primary and secondary process mentation at the interface of clinical and cognitive approaches. More precisely,\u00a0this research is about wordplays and people&#8217;s capacity to solve them without being aware of doing so. This research\u00a0springs out of\u00a0Ariane Bazan&#8217;s endeavour\u00a0to design linguistic tools for a diagnostic process which is neither symptomatic (phenomenological) nor exclusively singularizing (as would be the psychoanalytic development of the logic of the subject or of the single case). The aim is to enable a diagnostic process in relation to the way subjects handle language in terms of\u00a0structural and dynamical categories (e.g. neurosis \/ psychosis; actual\u00a0pathology \/ psychopathology). Such a diagnosis would merely characterise\u00a0the subject&#8217;s position into language thereby avoiding a\u00a0labeling which would\u00a0the subject\u00a0into a pathological identity, be this either related to biological deficits or to social inadequacy.<\/p>\n<ul>\n<li>\n<h2>en Fran\u00e7ais<\/h2>\n<\/li>\n<\/ul>\n<p>Derni\u00e8re ann\u00e9e de Doctorat en Sciences Psychologiques et de l\u2019Education aupr\u00e8s du Service de Psychologie Clinique et Diff\u00e9rentielle de l\u2019Universit\u00e9 Libre de Bruxelles. \u00ab Les processus primaires et secondaires \u00e0 l\u2019interface entre clinique et approche cognitive : de la d\u00e9sinhibition \u00e0 l\u2019exc\u00e8s de contr\u00f4le \u00bb<\/p>\n<p>Le projet de th\u00e8se a\u00a0commenc\u00e9 en 2016\/2017 et se structure en deux temps. Dans un premier temps, nous avons montr\u00e9 que des sujets tout venant peuvent r\u00e9soudre des jeux-de-mots sans s\u2019en rendre compte (Olyff et al., 2017) ; et que la r\u00e9solution de jeux-de-mots ne semble pas \u00eatre influenc\u00e9 de l\u2019ordre des images pr\u00e9sent\u00e9es (Olyff et al., 2018). L\u2019histoire et les enjeux de la M\u00e9thode jeux-de-mots sont repris dans l\u2019article Bazan, Olyff &amp; Bruxelleman, 2019. Un papier reprenant les diff\u00e9rentes \u00e9tapes exp\u00e9rimentales est en pr\u00e9paration (Olyff et al., en pr\u00e9paration). Dans un second temps de la th\u00e8se, nous nous sommes int\u00e9r\u00e9ss\u00e9es au \u00bc de la population pour qui la r\u00e9solution de jeux-de-mots semble \u00eatre une \u00e9vidence. En effet, la th\u00e9orie et la recherche psychanalytiques montrent qu\u2019il y a plus de traitement en processus primaire dans la psychose. Une deuxi\u00e8me partie de la th\u00e8se a v\u00e9rifi\u00e9 si il y a plus de r\u00e9solution de jeux-de-mots dans la psychose ainsi que\u00a0l&#8217;id\u00e9e inverse, s&#8217;il y a &#8220;plus de psychose&#8221; quand il y a r\u00e9solution de jeux-de-mots.<\/p>\n<p>Cette recherche jaillit de l&#8217;ambition\u00a0de la Pr. Ariane Bazan qui vise \u00e0 concevoir un outillage principalement linguistique pour une d\u00e9marche diagnostique qui n\u2019est ni symptomatologique (ph\u00e9nom\u00e9nologique) ni exclusivement singularisante (logique du cas singulier) : une d\u00e9marche diagnostique par rapport \u00e0 la fa\u00e7on de manier le langage qui permet d\u2019en dire sur une cat\u00e9gorie structurelle et\/ou dynamique (p.ex. le diagnostic diff\u00e9rentiel n\u00e9vrose\/psychose ; pathologie actuelle\/psychopathologie) sans tomber dans une d\u00e9marche d\u2019\u00e9tiquetage qui ne permet finalement jamais d\u2019\u00e9viter compl\u00e8tement un effet de fixation dans une identit\u00e9 (pathologique).<\/p>\n<h2>PUBLICATIONS<\/h2>\n<ul>\n<li>Olyff, G. and Bazan A., (soumis). We solve rebuses unwittingly \u2013 both forward and backward: Empirical evidence for the mental effectiveness of the signifier. Frontiers in Human Neuroscience<\/li>\n<li>Olyff G., Thyeffry L. and Bazan A., (soumis). Normes associatives en fran\u00e7ais pour 243 mots dans une population adulte. European Review of Applied Psychology<\/li>\n<li>Bazan, A., Fernandes ; L., Bruxelmane, J., Cannova, L. &amp; Olyff, G. (sous presse). Pulsion de vie et angoisse : leur impact sur le langage. Dans &#8220;Corps et angoisse&#8221;, Cahier n\u00b03 de Cahier de l\u2019Association pour la Psychoth\u00e9rapie Psychanalytique du couple et de la Famille (APPCF &#8211; Bruxelles), Paris, L&#8217;Harmattan.<\/li>\n<li>Bazan, A., Olyff, G., Steinig, J and Van de Vijver, G. (in press). On Rebuses, and on Howie. In The science of Psychoanalysis: The Realizaion of Freud\u2019s Promise Festchrift in Honor of Howard Shevrin. Ipbooks.<\/li>\n<li>Bruxelmane, J., Shin, J., Olyff, G. &amp; Bazan, A. (2020). Eyes Wide Shut: Primary Process Opens Up. Front. Psychol. 11:145. doi: 10.3389\/fpsyg.2020.00145 (IF:2.1)<\/li>\n<li>Bazan, A., Olyff, G., &amp; Bruxelmane, J. (2019). \u00c0 propos des choses et des lettres dans le r\u00eave. Savoirs et clinique, 25, 26-33.<br \/>\nhttp:\/\/hdl.handle.net\/2013\/ULB-DIPOT:oai:dipot.ulb.ac.be:2013\/289278 https:\/\/dipot.ulb.ac.be\/dspace\/bitstream\/2013\/289278\/3\/SC25Aproposdeschosesetdeslettresdanslereve.pdf<\/li>\n<li>Detandt, S., Bazan, A., Schroder, E., Olyff, G., Kajosch, H., Verbanck, P., &amp; Campanella, S. (2017). A smoking-related background helps moderate smokers to focus: An event-related potential study using a Go-NoGo task. Clinical neurophysiology, 128(10), 1872-1885. doi:10.1016\/j.clinph.2017.07.416 http:\/\/hdl.handle.net\/2013\/ULB-DIPOT:oai:dipot.ulb.ac.be:2013\/259748 (IF:3,7)<\/li>\n<\/ul>\n<h2>POSTERS &amp; PRESENTATIONS<\/h2>\n<ul>\n<li>New York, USA, 18.02.2020. Apsaa 2020 National Meeting. Olyff, G., Rocchicioli, L., Bruxelemane, J. &amp; Bazan, A. (2020). On solving rebuses unwittingly, poster presentation<\/li>\n<li>Bruxelles, BE, 19.07.2019. 20th International Neuropsychoanalysis Congress. Olyff, G. &amp; Bazan, A. (2019). Rebus resolution or phonological priming by images?, pr\u00e9sentation sur s\u00e9lection.<\/li>\n<li>Mexico City, ME, 29.08.2018. 19th International Neuropsychoanalysis Congress. Olyff, G. &amp; Bazan, A. (2018). A saw and a truck or a truck and a saw: order doesn\u2019t matter for the primary process. poster selected for oral presentation<\/li>\n<li>London, UK, 13-15.07.2017. 18th International Neuropsychoanalysis Congress. Olyff, G., Detandt, S., &amp; Bazan, A. (2017). On solving rebuses unwittingly. poster selected for plenary data blitz presentation.<\/li>\n<li>Brussels, BE, 31.05.2017. Annual Meeting of the Belgian Association of Psychological Sciences (BAPS). Olyff, G., Detandt, S., &amp; Bazan, A. (2017). On solving rebuses unwittingly. This poster was given a Best Poster Award.<\/li>\n<li>Lille, FR, 29-30\/09\/2016: Annual Meeting of the Soci\u00e9t\u00e9 de Psychophysiologie et de Neurosciences Cognitives : Emotional Brain and Pathology , Detandt, S., Bazan, A., Schroder, E., Olyff, G., Kajosch, H., Verbanck, P., &amp; Campanella, S. (2016). A smoking-related background helps smokers to focus. An Event-Related Potentials study during a Go-NoGo Task in smokers. Poster session.<\/li>\n<li>Boston, USA, 22-25\/07\/2015, 49\u00e8me congr\u00e8s de l&#8217;API. Le monde en mutation. La forme et l\u2019usage des outils psychanalytiques aujourd\u2019hui Detandt, S., Askari, S. A., Olyff, G., &amp; Bazan, A. (2015). L\u2019affect et la pulsion sont-ils distincts ? Vers une autre compr\u00e9hension des addictions. Poster session<\/li>\n<li>New York, USA, 25.07.2014, 15th International Neuropsychoanalysis Congress: Current Neuropsychoanalytic Research: Detandt, S., Askari, S. A., Olyff, G., &amp; Bazan, A. (2014). The parallel dichotomies of drive and affect in psychoanalysis, neurosciences and cognitive psychology. Poster session<\/li>\n<\/ul>\n<h3>31.05. 2017: Giulia Olyff receives a Best Poster Award at the Annual Meeting of the <em>Belgian Association for Psychological Sciences<\/em> (BAPs)\u00a0with her poster<\/h3>\n<p style=\"text-align: center;\">&#8220;On solving word plays unwittingly&#8221; (G. Olyff, S. Detandt and\u00a0A. Bazan).<\/p>\n<p style=\"text-align: center;\"><a href=\"http:\/\/www.arianebazan.be\/wp-content\/uploads\/2013\/04\/poster-giulia-baps-partie.png\"><img loading=\"lazy\" class=\"alignnone size-medium wp-image-1650\" src=\"http:\/\/www.arianebazan.be\/wp-content\/uploads\/2013\/04\/poster-giulia-baps-partie-300x277.png\" alt=\"\" width=\"300\" height=\"277\" srcset=\"https:\/\/www.arianebazan.be\/wp-content\/uploads\/2013\/04\/poster-giulia-baps-partie-300x277.png 300w, https:\/\/www.arianebazan.be\/wp-content\/uploads\/2013\/04\/poster-giulia-baps-partie-768x709.png 768w, https:\/\/www.arianebazan.be\/wp-content\/uploads\/2013\/04\/poster-giulia-baps-partie-1024x946.png 1024w, https:\/\/www.arianebazan.be\/wp-content\/uploads\/2013\/04\/poster-giulia-baps-partie-624x576.png 624w\" sizes=\"(max-width: 300px) 100vw, 300px\" \/><\/a><\/p>\n","protected":false},"excerpt":{"rendered":"<p>in English Giulia Olyff graduated in Clinical Psychology in 2015 at the Universit\u00e9 Libre de Bruxelles (ULB; Belgium). She is a PhD student at the Department of Clinical and Differential Psychology under the supervision of Pr. Dr. Ariane Bazan. Giulia &hellip; <a href=\"https:\/\/www.arianebazan.be\/?page_id=1919\">Continue reading <span class=\"meta-nav\">&rarr;<\/span><\/a><\/p>\n","protected":false},"author":1,"featured_media":0,"parent":2538,"menu_order":0,"comment_status":"closed","ping_status":"closed","template":"","meta":{"spay_email":""},"_links":{"self":[{"href":"https:\/\/www.arianebazan.be\/index.php?rest_route=\/wp\/v2\/pages\/1919"}],"collection":[{"href":"https:\/\/www.arianebazan.be\/index.php?rest_route=\/wp\/v2\/pages"}],"about":[{"href":"https:\/\/www.arianebazan.be\/index.php?rest_route=\/wp\/v2\/types\/page"}],"author":[{"embeddable":true,"href":"https:\/\/www.arianebazan.be\/index.php?rest_route=\/wp\/v2\/users\/1"}],"replies":[{"embeddable":true,"href":"https:\/\/www.arianebazan.be\/index.php?rest_route=%2Fwp%2Fv2%2Fcomments&post=1919"}],"version-history":[{"count":11,"href":"https:\/\/www.arianebazan.be\/index.php?rest_route=\/wp\/v2\/pages\/1919\/revisions"}],"predecessor-version":[{"id":3183,"href":"https:\/\/www.arianebazan.be\/index.php?rest_route=\/wp\/v2\/pages\/1919\/revisions\/3183"}],"up":[{"embeddable":true,"href":"https:\/\/www.arianebazan.be\/index.php?rest_route=\/wp\/v2\/pages\/2538"}],"wp:attachment":[{"href":"https:\/\/www.arianebazan.be\/index.php?rest_route=%2Fwp%2Fv2%2Fmedia&parent=1919"}],"curies":[{"name":"wp","href":"https:\/\/api.w.org\/{rel}","templated":true}]}}