{"id":2,"date":"2013-04-11T18:38:25","date_gmt":"2013-04-11T18:38:25","guid":{"rendered":"http:\/\/arianebazan.be\/?page_id=2"},"modified":"2026-02-21T10:35:26","modified_gmt":"2026-02-21T10:35:26","slug":"sample-page","status":"publish","type":"page","link":"https:\/\/www.arianebazan.be\/","title":{"rendered":"The signifier structure and the mathematization of the psyche"},"content":{"rendered":"\n<blockquote class=\"wp-block-quote has-black-color has-white-background-color has-text-color has-background\"><p>\u201cPhonology cannot help but play the same innovative role with respect to social sciences that nuclear physics, for example, has played for all the hard sciences.\u201d&nbsp;<\/p><cite>L\u00e9vi-Strauss,&nbsp;<em>Anthropologie structurale<\/em>, Paris: Plon 1958, p. 39.<\/cite><\/blockquote>\n\n\n\n<hr class=\"wp-block-separator has-alpha-channel-opacity\"\/>\n\n\n<p><!-- \/wp:paragraph --><\/p>\n<p><!-- wp:paragraph --><\/p>\n<p><!-- \/wp:paragraph --><\/p>\n<p><!-- wp:heading {\"level\":1,\"fontSize\":\"x-large\"} --><\/p>\n<h1 class=\"has-x-large-font-size\">Actualit\u00e9s &#8211; What&#8217;s new?<\/h1>\n<p><!-- \/wp:heading --><\/p>\n<p><!-- wp:heading --><\/p>\n<p><!-- \/wp:heading --><!-- wp:heading {\"level\":1,\"fontSize\":\"x-large\"} --><\/p>\n<p><!-- \/wp:heading --><\/p>\n<p><!-- wp:paragraph {\"backgroundColor\":\"pale-cyan-blue\"} --><\/p>\n<p><!-- \/wp:paragraph --><\/p>\n<p><!-- wp:paragraph {\"backgroundColor\":\"light-green-cyan\"} --><\/p>\n<p class=\"has-light-green-cyan-background-color has-background\"><strong>5 oct. 2025 <a href=\"https:\/\/www.youtube.com\/playlist?list=PLhrMMof5MHptDX0of-llmZS_tyHqupqyX\">L&#8217;esprit <\/a><a href=\"https:\/\/www.youtube.com\/playlist?list=PLhrMMof5MHptDX0of-llmZS_tyHqupqyX\" target=\"_blank\" rel=\"noreferrer noopener\">Curieux<\/a> &#8230;je suis tr\u00e8s heureuse d&#8217;avoir \u00e9t\u00e9 interview\u00e9 par le vif et intelligent \u00e9tudiant @Kaourantin RAJRAJI, encore toujours qu&#8217;en Licence 2 de l&#8217;Universit\u00e9 d&#8217;Aix-Marseille, et ce sur mon sujet de pr\u00e9dilection, les fant\u00f4mes phon\u00e9miques.<\/strong><\/p>\n<p><!-- \/wp:paragraph --><\/p>\n<p><!-- wp:paragraph {\"align\":\"left\"} --><\/p>\n<p class=\"has-text-align-left\"><iframe loading=\"lazy\" title=\"Les Fant\u00f4mes Phon\u00e9miques : Comment Le Langage Structure L&#039;inconscient - Ariane Bazan\" width=\"584\" height=\"329\" src=\"https:\/\/www.youtube.com\/embed\/5LFtlHECI34?feature=oembed\" frameborder=\"0\" allow=\"accelerometer; autoplay; clipboard-write; encrypted-media; gyroscope; picture-in-picture; web-share\" referrerpolicy=\"strict-origin-when-cross-origin\" allowfullscreen><\/iframe><\/p>\n<p><a href=\"https:\/\/www.canva.com\/design\/DAG42PjpNEI\/oIigq03fTezOlXT8UxcRZg\/watch?utm_content=DAG42PjpNEI&amp;utm_campaign=designshare&amp;utm_medium=link2&amp;utm_source=uniquelinks&amp;utlId=h3ee99b6873\" target=\"_blank\" rel=\"noopener\">https:\/\/www.canva.com\/design\/DAG42PjpNEI\/oIigq03fTezOlXT8UxcRZg\/watch?utm_content=DAG42PjpNEI&amp;utm_campaign=designshare&amp;utm_medium=link2&amp;utm_source=uniquelinks&amp;utlId=h3ee99b6873<\/a><\/p>\n<p><!-- \/wp:paragraph --><\/p>\n<p><!-- wp:paragraph --><\/p>\n<p><!-- \/wp:paragraph --><\/p>\n<p><!-- wp:heading {\"level\":1,\"fontSize\":\"x-large\"} --><\/p>\n<h1 class=\"has-x-large-font-size\">Media<\/h1>\n<p><!-- \/wp:heading --><\/p>\n<p><!-- wp:heading --><\/p>\n<p>J&#8217;ai \u00e9t\u00e9 i<span lang=\"FR-BE\">nterview\u00e9e dans l&#8217;ouvrage\u00a0<i>Visages de la recherche contemporaine<\/i>\u00a0(Fabien Nogier, \u00c9ditions Mat\u00e9riologiques, 2026).\u00a0<\/span><span lang=\"FR-BE\">T\u00e9moignage parmi les 55 chercheurs interrog\u00e9s sur les d\u00e9fis de la recherche publique fran\u00e7aise.<\/span><\/p>\n<p><span lang=\"FR-BE\"><span id=\"OBJ_PREFIX_DWT1555_com_zimbra_url\" class=\"Object\" role=\"link\"><span id=\"OBJ_PREFIX_DWT1575_com_zimbra_url\" class=\"Object\" role=\"link\"><a href=\"https:\/\/www.materiologiques.com\/visages-de-la-recherche-contemporaine-\" target=\"_blank\" rel=\"nofollow noopener noreferrer\">https:\/\/www.materiologiques.com\/visages-de-la-recherche-contemporaine-<\/a><\/span><\/span><\/span><\/p>\n<h2>\u00a0<\/h2>\n<h2>Weetikveel, Podcast, Seizoen 13, Afl.10, 44 min : Psychoanalyse<\/h2>\n<p><!-- \/wp:heading --><\/p>\n<p><!-- wp:paragraph {\"backgroundColor\":\"luminous-vivid-orange\"} --><\/p>\n<p class=\"has-luminous-vivid-orange-background-color has-background\"><strong>11.07.2025 : Sigmund Freud was de grondlegger van de psychoanalyse. Deze therapievorm gaat ervan uit dat mensen onbewuste gevoelens en verlangens hebben die hun gedrag be\u00efnvloeden. De droom is volgens deze aanpak de kortste weg naar het onbewuste. Hoe werkt psychoanalyse vandaag en hoe wetenschappelijk is deze therapie? Ariane Bazan is klinisch psychologe met een eigen praktijk als psychoanalytica. Presentatoren:Kobe Ilsen &#8211; Gasten:Ariane Bazan<\/strong><\/p>\n<p><!-- \/wp:paragraph --><\/p>\n<p><!-- wp:paragraph {\"backgroundColor\":\"luminous-vivid-amber\"} --><\/p>\n<p class=\"has-luminous-vivid-amber-background-color has-background\"><a href=\"https:\/\/www.vrt.be\/vrtmax\/podcasts\/radio-1\/-\/-weetikveel\/13\/psychoanalyse\/\" target=\"_blank\" rel=\"noreferrer noopener\"><strong>https:\/\/www.vrt.be\/vrtmax\/podcasts\/radio-1\/-\/-weetikveel\/13\/psychoanalyse\/<\/strong><\/a><\/p>\n<p><!-- \/wp:paragraph --><\/p>\n<p><!-- wp:heading --><\/p>\n<h2>GENOTPRAAT, Spotify<\/h2>\n<p><!-- \/wp:heading --><\/p>\n<p><iframe loading=\"lazy\" style=\"border-radius: 12px;\" src=\"https:\/\/open.spotify.com\/embed\/episode\/3QW3e3D2AVklVCfRSjXeDB?utm_source=generator\" width=\"100%\" height=\"352\" frameborder=\"0\" allowfullscreen=\"allowfullscreen\"><\/iframe><\/p>\n<p><!-- wp:paragraph --><\/p>\n<p><!-- \/wp:paragraph --><\/p>\n<p><!-- wp:paragraph --><\/p>\n<p>I was interviewed by Peter Woditsch in this film.<\/p>\n<p><!-- \/wp:paragraph --><\/p>\n<p><!-- wp:image {\"id\":3777,\"sizeSlug\":\"large\",\"linkDestination\":\"media\"} --><\/p>\n<figure class=\"wp-block-image size-large\"><a href=\"https:\/\/www.arianebazan.be\/wp-content\/uploads\/2025\/04\/fa5dbab8-163a-2aee-9388-d5055fd35bdb.jpeg\"><img loading=\"lazy\" width=\"724\" height=\"1024\" class=\"wp-image-3777\" src=\"https:\/\/www.arianebazan.be\/wp-content\/uploads\/2025\/04\/fa5dbab8-163a-2aee-9388-d5055fd35bdb-724x1024.jpeg\" alt=\"\" srcset=\"https:\/\/www.arianebazan.be\/wp-content\/uploads\/2025\/04\/fa5dbab8-163a-2aee-9388-d5055fd35bdb-724x1024.jpeg 724w, https:\/\/www.arianebazan.be\/wp-content\/uploads\/2025\/04\/fa5dbab8-163a-2aee-9388-d5055fd35bdb-212x300.jpeg 212w, https:\/\/www.arianebazan.be\/wp-content\/uploads\/2025\/04\/fa5dbab8-163a-2aee-9388-d5055fd35bdb-768x1086.jpeg 768w, https:\/\/www.arianebazan.be\/wp-content\/uploads\/2025\/04\/fa5dbab8-163a-2aee-9388-d5055fd35bdb-1086x1536.jpeg 1086w, https:\/\/www.arianebazan.be\/wp-content\/uploads\/2025\/04\/fa5dbab8-163a-2aee-9388-d5055fd35bdb.jpeg 1448w\" sizes=\"(max-width: 724px) 100vw, 724px\" \/><\/a><\/figure>\n<p><!-- \/wp:image --><\/p>\n<p><!-- wp:paragraph --><\/p>\n<p><!-- \/wp:paragraph --><\/p>\n<p><!-- wp:paragraph --><\/p>\n<p><!-- \/wp:paragraph --><\/p>\n<p><!-- wp:heading {\"level\":1,\"fontSize\":\"x-large\"} --><\/p>\n<h1 class=\"has-x-large-font-size\">Communications<\/h1>\n<p><!-- \/wp:heading --><\/p>\n<p><!-- wp:heading --><\/p>\n<h2>Ariane Bazan is director of\u00a0<a href=\"http:\/\/interpsy.univ-lorraine.fr\/membres\/\" target=\"_blank\" rel=\"noopener noreferrer\">INTERPSY<\/a> at the Universit\u00e9 de Lorraine in Nancy.<\/h2>\n<p><!-- \/wp:heading --><\/p>\n<p><!-- wp:group --><\/p>\n<div class=\"wp-block-group\"><!-- wp:columns -->\n<p>\u00a0<\/p>\n<div class=\"wp-block-columns\">\n<div class=\"wp-block-column\" style=\"flex-basis: 100%;\">\n<p class=\"has-white-color has-text-color has-background has-medium-font-size\" style=\"background-color: #5b7884;\"><kbd>Il y a r\u00e9guli\u00e8rement des opportunit\u00e9s de stages de recherche, parfois de fa\u00e7on gratifi\u00e9e, ainsi que de co-tutelles de th\u00e8se en neuropsychanalyse au sein de l'Universit\u00e9 de Lorraine. (voir l'onglet 'Recherche') <br \/>Pour info: Ariane.Bazan@univ-lorraine.fr<\/kbd><\/p>\n<p><!-- \/wp:paragraph --><\/p>\n<\/div>\n<p><!-- \/wp:column --><\/p>\n<\/div>\n<p><!-- \/wp:columns --><\/p>\n<p><!-- wp:columns --><\/p>\n<div class=\"wp-block-columns\"><!-- wp:column {\"width\":\"100%\"} -->\n<p>\u00a0<\/p>\n<div class=\"wp-block-column\" style=\"flex-basis: 100%;\"><!-- wp:group -->\n<p>\u00a0<\/p>\n<div class=\"wp-block-group\">\n<p class=\"has-white-color has-text-color has-background has-medium-font-size\" style=\"background-color: #2789b3;\"><kbd>There are regular opportunities for research internships, sometimes financially rewarded, as well as for co-supervision of theses in neuropsychoanalysis at the Universit\u00e9 de Lorraine. (see the 'Research' tab)<br \/>For information: Ariane.Bazan@univ-lorraine.fr<\/kbd><\/p>\n<p><!-- \/wp:paragraph --><\/p>\n<p><!-- wp:paragraph --><\/p>\n<p><!-- \/wp:paragraph --><\/p>\n<\/div>\n<p><!-- \/wp:group --><\/p>\n<\/div>\n<p><!-- \/wp:column --><\/p>\n<\/div>\n<p><!-- \/wp:columns --><\/p>\n<p><!-- wp:paragraph --><\/p>\n<p><!-- \/wp:paragraph --><\/p>\n<\/div>\n<p><!-- \/wp:group --><\/p>\n<p><!-- wp:paragraph --><\/p>\n<p><!-- \/wp:paragraph --><\/p>\n<p><!-- wp:paragraph --><\/p>\n<p><!-- \/wp:paragraph --><\/p>\n<p><!-- wp:paragraph --><\/p>\n<p><!-- \/wp:paragraph --><\/p>\n<p><!-- wp:heading {\"level\":1,\"align\":\"center\"} --><\/p>\n<p><!-- \/wp:heading --><\/p>\n<p><!-- wp:paragraph {\"backgroundColor\":\"vivid-red\",\"textColor\":\"white\"} --><\/p>\n<p class=\"has-white-color has-vivid-red-background-color has-text-color has-background\">There is an interesting junior professor position in neuropsychoanalysis (3-5 years) for someone at a postdoctoral stage (PhD in psychology) opening up at the Universit\u00e9 de Lorraine in Nancy, in the form of a &#8216;CPJ&#8217;, &#8220;une chaire de professeur junior&#8221;. Areas of required expertise are : psychoanalysis and clinical psychology and\/or psychopathology &#8211; and brain sciences and\/or cognitive sciences and\/or psycho-neurolinguistics, or associated domains. Any valuable project in the large domain of neuropsychoanalysis is welcome. Doctoral degree and international (postdoc) experience is required as well as a good track record. The position involves about 50 hours of teaching per year; if you don&#8217;t speak French readily there will be adjustments the first year. There is a starting grant of 200k for a doc or a post-doc and the possibility of getting tenured at the end of the three years. The environment is the Interpsy laboratory (A. Bazan, director), which has expertise in psychoanalysis and neuropsychoanalysis, access to an experimental platform (including EEG, eye-tracker, virtual reality) and interdisciplinary collaborations with top level neuroscientists and psycholinguists. Please contact me if interest. Thanks for sharing! Questions or interest:\u00a0<a href=\"mailto:Ariane.Bazan@univ-lorraine.fr\" target=\"_blank\" rel=\"noreferrer noopener\">Ariane.Bazan@univ-lorraine.fr<\/a><\/p>\n<p><!-- \/wp:paragraph --><\/p>\n<p><!-- wp:paragraph --><\/p>\n<p><!-- \/wp:paragraph --><\/p>\n<p><!-- wp:paragraph --><\/p>\n<p><!-- \/wp:paragraph --><\/p>\n<p><!-- wp:heading {\"textAlign\":\"center\"} --><\/p>\n<h2 class=\"has-text-align-center\">PREMIER COLLOQUE INTERNATIONAL DU RFPN<\/h2>\n<p><!-- \/wp:heading --><\/p>\n<p><!-- wp:columns --><\/p>\n<div class=\"wp-block-columns\"><!-- wp:column {\"width\":\"100%\"} -->\n<p>\u00a0<\/p>\n<div class=\"wp-block-column\" style=\"flex-basis: 100%;\"><!-- wp:group -->\n<p>\u00a0<\/p>\n<div class=\"wp-block-group\">\n<div class=\"wp-block-group\">\n<h1 class=\"has-text-align-center\">Dialogues entre psychanalyse et neurosciences:<br \/>une nouvelle approche de la vie psychique<\/h1>\n<p><!-- \/wp:heading --><\/p>\n<p><!-- wp:paragraph {\"align\":\"center\"} --><\/p>\n<p class=\"has-text-align-center\"><em><strong>les 18 et 19 novembre \u00e0 l\u2019Universit\u00e9 de Lorraine (campus SHS) \u00e0 Nancy<\/strong><\/em><\/p>\n<p><!-- \/wp:paragraph --><\/p>\n<p><!-- wp:embed {\"url\":\"https:\/\/youtu.be\/9w5i79XpFHM\",\"type\":\"video\",\"providerNameSlug\":\"youtube\",\"responsive\":true,\"className\":\"wp-embed-aspect-16-9 wp-has-aspect-ratio\"} --><\/p>\n<figure class=\"wp-block-embed is-type-video is-provider-youtube wp-block-embed-youtube wp-embed-aspect-16-9 wp-has-aspect-ratio\">\n<div class=\"wp-block-embed__wrapper\">https:\/\/youtu.be\/9w5i79XpFHM<\/div>\n<\/figure>\n<p><!-- \/wp:embed --><\/p>\n<p><!-- wp:paragraph {\"align\":\"center\"} --><\/p>\n<p class=\"has-text-align-center\">pour tout information voici le site: www.rfpn.cnrs<\/p>\n<p><!-- \/wp:paragraph --><\/p>\n<p><!-- wp:paragraph --><\/p>\n<p><!-- \/wp:paragraph --><\/p>\n<p><!-- wp:paragraph --><\/p>\n<p><!-- \/wp:paragraph --><\/p>\n<p><!-- wp:heading --><\/p>\n<h1>\u00a0<\/h1>\n<p><!-- \/wp:heading --><\/p>\n<\/div>\n<p><!-- \/wp:group --><\/p>\n<\/div>\n<p><!-- \/wp:group --><\/p>\n<\/div>\n<p><!-- \/wp:column --><\/p>\n<\/div>\n<p><!-- \/wp:columns --><\/p>\n<p><!-- wp:paragraph --><\/p>\n<p><!-- \/wp:paragraph --><\/p>","protected":false},"excerpt":{"rendered":"<p>\u201cPhonology cannot help but play the same innovative role with respect to social sciences that nuclear physics, for example, has played for all the hard sciences.\u201d&nbsp;L\u00e9vi-Strauss,&nbsp;Anthropologie structurale, Paris: Plon 1958, p. 39. Actualit\u00e9s &#8211; What&#8217;s new? 5 oct. 2025 L&#8217;esprit &hellip; <a href=\"https:\/\/www.arianebazan.be\/\">Continue reading <span class=\"meta-nav\">&rarr;<\/span><\/a><\/p>\n","protected":false},"author":1,"featured_media":0,"parent":0,"menu_order":0,"comment_status":"open","ping_status":"closed","template":"","meta":{"spay_email":""},"_links":{"self":[{"href":"https:\/\/www.arianebazan.be\/index.php?rest_route=\/wp\/v2\/pages\/2"}],"collection":[{"href":"https:\/\/www.arianebazan.be\/index.php?rest_route=\/wp\/v2\/pages"}],"about":[{"href":"https:\/\/www.arianebazan.be\/index.php?rest_route=\/wp\/v2\/types\/page"}],"author":[{"embeddable":true,"href":"https:\/\/www.arianebazan.be\/index.php?rest_route=\/wp\/v2\/users\/1"}],"replies":[{"embeddable":true,"href":"https:\/\/www.arianebazan.be\/index.php?rest_route=%2Fwp%2Fv2%2Fcomments&post=2"}],"version-history":[{"count":482,"href":"https:\/\/www.arianebazan.be\/index.php?rest_route=\/wp\/v2\/pages\/2\/revisions"}],"predecessor-version":[{"id":3844,"href":"https:\/\/www.arianebazan.be\/index.php?rest_route=\/wp\/v2\/pages\/2\/revisions\/3844"}],"wp:attachment":[{"href":"https:\/\/www.arianebazan.be\/index.php?rest_route=%2Fwp%2Fv2%2Fmedia&parent=2"}],"curies":[{"name":"wp","href":"https:\/\/api.w.org\/{rel}","templated":true}]}}