{"id":2353,"date":"2019-07-09T18:29:52","date_gmt":"2019-07-09T18:29:52","guid":{"rendered":"http:\/\/www.arianebazan.be\/?page_id=2353"},"modified":"2025-04-19T10:25:33","modified_gmt":"2025-04-19T10:25:33","slug":"otherandereautres","status":"publish","type":"page","link":"https:\/\/www.arianebazan.be\/?page_id=2353","title":{"rendered":"Other\/Andere\/Autres"},"content":{"rendered":"\n<p>04.2025, consult\u00e9e par Simon Tibo, journalist pour Veto, le journal estudiantin ind\u00e9pendant de la <em>Katholieke Universiteit Leuven<\/em> (KUL), Belgique : \u201cAchtergrond Seksueel Geweld: 97 procent daders gaat vrijuit: hoe moet het recht omgaan met seksueel geweld?\u201d (\u201cContexte Violence sexuelle : 97 % des auteurs ne sont pas inqui\u00e9t\u00e9s : comment la loi doit-elle traiter la violence sexuelle ?\u201d), <a href=\"https:\/\/www.veto.be\/sociaal\/97-procent-daders-gaat-vrijuit-hoe-moet-het-recht-omgaan-met-seksueel-geweld\/355112\">https:\/\/www.veto.be\/sociaal\/97-procent-daders-gaat-vrijuit-hoe-moet-het-recht-omgaan-met-seksueel-geweld\/355112<\/a><\/p>\n\n\n\n<p class=\"has-black-color has-light-green-cyan-background-color has-text-color has-background\">En Belgique, un \u00e9tudiant de m\u00e9decine a \u00e9t\u00e9 reconnu coupable d&#8217;un viol, mais le juge a ordonn\u00e9 une suspension de peine. Apr\u00e8s une soir\u00e9e festive, la jeune fille l&#8217;avait suivi et fait des avances en l&#8217;embrassant. M\u00eame si elle \u00e9tait visiblement saoule, il avait eut un rapport sexuel avec elle. La culpabilit\u00e9 a \u00e9t\u00e9 prononc\u00e9e puisque la dame n&#8217;\u00e9tait pas en mesure de donner son consentement. Mais les circonstances du viol et la personnalit\u00e9 du jeune homme (&#8216;talentueux et engag\u00e9&#8217;) ont abouti \u00e0 suspension de peine. Ceci a cr\u00e9\u00e9 un \u00e9norme toll\u00e9 en Belgique, y compris sur les m\u00e9dias sociaux sous forme de doxing. Consult\u00e9e, je propose dans ces deux extraits de presse que quand il y a culpabilit\u00e9, la peine a pour le condamn\u00e9 une valeur psychique de r\u00e9demption. Une peine adapt\u00e9e dans ce cas semble une meilleure solution que l&#8217;impunit\u00e9. En effet, l&#8217;impunit\u00e9 n&#8217;offre pas de rempart \u00e0 une pens\u00e9e jouissive sous le mode &#8216;tu t&#8217;en es bien tir\u00e9, finalement, si une nouvelle occasion se pr\u00e9sente, qu&#8217;est ce qui t&#8217;emp\u00eache de recommencer&#8217;. Elle ne permet pas de marquer la transgression et d&#8217;offrir au coupable la marche \u00e0 suivre pour r\u00e9tablir sa l\u00e9gitimit\u00e9 pleine parmi les autres, c&#8217;est \u00e0 dire, cette r\u00e9demption dans l&#8217;\u00e9conomie psychique du coupable. Comme le concept de viol a heureusement \u00e9t\u00e9 \u00e9largi dans la loi et dans les pratiques \u00e0 tous les cas o\u00f9 le consentement n&#8217;est pas donn\u00e9 ou ne peut \u00eatre donn\u00e9, il s&#8217;agit aussi d&#8217;\u00e9largir la palette des peines. Une peine sous forme de conf\u00e9rence de justice restaurative ou de cours obligatoires sur le psychotrauma et\/ou la psychosexualit\u00e9 aurait pu constituer un peine adapt\u00e9e<\/p>\n\n\n\n<\/p>\n<p>Traiter l&#8217;humain et non le deficit : <mark class=\"has-inline-color has-vivid-cyan-blue-color\">Minder oog voor de afwijking en meer voor de mens<br \/><\/mark><a href=\"https:\/\/www.brainwash.nl\/lees\/psychologie\/2023\/ariane-bazan-mentale-diagnose.html\">https:\/\/www.brainwash.nl\/lees\/psychologie\/2023\/ariane-bazan-mentale-diagnos<\/a><a href=\"https:\/\/www.brainwash.nl\/lees\/psychologie\/2023\/ariane-bazan-mentale-diagnose.html\" target=\"_blank\" rel=\"noreferrer noopener\">e<\/a><a href=\"https:\/\/www.brainwash.nl\/lees\/psychologie\/2023\/ariane-bazan-mentale-diagnose.html\">.html<\/a><\/p>\n<p>\n\n\n\n<\/p>\n<p class=\"has-vivid-cyan-blue-background-color has-background\">R\u00e9sum\u00e9 en Fran\u00e7ais de l&#8217;entretien avec Trudi Janssens ci-dessus : Les diagnostics mentaux &#8216;en vogue&#8217; sont en fait des diagnostics sociaux : ils varient avec l&#8217;\u00e9poque et le lieu, \u00e9mergent et disparaissent, et trouvent une forme de traitement dans le regroupement et la revendication sociale. Le traitement mental ne doit pas viser le deficit ou la variation par rapport \u00e0 une norme sociale, mais la souffrance mentale, qui est universelle et intemporelle et a trait \u00e0 deux questions fondamentales, celles de l&#8217;\u00eatre (qui suis-je, qui aurai-je \u00e9t\u00e9, quelle place m&#8217;est il autoris\u00e9 de prendre) et de l&#8217;avoir\/l&#8217;amour (suis-je quelqu&#8217;un qu&#8217;on peut aimer, comment suis-je aim\u00e9.e et comment suis-je aimant.e).<\/p>\n<p>\n\n\n\n<\/p>\n<p>\n\n\n<p><\/p>\n<p>26.05.2023, Radio \u00e9\u00e9n : \u201cEen manier om een trauma te helen is iets cre\u00ebren&#8221;, programma De Wereld van Sofie. Conversation avec Sofie Lemaire sur le r\u00f4le de la cr\u00e9ation et de la cr\u00e9ativit\u00e9 dans l'(auto-)traitement du trauma.<br>https:\/\/radio1.be\/luister\/select\/de-wereld-van-sofie\/psychologe-arian-bazan-een-manier-om-een-trauma-te-helen-is-iets-creeren?fbclid=IwAR1PUuyBzZ5SPvC40mszyINJFu3GqXhNBdrA13t9MVAPuu0QfKbTThZfJ7c<\/p>\n<p><a href=\"http:\/\/www.arianebazan.be\/wp-content\/uploads\/2023\/06\/la_croix_education_positive_les_parents_deboussoles_p2.pdf\" target=\"_blank\" rel=\"noopener\">19.05.2023, Paula Pinto Gomes, La Croix, cit\u00e9e entant que repr\u00e9sentante de l&#8217;effort interdisciplinaire entre psychanalyse et neurosciences dans \u00ab \u00c9ducation positive, les parents d\u00e9boussol\u00e9s \u00bb, pp. 2-3<\/a>.<\/p>\n<p><a href=\"http:\/\/www.arianebazan.be\/wp-content\/uploads\/2023\/06\/Losbandigheid-Ariane-Bazan.pdf\" target=\"_blank\" rel=\"noopener\">30.08.2022, Interview, De Jonge, S. \u00ab Als je je fantasie\u00ebn in bed kunt beleven, heb je minder ruzie met je buur of je baas \u00bb<\/a><\/p>\n\n\n<p><a rel=\"noreferrer noopener\" href=\"https:\/\/www.standaard.be\/cnt\/dmf20211101_97865830?&amp;articlehash=BcQX7R3s0aCkNDyGl97PgtV61v%2F7x%2B4L%2BQoQ3Jef0mLGeQb3kYP3Oi4QBZN3sxfhWRCBH57v3Y1TsCF8d%2BTUjQ5WJ%2BIYeWaCT25%2B29qQmE%2FXR%2F19VyqyE839UbL2%2FNzN3D6whqmaSE05dPyiuXkz1Yy%2BAErmKD0MQEFQG7EtcscVBlMyMT0bx6%2FZJ%2FjESUSXirQ1pP3Yl2TJH2f9C0O%2FAvgcY8AQKdinb8n%2BD9oTRAhmI74NpWclhfLEXBntGq5m2mEIbI3J1lhVi5ExIYnaJsuclwIKltT6reP3TE3lSvCFCNeijNWH%2F6m9HMlbWUN8EZxCTvT620%2BnvGxn6Vumfg%3D%3D\" target=\"_blank\">Vannheule, S., Devisch, I., Bracke, P., Bazan, A., &amp; Calmeyn, M. (2021). Hoe breed moet je een adviescommissie dan samenstellen. Brief van de dag. De Standaard, 02.11.2021.<\/a><\/p>\n\n\n\n<figure class=\"wp-block-image size-large is-resized is-style-rounded\"><a href=\"https:\/\/www.arianebazan.be\/wp-content\/uploads\/2021\/10\/ln24-23-09-2021-scaled.jpg\"><img loading=\"lazy\" src=\"https:\/\/www.arianebazan.be\/wp-content\/uploads\/2021\/10\/ln24-23-09-2021-1024x461.jpg\" alt=\"\" class=\"wp-image-2978\" width=\"512\" height=\"231\" srcset=\"https:\/\/www.arianebazan.be\/wp-content\/uploads\/2021\/10\/ln24-23-09-2021-1024x461.jpg 1024w, https:\/\/www.arianebazan.be\/wp-content\/uploads\/2021\/10\/ln24-23-09-2021-300x135.jpg 300w, https:\/\/www.arianebazan.be\/wp-content\/uploads\/2021\/10\/ln24-23-09-2021-768x346.jpg 768w, https:\/\/www.arianebazan.be\/wp-content\/uploads\/2021\/10\/ln24-23-09-2021-1536x691.jpg 1536w, https:\/\/www.arianebazan.be\/wp-content\/uploads\/2021\/10\/ln24-23-09-2021-2048x922.jpg 2048w, https:\/\/www.arianebazan.be\/wp-content\/uploads\/2021\/10\/ln24-23-09-2021-500x225.jpg 500w\" sizes=\"(max-width: 512px) 100vw, 512px\" \/><\/a><figcaption><a rel=\"noreferrer noopener\" href=\"https:\/\/fb.watch\/8o87RaJLgp\/\" target=\"_blank\">L&#8217;invit\u00e9e des Visiteurs du Soir sur LN24 avec Jim Nejman, le jeudi 23 septembre 2021<\/a><\/figcaption><\/figure>\n\n\n\n<p><a rel=\"noopener noreferrer\" href=\"https:\/\/www.vice.com\/fr\/article\/z3xnve\/notre-fascination-pour-le-true-crime?fbclid=IwAR2_-lSNtmMoEop8jUEd-k2eR2hvqRU7SqHxskoAxdR1NG6bfn9MUMy9yAU\" target=\"_blank\">12.05.2021, Selleslag, H. \u00ab&nbsp;D\u2019o\u00f9 vient notre fascination pour le true crime&nbsp;?&nbsp;\u00bb, Vice.&nbsp;<\/a><\/p>\n\n\n\n<p>06.05.2021, Bazan, A. \u00ab&nbsp;L\u2019aide m\u00e9dicale \u00e0 mourir en cas de troubles mentaux&nbsp;: le\u00e7ons de l\u2019exp\u00e9rience belge&nbsp;\u00bb, Policy Options Politiques.<\/p>\n\n\n\n<p>20.06.2018, Bazan, A. De spiermannen van Vesalius, Ode kennis en wetenschap, https:\/\/bijnaderinzien.com\/2018\/06\/20\/een-kleine-ode-aan-snellius-partitiones-physicae\/<\/p>\n\n\n\n<div class=\"wp-container-1 wp-block-group has-vivid-purple-background-color has-background\"><div class=\"wp-block-group__inner-container\">\n<p class=\"has-white-color has-vivid-purple-background-color has-text-color has-background\">In 1547 wordt Rudolph Snellius geboren te Oudewater. Deze hoogleraar in de wiskunde en oude talen te Leiden is zelf een leerling van de Duitse arts Bruno Siedel, die zich beroept op de nieuwste anatomische inzichten. In 1543 publiceert Andreas Vesalius zijn&nbsp;<em>De humani corporis fabrica<\/em>. Vesalius\u2019 spiermannen ontketenen een revolutie van het denken, vergelijkbaar met de dynamische breinbeelden vandaag. Ze brengen het materiaal voor de anatomische bijlage die de Lutheraanse hervormer Philippe Melanchthon toevoegt aan zijn commentaar op Aristoteles\u2019&nbsp;<em>De anima<\/em>.<\/p>\n\n\n\n<p class=\"has-white-color has-text-color\">Deze \u2018voetnoot\u2019 doet Aristoteles kantelen: de anatomische tekeningen tonen dat niet \u00e9\u00e9n van de hi\u00ebrarchische opsplitsingen van de ziel het lichaam beweegt, maar dat doet het lichaam zelf, met georganiseerde spieren en zenuwen om deze spieren te besturen. Maar als de beweging wordt onttrokken uit de ziel, wat is de ziel dan nog?<\/p>\n\n\n\n<p class=\"has-white-color has-text-color\">Snellius publiceert in 1594&nbsp;<em>Partitiones Physicae<\/em>, waarin hij lichaam en ziel definieert: \u201cDe rationele ziel van de mens is de gedachte die, vervoegd aan het lichaam, de mens vervolledigt. De fysieke dingen meer verwant aan de natuurlijke lichamen die op natuurlijke wijze bewegen, hebben een uitgebreidheid en om deze reden bezetten ze een ruimte. Het vermogen van de rationele ziel is de gedachte of wil. Denken is het vermogen van de ziel om te redeneren en te denken over dingen die zijn en die niet zijn.\u201d. Dit legt, v\u00f3\u00f3r Descartes\u2019 dualisme, de grondvesten voor een nieuwe mensvisie,&nbsp;<em>homo duplex<\/em>, waarvan de leer, de&nbsp;<em>anthropologia<\/em>&nbsp;wordt opgedeeld in enerzijds&nbsp;<em>anatomia<\/em>&nbsp;en anderzijds \u2013 en voor het eerst \u2013&nbsp;<em>psychologia<\/em>.<\/p>\n\n\n\n<p class=\"has-white-color has-text-color\"><em>Dit is een aflevering uit de rubriek \u2018Een Kleine Ode Aan\u2019. In ongeveer 250 woorden looft een Nederlandse of Vlaamse auteur een al dan niet vergeten filosofisch pareltje.<\/em><\/p>\n\n\n\n<h4 class=\"has-white-color has-text-color\">Verder lezen<\/h4>\n\n\n\n<p class=\"has-white-color has-text-color\">Bazan, A. (2011). The grand challenge for psychoanalysis \u2013 and neuropsychoanalysis: taking on the game.&nbsp;<em>Frontiers in Psychology,<\/em>&nbsp;<em>2,220<\/em>.&nbsp;<a href=\"https:\/\/www.frontiersin.org\/articles\/10.3389\/fpsyg.2011.00220\/full\">doi: 10.3389\/fpsyg.2011.00220<\/a>.<br><a href=\"https:\/\/www.frontiersin.org\/articles\/10.3389\/fpsyg.2011.00220\/full\">https:\/\/www.frontiersin.org\/articles\/10.3389\/fpsyg.2011.00220\/full<\/a><\/p>\n<\/div><\/div>\n\n\n\n<p><a href=\"https:\/\/www.theviennapsychoanalyst.at\/index.php?start=2&amp;wbkat=8&amp;wbid=1112\" target=\"_blank\" rel=\"noopener noreferrer\">Interview The Vienna Psychoanalyst March 28, 2018<\/a> <a href=\"http:\/\/www.arianebazan.be\/wp-content\/uploads\/2013\/04\/interview-380318-THE-VIENNA-PSYCHOANALYST.pdf\" target=\"_blank\" rel=\"noopener noreferrer\">PDF interview here<\/a><\/p>\n\n\n\n<p><a href=\"https:\/\/tonic.vice.com\/nl\/article\/wj4dkw\/dit-zijn-de-mensen-die-jongeren-met-een-doodswens-helpen\" target=\"_blank\" rel=\"noopener noreferrer\">Sonnemans, A. (2018). Dit zijn de mensen die jongeren met een doodswens helpen. In gesprek met een voorstander en een tegenstander van euthanasie bij psychisch lijden. Tonic,health platform van VICE, Amsterdam, 09.02.2018<\/a>.<\/p>\n\n\n\n<p><em>&#8220;Er zijn geen objectieve redenen om te leven. Voor elke reden die je bedenkt, is er altijd iemand die dat niet heeft. Het is daarom de plicht van alle mensen om elkaar voortdurend tot het leven te verleiden. Wie de vraag stelt: dood mij, vraagt de ander om aan deze plicht te verzaken.&#8221;<\/em><\/p>\n\n\n\n<p><a href=\"https:\/\/www.la-croix.com\/Sciences-et-ethique\/Ethique\/En-quinze-ans-leuthanasie-sest-banalisee-Belgique-2017-12-05-1200897044\" target=\"_blank\" rel=\"noopener noreferrer\">Besmond de Senneville, A. (2017), En quinze ans, l&#8217;euthanasie s&#8217;est banalis\u00e9e en Belgique. La Croix, p.8-9.<\/a><\/p>\n\n\n\n<p><a href=\"https:\/\/sociaal.net\/opinie\/dwang-mag-nooit-een-noodzaak-zijn\/\" target=\"_blank\" rel=\"noopener noreferrer\">Verhaeghe, T. &amp; Bazan, 1. (2017), Dwang mag nooit een noodzaak zijn, Kinder- en jeugdpsychiatrie onder de loep. Sociaal.net&nbsp;&nbsp;26.11.2017<\/a><\/p>\n\n\n\n<p><em>Ruim 1 op 7 van de jongeren werd tijdens hun opname in de kinder- en jeugdpsychiatrie vastgebonden of opgesloten. Een veel te hoog cijfer.<\/em><\/p>\n\n\n\n<p><a href=\"https:\/\/www.demorgen.be\/opinie\/verbod-op-eenzame-opsluiting-bij-kinderen-onder-de-16-jaar-kan-krachtige-motor-zijn-voor-verandering-in-kinderpsychiatrie-bab39fce\/\" target=\"_blank\" rel=\"noopener noreferrer\">Bazan, A. &amp; Verhaege, T. (2017), Verbod op eezame opluiting bij kinderen onder de 16 jaar kan krachtige motor zijn voor verandering in kinderpsychiatrie. De Morgen.&nbsp;27.10.2017<\/a><\/p>\n\n\n\n<p><em>Kollectief Zonder Dwang reageert op rapport Vlaamse Zorginspectie<\/em><\/p>\n\n\n\n<p><a href=\"https:\/\/gallery.mailchimp.com\/85e5827aac58311a9630281be\/files\/31725266-94ee-43ac-99bf-4085de5915ec\/2017_09_14_Le_Soir_euthanasie.pdf\">14.09.2017, Journal Le Soir: Le d\u00e9bat du jour \u201cFaut-il \u00e9largir les conditions d\u2019acc\u00e8s \u00e0 l\u2019euthanasie?\u201d<\/a><\/p>\n\n\n\n<p><a href=\"https:\/\/www.nrc.nl\/nieuws\/2017\/03\/10\/hij-laat-geen-angst-zien-voor-de-macht-7293543-a1549737\">de Koning, P. ( 2017). Angst voor de macht? Wilders laat er niks van zien. NRC Handelsblad. Nrc.nl. 10.03.2017<\/a><\/p>\n\n\n\n<p><a href=\"http:\/\/www.standaard.be\/cnt\/dmf20180228_03383532\" target=\"_blank\" rel=\"noopener noreferrer\">Bazan, A. (2017), Plus de sorci\u00e8res et moins de barbares. <em>&nbsp;La Revue Nouvelle, 5,<\/em> dossier &#8220;A tous nos monstres&#8221;, online.<\/a><\/p>\n\n\n\n<p><em>Qu\u2019est-ce qui fait la monstruosit\u00e9 humaine ? Sommes-nous tous monstrueux ? Partant du principe d\u2019une potentialit\u00e9 monstrueuse en chacun de nous, il s\u2019agit de comprendre le basculement dans la monstruosit\u00e9. Cela n\u00e9cessite, d\u2019une part, une analyse des formes de violence et, d\u2019autre part, d\u2019interroger ce qui fait le lien social.<\/em><\/p>\n\n\n\n<p><a href=\"http:\/\/www.standaard.be\/cnt\/dmf20180228_03383532\" target=\"_blank\" rel=\"noopener noreferrer\">Maes, R. &amp; Kolowski. G., (2017), A tous nos montres, <em>La Revue nouvelle, 5<\/em><\/a><\/p>\n\n\n\n<p><em>Entretien avec Renaud Maes<\/em><\/p>\n\n\n\n<p><em>Ariane Bazan revient elle aussi sur les monstres humains, dans une analyse qui fait \u00e9cho au texte de Paola St\u00e9venne. Elle sugg\u00e8re que nous avons tous en nous la potentialit\u00e9 d\u2019\u00eatre un monstre, que cette potentialit\u00e9 est inh\u00e9rente \u00e0 l\u2019\u00eatre humain. Ce qui nous retient d\u2019un basculement dans les formes les plus absolues de violence, c\u2019est la possibilit\u00e9 d\u2019une s\u00e9duction amenant \u00e0 tisser des liens avec d\u2019autres\u2026 Humiliation et isolement produisent des monstres, mais il y a moyen de contrer ces processus. Sans pour autant croire dans la chim\u00e8re d\u2019une soci\u00e9t\u00e9 sans violence et en partant du principe que \u00ab rien n\u2019est jamais acquis \u00e0 l\u2019homme \u00bb.<\/em><\/p>\n\n\n\n<p><a href=\"https:\/\/www.bcnbp.org\/index.php\/events\/bcnbp\/national-day-pain-incurability-and-euthanasia\" target=\"_blank\" rel=\"noopener noreferrer\">09\/12\/2016, Intervention at the Belgian College of Neuropsychopharmacology and Biological Psychiatry National Day: \u2018Pain, incurability and euthanasia<\/a><\/p>\n\n\n\n<p><a href=\"http:\/\/indrukmagazine.be\/interview\/een-moeder-kan-haar-kind-alleen-maar-misvormen\" target=\"_blank\" rel=\"noopener noreferrer\">November 2016, Journal In druk (Bruzz), interview\u00e9e par Ken Lambeets dans un portrait intitul\u00e9 \u00ab&nbsp;<em>Een moeder kan haar kind alleen maar misvormen&nbsp;<\/em>\u00bb <\/a><\/p>\n\n\n\n<p><a href=\"https:\/\/mirariproject.com\/2016\/11\/09\/4-de-onherleidbare-achillespezen-van-de-menselijke-conditie\/\" target=\"_blank\" rel=\"noopener noreferrer\">Bazan, A. (2016), De onherleidnare Achillespezen van de menselijke conditie. Mirari. 09.11.2016<\/a><\/p>\n\n\n\n<p><a href=\"http:\/\/www.elcker-ik.be\/InformCMS\/preview\/index.php?pag_id=550288&amp;cty_id=2085\" target=\"_blank\" rel=\"noopener noreferrer\">Bazan, A. (2016), Euthanasie bij psychisch lijden ondermijnt het veld van de mentale gezondheiszorg<\/a><\/p>\n","protected":false},"excerpt":{"rendered":"<p>04.2025, consult\u00e9e par Simon Tibo, journalist pour Veto, le journal estudiantin ind\u00e9pendant de la Katholieke Universiteit Leuven (KUL), Belgique : \u201cAchtergrond Seksueel Geweld: 97 procent daders gaat vrijuit: hoe moet het recht omgaan met seksueel geweld?\u201d (\u201cContexte Violence sexuelle : &hellip; <a href=\"https:\/\/www.arianebazan.be\/?page_id=2353\">Continue reading <span class=\"meta-nav\">&rarr;<\/span><\/a><\/p>\n","protected":false},"author":1,"featured_media":0,"parent":2244,"menu_order":0,"comment_status":"closed","ping_status":"closed","template":"","meta":{"spay_email":""},"_links":{"self":[{"href":"https:\/\/www.arianebazan.be\/index.php?rest_route=\/wp\/v2\/pages\/2353"}],"collection":[{"href":"https:\/\/www.arianebazan.be\/index.php?rest_route=\/wp\/v2\/pages"}],"about":[{"href":"https:\/\/www.arianebazan.be\/index.php?rest_route=\/wp\/v2\/types\/page"}],"author":[{"embeddable":true,"href":"https:\/\/www.arianebazan.be\/index.php?rest_route=\/wp\/v2\/users\/1"}],"replies":[{"embeddable":true,"href":"https:\/\/www.arianebazan.be\/index.php?rest_route=%2Fwp%2Fv2%2Fcomments&post=2353"}],"version-history":[{"count":39,"href":"https:\/\/www.arianebazan.be\/index.php?rest_route=\/wp\/v2\/pages\/2353\/revisions"}],"predecessor-version":[{"id":3779,"href":"https:\/\/www.arianebazan.be\/index.php?rest_route=\/wp\/v2\/pages\/2353\/revisions\/3779"}],"up":[{"embeddable":true,"href":"https:\/\/www.arianebazan.be\/index.php?rest_route=\/wp\/v2\/pages\/2244"}],"wp:attachment":[{"href":"https:\/\/www.arianebazan.be\/index.php?rest_route=%2Fwp%2Fv2%2Fmedia&parent=2353"}],"curies":[{"name":"wp","href":"https:\/\/api.w.org\/{rel}","templated":true}]}}