{"id":2549,"date":"2021-05-03T16:50:37","date_gmt":"2021-05-03T16:50:37","guid":{"rendered":"http:\/\/www.arianebazan.be\/?page_id=2549"},"modified":"2023-05-05T12:41:56","modified_gmt":"2023-05-05T12:41:56","slug":"viktoriya-vitkova","status":"publish","type":"page","link":"https:\/\/www.arianebazan.be\/?page_id=2549","title":{"rendered":"Viktoriya Vitkova"},"content":{"rendered":"<p><span style=\"font-size: 1rem;\"><a href=\"http:\/\/www.arianebazan.be\/wp-content\/uploads\/2021\/05\/viktoriya-vitkova-photo.jpg\"><img loading=\"lazy\" class=\"size-medium wp-image-2551 aligncenter\" src=\"http:\/\/www.arianebazan.be\/wp-content\/uploads\/2021\/05\/viktoriya-vitkova-photo-300x200.jpg\" alt=\"\" width=\"300\" height=\"200\" srcset=\"https:\/\/www.arianebazan.be\/wp-content\/uploads\/2021\/05\/viktoriya-vitkova-photo-300x200.jpg 300w, https:\/\/www.arianebazan.be\/wp-content\/uploads\/2021\/05\/viktoriya-vitkova-photo-768x513.jpg 768w, https:\/\/www.arianebazan.be\/wp-content\/uploads\/2021\/05\/viktoriya-vitkova-photo-1024x684.jpg 1024w, https:\/\/www.arianebazan.be\/wp-content\/uploads\/2021\/05\/viktoriya-vitkova-photo-624x417.jpg 624w\" sizes=\"(max-width: 300px) 100vw, 300px\" \/><\/a><\/span><\/p>\n<p><span style=\"font-size: 1rem;\">Viktoriya est doctorante en seconde ann\u00e9e de th\u00e8se en cotutelle entre l\u2019Universit\u00e9 de Lorraine (laboratoire Interpsy, Prof. Ariane Bazan) et l\u2019Universit\u00e9 Libre de Bruxelles (laboratoire de Neurophysiologie et Biom\u00e9canique du mouvement, Prof. Ana Maria Cebolla Alvarez).<\/span><\/p>\n<p>Elle est titulaire du Master en <em>Social, Cognitive and Affective Neuroscience<\/em>, obtenu \u00e0 la <em>Freie Universit\u00e4t Berlin<\/em> et du Master en Sciences Psychologiques, \u00e0 finalit\u00e9 psychologie clinique et psychopathologie, obtenu \u00e0 l\u2019Universit\u00e9 Libre de Bruxelles.<\/p>\n<p>Sa double formation refl\u00e8te son go\u00fbt pour l\u2019interdisciplinarit\u00e9 et son souhait de tisser des liens entre la recherche et la pratique clinique, les neurosciences et la psychologie, le corps et l\u2019esprit.<\/p>\n<p>Le sujet de sa th\u00e8se vise \u00e0 \u00e9tudier la relation entre les oscillations alpha, l\u2019inhibition linguistique et les processus primaires et secondaires d\u00e9crits par Freud. A cette fin, elle utilise la technique d\u2019\u00e9lectroenc\u00e9phalographie (EEG), coupl\u00e9e \u00e0 des outils linguistiques d\u00e9velopp\u00e9s par l\u2019\u00e9quipe de Prof. Ariane Bazan dans le but de mesurer de mani\u00e8re objective les processus primaires et secondaires. Le titre provisoire de la th\u00e8se: &#8220;Le r\u00f4le des oscillations alpha dans l\u2019inhibition\/le refoulement de stimuli linguistiques : une \u00e9tude \u00e0 l\u2019interface de la psychanalyse et des neurosciences motrices&#8221;.<\/p>\n<h2><\/h2>\n<h2><strong>PUBLICATIONS<\/strong><\/h2>\n<p><strong><u>2021<\/u><\/strong><\/p>\n<p>Lin, T.-Y., Vitkova, V., Asseyer, S., Serra, I. M., Motamedi, S., Chien, C., \u2026 Zimmermann, H. G. (2021). Increased Serum Neurofilament Light and Thin Ganglion Cell\u2013Inner Plexiform Layer Are Additive Risk Factors for Disease Activity in Early Multiple Sclerosis.\u00a0<i>Neurology &#8211; Neuroimmunology Neuroinflammation<\/i>,\u00a0<i>8<\/i>(5), e1051.\u00a0<a id=\"LPlnk686845\" href=\"https:\/\/doi.org\/10.1212\/NXI.0000000000001051\" target=\"_blank\" rel=\"noopener noreferrer\" data-auth=\"NotApplicable\" data-linkindex=\"0\">https:\/\/doi.org\/10.1212\/NXI.0000000000001051<\/a><\/p>\n<div><b>Abstract<\/b><br \/>\n<b>Objective \u00a0<\/b>To investigate the association of combined serum neurofilament light chain (sNfL) and retinal optical coherence tomography (OCT) measurements with future disease activity in patients with early multiple sclerosis (MS).<\/div>\n<div><b>Methods \u00a0<\/b>We analyzed sNfL by single molecule array technology and performed OCT measurements in a prospective cohort of 78 patients with clinically isolated syndrome and early relapsing-remitting MS with a median (interquartile range) follow-up of 23.9 (23.3\u201324.7) months. Patients were grouped into those with abnormal or normal sNfL levels, defined as sNfL \u2265\/&lt;80th percentile of age-corrected reference values. Likewise, patients were grouped by a median split into those with thin or thick ganglion cell and inner plexiform layer (GCIP), peripapillary retinal nerve fiber layer, and inner nuclear layer in nonoptic neuritis eyes. Outcome parameters were violation of no evidence of disease activity (NEDA-3) criteria or its components.<\/div>\n<div><b>Results\u00a0<\/b>Patients with abnormal baseline sNfL had a higher risk of violating NEDA-3 (hazard ratio [HR] 2.28, 95% CI 1.27\u20134.09, p = 0.006) and developing a new brain lesion (HR 2.47, 95% CI 1.30\u20134.69, p = 0.006), but not for a new relapse (HR 2.21, 95% CI 0.97\u20135.03, p = 0.058). Patients with both abnormal sNfL and thin GCIP had an even higher risk for NEDA-3 violation (HR 3.61, 95% CI 1.77\u20137.36, p = 4.2e\u22124), new brain lesion (HR 3.19, 95% CI 1.51\u20136.76, p = 0.002), and new relapse (HR 5.38, 95% CI 1.61\u201317.98, p = 0.006) than patients with abnormal sNfL alone.<\/div>\n<div><strong>Conclusions<\/strong> In patients with early MS, the presence of both abnormal sNfL and thin GCIP is a stronger risk factor for future disease activity than the presence of each parameter alone.<\/div>\n<p><strong><u>2020<\/u><\/strong><\/p>\n<p>Master thesis : \u201cAlpha synchronization and defense mechanisms\u201d, \u00a0Universit\u00e9 Libre de Bruxelles<\/p>\n<p><strong><u>2018<\/u><\/strong><\/p>\n<p>Master thesis : \u201cOptical Coherence Tomography and Magnetic Resonance Imaging as methods for predicting disease activity in patients with Multiple Sclerosis\u201d, Freie Universit\u00e4t Berlin, Germany<\/p>\n<p><strong><u>2017<\/u><\/strong><\/p>\n<p>Blog post on <a href=\"https:\/\/scanberlin.com\/2017\/07\/23\/master-procrastinators-unite-tomorrow\/\">Procrastination<\/a> written in the frame of a Cognitive and Affective Neuroscience Module.\u00a0Target audience: general public, link: <a href=\"https:\/\/scanberlin.com\/2017\/07\/23\/master-procrastinators-unite-tomorrow\/\">https:\/\/scanberlin.com\/2017\/07\/23\/master-procrastinators-unite-tomorrow\/<\/a><\/p>\n<h2><\/h2>\n<h2><strong>POSTER PRESENTATIONS<\/strong><\/h2>\n<ul>\n<li>FlashTalk during the conference of the Belgian Association of Psychological Sciences in Leuven, 2-3 June 2022: <strong><em>ThinkNothink: a linguistic inhibition task to evaluate psychotic vulnerability.<\/em><\/strong>\n<ul>\n<li>The slides are available on the following link: <a href=\"https:\/\/osf.io\/wumq8\/\">https:\/\/osf.io\/wumq8\/<\/a>.<\/li>\n<li>The abstract S14.2 is available here, page 85: <a href=\"https:\/\/www.baps2022.com\/uploads\/1\/3\/8\/9\/138984452\/baps2022_abstractbook_final_c.pdf\">https:\/\/www.baps2022.com\/uploads\/1\/3\/8\/9\/138984452\/baps2022_abstractbook_final_c.pdf<\/a><\/li>\n<\/ul>\n<\/li>\n<li>Vitkova, V., Thieffry, L., Bruxelmane, J., Van de Vijver, G., Vandekerckhove, M., Cheron, G., CEBOLLA, A., and Bazan, A. <strong><em>ThinkNoThink: a linguistic inhibition task to evaluate psychotic vulnerability<\/em><\/strong>. Scientific day of the Societies, Languages, Time, Knowledge (SLTC) Doctoral School, 5 April 2022.\n<ul>\n<li>Abstract available here: <a href=\"https:\/\/doctorat.univ-lorraine.fr\/sites\/default\/files\/user\/ecoles-doctorales\/SLTC\/VITKOVA%20Viktoriya%20R%C3%A9sum%C3%A9.pdf\">https:\/\/doctorat.univ-lorraine.fr\/sites\/default\/files\/user\/ecoles-doctorales\/SLTC\/VITKOVA%20Viktoriya%20R%C3%A9sum%C3%A9.pdf<\/a><\/li>\n<\/ul>\n<\/li>\n<li>Vitkova, V., Thieffry, L., Bruxelmane, J., Bazan, A., and CEBOLLA, A. <strong><em>NeuroLiT: a new psychometric tool for early detection of psychotic vulnerability. <\/em><\/strong>13<sup>\u00e8me<\/sup> Congr\u00e8s Fran\u00e7ais de Psychiatrie,1-4 December 2021, Montpellier, France.<\/li>\n<li>Vitkova, V., Moghaddamfar, F., Waldhauser, G., Axmacher, N., Bazan, A. <strong><em>Intrapsychic conflict \u2013 slows down thought and interferes with recall\u2026 as if it were wrapped into a psychic envelope?<\/em><\/strong> International colloquium titled \u00ab\u00a0Enveloppes psychiques: nouvelle conceptualisation et \u00e9volution soci\u00e9tale\u00a0\u00bb, 4-6 November 2021, Besan\u00e7on, France.\n<ul>\n<li>Web site of the event: <a href=\"https:\/\/envelopsychique.sciencesconf.org\/\">https:\/\/envelopsychique.sciencesconf.org\/<\/a><\/li>\n<\/ul>\n<\/li>\n<li>Vitkova, V., Bruxelmane, J., Thieffry, L., Cebolla Alvarez, A., Bazan, A. <strong><em>Think or Nothink, that is the question. A study on alpha oscillations in linguistic inhibition.<\/em><\/strong> Scientific day of the Societies, Languages, Time, Knowledge (SLTC) Doctoral School, 22 April 2021.\n<ul>\n<li>Web site of the event : <a href=\"http:\/\/doctorat.univ-lorraine.fr\/fr\/les-ecoles-doctorales\/sltc\/actualites\">http:\/\/doctorat.univ-lorraine.fr\/fr\/les-ecoles-doctorales\/sltc\/actualites<\/a><\/li>\n<li>Abstract: <a href=\"http:\/\/doctorat.univ-lorraine.fr\/sites\/default\/files\/user\/ecoles-doctorales\/SLTC\/VITKOVA%20Re%CC%81sume%CC%81%20%20.pdf\">http:\/\/doctorat.univ-lorraine.fr\/sites\/default\/files\/user\/ecoles-doctorales\/SLTC\/VITKOVA%20Re%CC%81sume%CC%81%20%20.pdf<\/a><\/li>\n<\/ul>\n<\/li>\n<li><strong>11.10.2018 &#8211;<\/strong>Vitkova, V., Zimmermann, H., Ayadi, N., Martorell Serra, I., Koduah,P., Chien, C., Kuchling, J., Gie\u00df, R., Motamedi, S., Gawlik, K., Bellmann-Strobl, J., Ruprecht, K., Scheel, M., Paul, F., Brandt, A., <strong><em>Quantitative OCT and MRI in MS as surrogates for clinical activity based on annual follow-ups<\/em><\/strong>, European committee for treatment and research in multiple sclerosis (ECTRIMS), 2018, Berlin, Germany, Poster 834.\n<ul>\n<li>The abstract, methods and main results can be consulted via the online Scientific Programme on the Conference website, at <a href=\"http:\/\/www.professionalabstracts.com\/ectrims2018\/iplanner\/#\/grid\/1539216000\">http:\/\/www.professionalabstracts.com\/ectrims2018\/iplanner\/#\/grid\/1539216000<\/a>. Click on Poster Session 2, then search for the poster number P834. On the right, there is an icon which allows to open a window containing all relevant information.<\/li>\n<\/ul>\n<\/li>\n<li>Zimmermann, H., Vitkova, V., Martorell Serra, I., Papadopoulou, A., Motamedi, S., Gawlik, K., Gie\u00df, R., Ruprecht, K., Bellmann-Strobl, J., Paul, F., Brandt, A., <strong><em>Temporal dynamics of intra-retinal thickness changes in clinically isolated syndrome and early multiple sclerosis<\/em><\/strong>, European committee for treatment and research in multiple sclerosis (ECTRIMS), 2018, Berlin, Germany, Poster 1157.\n<ul>\n<li>The abstract, methods and main results can be consulted via the online Scientific Programme on the Conference website, at <a href=\"http:\/\/www.professionalabstracts.com\/ectrims2018\/iplanner\/#\/grid\/1539302400\">http:\/\/www.professionalabstracts.com\/ectrims2018\/iplanner\/#\/grid\/1539302400<\/a>. Click on Poster Session 3, then search for the poster number P1157. On the right, there is an icon which allows to open a window containing all relevant information.<\/li>\n<\/ul>\n<\/li>\n<li>Zimmermann, H., Vitkova, V., Ayadi, N., Martorell Serra, I., Bereuter, C., Motamedi, S., Kuchling, J., Asseyer, S., Scheel, M., Ruprecht, K., Bellmann-Strobl, J., Paul, F., Brandt, A., <strong><em>Individual reflection of brain atrophy on intraretinal thickness changes in multiple sclerosis, retinal thickness changes in clinically isolated syndrome and early multiple sclerosis<\/em><\/strong>, European committee for treatment and research in multiple sclerosis (ECTRIMS), 2019, Stockholm, Sweden, Poster 933.\n<ul>\n<li>The abstract, methods and main results can be consulted via the online Scientific Programme on the Conference website, at <a href=\"http:\/\/www.professionalabstracts.com\/ectrims2019\/iplanner\/#\/grid\/1568246400\">http:\/\/www.professionalabstracts.com\/ectrims2019\/iplanner\/#\/grid\/1568246400<\/a>. Click on Poster Session 2, then search for the poster number P933. On the right, there is an icon which allows to open a window containing all relevant information.<\/li>\n<\/ul>\n<\/li>\n<li><strong>21.09.2017, <\/strong>Vitkova, V., Sarrazin, V., <strong><em>Stick to your colors! Perceptual continuity for colors and insights from the world of synesthesia, <\/em><\/strong>Second Conference for Student Research, 2017, Humboldt Universit\u00e4t zu Berlin, Germany.\n<ul>\n<li>Project available here: <a href=\"https:\/\/osf.io\/jaxdp\/\">https:\/\/osf.io\/jaxdp\/<\/a><\/li>\n<li>Poster available at: https:\/\/osf.io\/c6ufp\/<\/li>\n<\/ul>\n<\/li>\n<li>Pressigout, A., Charvillat, A., Fayel, A., Vitkova, V. &amp; Dor\u00e9\u2010Mazars, K., <strong><em>Does conceptual quantity of words affect the spatial coding of saccade responses, like a SNARC effect?<\/em><\/strong> European Conference on Visual Perception (ECVP), 2016, Barcelona, Spain, Poster.\n<ul>\n<li>The abstract is available in the online ECVP Program at <a href=\"http:\/\/www.ub.edu\/ecvp\/sites\/default\/files\/abstracts_book_v2.pdf\">http:\/\/www.ub.edu\/ecvp\/sites\/default\/files\/abstracts_book_v2.pdf<\/a>. Search for poster number [1P039].<\/li>\n<\/ul>\n<\/li>\n<\/ul>\n","protected":false},"excerpt":{"rendered":"<p>Viktoriya est doctorante en seconde ann\u00e9e de th\u00e8se en cotutelle entre l\u2019Universit\u00e9 de Lorraine (laboratoire Interpsy, Prof. Ariane Bazan) et l\u2019Universit\u00e9 Libre de Bruxelles (laboratoire de Neurophysiologie et Biom\u00e9canique du mouvement, Prof. Ana Maria Cebolla Alvarez). Elle est titulaire du &hellip; <a href=\"https:\/\/www.arianebazan.be\/?page_id=2549\">Continue reading <span class=\"meta-nav\">&rarr;<\/span><\/a><\/p>\n","protected":false},"author":1,"featured_media":0,"parent":2538,"menu_order":0,"comment_status":"closed","ping_status":"closed","template":"","meta":{"spay_email":""},"_links":{"self":[{"href":"https:\/\/www.arianebazan.be\/index.php?rest_route=\/wp\/v2\/pages\/2549"}],"collection":[{"href":"https:\/\/www.arianebazan.be\/index.php?rest_route=\/wp\/v2\/pages"}],"about":[{"href":"https:\/\/www.arianebazan.be\/index.php?rest_route=\/wp\/v2\/types\/page"}],"author":[{"embeddable":true,"href":"https:\/\/www.arianebazan.be\/index.php?rest_route=\/wp\/v2\/users\/1"}],"replies":[{"embeddable":true,"href":"https:\/\/www.arianebazan.be\/index.php?rest_route=%2Fwp%2Fv2%2Fcomments&post=2549"}],"version-history":[{"count":17,"href":"https:\/\/www.arianebazan.be\/index.php?rest_route=\/wp\/v2\/pages\/2549\/revisions"}],"predecessor-version":[{"id":3188,"href":"https:\/\/www.arianebazan.be\/index.php?rest_route=\/wp\/v2\/pages\/2549\/revisions\/3188"}],"up":[{"embeddable":true,"href":"https:\/\/www.arianebazan.be\/index.php?rest_route=\/wp\/v2\/pages\/2538"}],"wp:attachment":[{"href":"https:\/\/www.arianebazan.be\/index.php?rest_route=%2Fwp%2Fv2%2Fmedia&parent=2549"}],"curies":[{"name":"wp","href":"https:\/\/api.w.org\/{rel}","templated":true}]}}