{"id":2906,"date":"2021-08-28T05:39:08","date_gmt":"2021-08-28T05:39:08","guid":{"rendered":"http:\/\/www.arianebazan.be\/?page_id=2906"},"modified":"2023-05-05T12:44:17","modified_gmt":"2023-05-05T12:44:17","slug":"themes-de-recherches-doctorales-et-postdoctorales","status":"publish","type":"page","link":"https:\/\/www.arianebazan.be\/?page_id=2906","title":{"rendered":"Th\u00e8mes de recherches doctorales et postdoctorales"},"content":{"rendered":"<h1><\/h1>\n<p>Le but de mon engagement intellectuel et de chercheuse est de contribuer \u00e0 une architecture de l\u2019appareil psychique qui soit \u00e0 proprement parler mentale. \u00ab\u00a0Des id\u00e9es s\u2019associent avec d\u2019autres id\u00e9es, et en r\u00e9sultent de nouvelles id\u00e9es\u00a0\u00bb disait en substance le philosophe John-Stuart Mill et il faut comprendre que ces nouvelles id\u00e9es peuvent aussi venir \u00e0 partir des seules id\u00e9es qui les ont pr\u00e9c\u00e9d\u00e9es, sans autre source \u2018externe\u2019 ou h\u00e9t\u00e9rog\u00e8ne aux repr\u00e9sentations. Il y a une organisation \u00e0 part enti\u00e8re des id\u00e9es \u2013 qui est tant dynamique que structurelle \u2013 et c\u2019est cette organisation-l\u00e0 qui constitue l\u2019architecture psychique. En d\u2019autres termes, il s\u2019agit de penser la psychologie comme une science \u00e0 part enti\u00e8re, et non \u00e0 partir des r\u00e9f\u00e9rents neurologiques (biologie) ou environnementaux\/sociaux (sociologie). Nous ne sommes d\u00e9termin\u00e9s ni par le corps ni par l\u2019environnement dans lesquels nous naissons\u00a0: quel que soit ce corps et quel que soit ce contexte, il y a une marge de libert\u00e9 quant \u00e0 notre devenir: cette marge de libert\u00e9 a une organisation, c\u2019est l\u2019organisation mentale.<\/p>\n<p>Pour ma pens\u00e9e et pour ma recherche, je prends appui sur la m\u00e9tapsychologie Freudienne (et singuli\u00e8rement sur l\u2019<em>Esquisse pour une psychologie Scientifique<\/em>, 1895), la fa\u00e7on dont Jacques Lacan l\u2019a relue pr\u00e9cis\u00e9ment et de fa\u00e7on critique, son recoupement avec les neurosciences cognitives et la psycho- et neurolinguistique, et finalement sur une logique transcendantale Kantienne (pour \u00e9viter rigoureusement le raisonnement t\u00e9l\u00e9ologique).<\/p>\n<p>Ainsi, ma recherche s\u2019articule d\u2019abord sur les concepts des processus primaires et secondaires, du signifiant et des m\u00e9canismes de d\u00e9fense (r\u00e9pression, refoulement, autres). Un second pan de ma recherche concerne la pulsion, la compulsion de r\u00e9p\u00e9tition, le trauma et le sexuel. Les recherches, que je m\u00e8ne, ne partent pas de la singularit\u00e9 clinique. Dans une vis\u00e9e des \u2018dialogues des sciences\u2019, je cherche \u00e0 op\u00e9rationnaliser de fa\u00e7on falsifiable les propositions m\u00e9tapsychologiques. Pour mettre en carte les processus primaires et secondaires, les m\u00e9canismes d\u00e9fensifs, la position du sujet dans le langage, l\u2019emprise pulsionnelle etc., avec mon \u00e9quipe, nous mobilisons des instruments, pour la plupart linguistiques, que nous avons mis au point pour fonctionner comme des \u2018probes\u2019. Ces instruments sont sensibles aux aspects universels des concepts mobilis\u00e9s, et qui sont donc suppos\u00e9s invariables, quel que soit le contenu singulier pour leur instanciation dans chaque sujet.<\/p>\n<p>Cette recherche, tant th\u00e9orique qu\u2019empirique, m\u00e8ne immanquablement \u00e0 une r\u00e9flexion \u00e9pist\u00e9mologique (et \u00e9thique). Je me situe dans le champ de la dite \u2018neuropsychanalyse\u2019, mais mon approche\u00a0n\u2019a pas vis\u00e9e \u00e0 \u2018prouver la psychanalyse\u2019 \u00e0 partir de sciences connexes\u00a0; elle n\u2019a pas non plus une vis\u00e9e \u2018constructiviste\u2019 qui aurait l\u2019ambition de \u2018remonter\u2019 \u00e0 partir des structures ou trajectoires neuronales aux concepts m\u00e9tapsychologiques. Mon approche est heuristique\u00a0: par rapport \u00e0 l\u2019exc\u00e8s d\u2019interpr\u00e9tations possibles du substrat neuronal (d\u00fb \u00e0 l\u2019hyperconnectivit\u00e9 du cerveau), les th\u00e9ories mentales, inform\u00e9es de v\u00e9cu singulier au plus intime, proposent des grilles de lectures qui peuvent parcimonieusement rassembler et illuminer l\u2019exc\u00e8s de donn\u00e9es neurophysiologiques. La direction \u2018explicative\u2019 va donc du mental au biologique \u2013 et non du biologique au mental. Parmi les concepts de la psychanalyse, certains auront une effectivit\u00e9 heuristique \u00e0 informer et \u2018simplifier\u2019 les sciences connexes (les processus primaires et secondaires, le signifiant, le refoulement etc.) que d\u2019autres n\u2019auront pas\u00a0: dans cet effet retour, il pourrait donc apparaitre que seule une partie de l\u2019instrumentaire psychanalytique fasse sens dans un dialogue des sciences.<\/p>\n<p>Concr\u00e8tement, les recherches exp\u00e9rimentales s\u2019organisent en ce moment comme suit\u00a0:<\/p>\n<h2><strong>(1) Processus primaires et secondaires, refoulement et signifiant\u00a0<\/strong><\/h2>\n<ul>\n<li><strong>Penser ou ne pas penser<\/strong>: avec Viktoriya Vitkova, nous reprenons le protocole <em>Think-NoThink<\/em> d\u2019Anderson et Green (2001) afin d\u2019\u00e9tayer la difficult\u00e9 d\u2019inhibition d\u2019associations linguistiques en fonction de facteurs de personnalit\u00e9 (en d\u2019autres termes, de la structure mentale). Nous pensons qu\u2019en particulier la difficult\u00e9 d\u2019inhiber l\u2019ambigu\u00eft\u00e9 phonologique pourrait \u00eatre r\u00e9v\u00e9latrice de diff\u00e9rentes structures mentales.<\/li>\n<\/ul>\n<p>Dans ces deux \u00e9tudes, nous mesurons des param\u00e8tres ERPs et EEGs. Nous sommes en particulier attentives \u00e0 un ERP qui pourrait r\u00e9v\u00e9ler cette difficult\u00e9 de faire avec l\u2019ambigu\u00eft\u00e9 phonologique, la N320, la<em> Phonological Mismatch Negativity<\/em> (voir p.ex., Bazan et al., 2019<em>b<\/em>). Avec l\u2019\u00e9quipe de Guy Cheron et d\u2019Anita Cebolla au Laboratoire des Sciences de la Motricit\u00e9 (ULB), nous souscrivons \u00e0 l\u2019id\u00e9e que les oscillations neuronales sont au fondement de la pens\u00e9e (Cebolla &amp; Cheron, 2019\u00a0; Cheron, 2020). Dans ce sens, nous pensons que les efforts de non-traitement de l\u2019ambigu\u00eft\u00e9 phonologique se montreront par la synchronisation alpha (voir aussi Bazan, 2017\u00a0; Shevrin et al., 2013).<\/p>\n<h2><strong>(2) Psychose, jeux de mots et m\u00e9taphores\u00a0<\/strong><\/h2>\n<ul>\n<li><strong>Jeux de mots<\/strong>: avec Giulia Olyff, nos r\u00e9sultats montrent que la population tout-venante r\u00e9sout des jeux de mots sans s\u2019en rendre compte. Nous n\u2019avons pas pu valider l\u2019id\u00e9e que dans la psychose cette r\u00e9solution \u00e9tait plus pr\u00e9gnante, cependant il y aurait une plus grande perspicacit\u00e9 quant au fait que le mat\u00e9riel stimulus forme un jeu de mot. Les r\u00e9sultats sont en cours d\u2019analyse.<\/li>\n<li><strong>M\u00e9taphores<\/strong>: avec Lara Fernandes, nos r\u00e9sultats pr\u00e9liminaires sugg\u00e8rent qu\u2019en particulier dans une structure psychotique (non-clinique), la r\u00e9solution de nouvelles m\u00e9taphores est difficile.<\/li>\n<\/ul>\n<h2><strong>(3) Sexualit\u00e9 et compulsion de r\u00e9p\u00e9tition<\/strong><\/h2>\n<ul>\n<li><strong>Compulsion de r\u00e9p\u00e9tition et trauma<\/strong>: Il s\u2019agit d\u2019une ligne de recherche initi\u00e9e avec la th\u00e8se de la Prof. Sandrine Detandt (ULB\u00a0; Observatoire du SIDA et des Sexualit\u00e9s), et continu\u00e9e en collaboration avec elle. Grace \u00e0 un protocole GoNoGo, combin\u00e9 \u00e0 une mesure d\u2019associations libres, mesurant la forme du langage \u00e0 partir des stimuli du GoNoGo, nous indexons \u2018l\u2019intensit\u00e9 pulsionnelle\u2019 mobilis\u00e9e par ces stimuli. Cette \u2018intensit\u00e9 pulsionnelle\u2019 peut p.ex. \u00eatre r\u00e9v\u00e9latrice d\u2019un objet traumatique et\/ou addictif et\/ou d\u2019une compulsion de r\u00e9p\u00e9tition (voir aussi Detandt, 2016). L\u2019id\u00e9e est que c\u2019est l\u2019intensit\u00e9 pulsionnelle qui est en soi \u00e0 mettre en rapport avec de possibles probl\u00e8mes d\u2019ordre psychopathologique et non la valence, positive ou n\u00e9gative, des stimuli. Nous nous int\u00e9ressons en ce moment aux populations qui ont ou revendiquent un rapport sp\u00e9cifique quant au domaine sexuel, soit un rapport d\u2019identit\u00e9\u00a0 \u2013 d\u2019asexuel \u00e0 hypersexuel, par exemple \u2013 soit un rapport professionnel \u2013 les travailleurs du sexe, par exemple.<\/li>\n<\/ul>\n<h2><strong>(4) Processus primaires et secondaires par l\u2019instrument GeoCat<\/strong><\/h2>\n<p>Linda Brakel de l\u2019Universit\u00e9 du Michigan et ses coll\u00e8gues (Brakel et al., 2000) ont mis au point un instrument \u00e0 figures g\u00e9om\u00e9triques, tr\u00e8s simple d\u2019utilisation et non-linguistique, le GeoCat, qui permet la \u2018mesure\u2019 rapide d\u2019une forme de processus primaires et secondaires. Avec mon \u00e9quipe, j\u2019ai remani\u00e9 et continu\u00e9 \u00e0 valider l\u2019instrument, qui en est pour l\u2019instant \u00e0 la version 1.3. Cet instrument est disponible sur simple demande et vient avec un manuel d\u2019utilisation (<a href=\"mailto:Ariane.Bazan@univ-lorraine.fr\">Ariane.Bazan@univ-lorraine.fr<\/a>).<\/p>\n<ul>\n<li><strong>GeoCat et d\u00e9veloppement\u00a0<\/strong>: Nous cl\u00f4turons l\u2019\u00e9tude qui montre l\u2019\u00e9mergence d\u00e8s deux ans et demi des processus primaires \u2018attributionnels\u2019 et peu de temps apr\u00e8s celle des processus secondaires \u2018configurationnels\u2019. Il y a un shift assez spectaculaire des processus primaires aux processus secondaires entre 5 et 6 ans. Apr\u00e8s cet \u00e2ge-l\u00e0 il y a une relative stabilit\u00e9 entre les processus secondaires (2\/3) et primaires (1\/3) pendant le reste de la vie (voir aussi Brakel et al., 2002).<\/li>\n<li><strong>GeoCat et autisme<\/strong>: Avec la coll\u00e8gue, la Prof. Lisa Ouss de l\u2019h\u00f4pital Necker \u00e0 Paris, nous r\u00e9coltons des donn\u00e9es par GeoCat dans des populations d\u2019enfants et d\u2019adolescents \u00e0 diagnostic \u2018Trouble du Spectre de l\u2019Autisme\u2019 ainsi que d\u2019enfants et d\u2019adolescents \u00e0 diagnostic \u2018Trouble du Neurod\u00e9veloppement\u2019. Cette recherche est ouverte \u00e0 d\u2019autres coll\u00e8gues potentiellement int\u00e9ress\u00e9.e.s.<\/li>\n<li><strong>GeoCat et transparence psychique<\/strong>: Nous avons montr\u00e9, e.a. avec Julie Antoine-Moussiaux, qu\u2019il y a une r\u00e9surgence des processus primaires de type \u2018g\u00e9om\u00e9trique-attributionnel\u2019 chez les femmes enceintes dans la deuxi\u00e8me moiti\u00e9 de leur grossesse (Bazan et al., 2019<em>a<\/em>),\u00a0\u00e9tayant ainsi le concept de \u2018transparence psychique\u2019 de Monique Bydlowski (ex. Bydlowski, 1991). Cette recherche n\u2019est pas pour l\u2019instant continu\u00e9e. Or, il serait tr\u00e8s int\u00e9ressant de reprendre cette recherche sous un angle longitudinal, afin de v\u00e9rifier si la r\u00e9surgence des processus primaires pendant la grossesse s\u2019av\u00e8re protectrice ou annonciatrice de probl\u00e8mes d\u2019ordre mental des futures m\u00e8res apr\u00e8s la naissance de l\u2019enfant.<\/li>\n<\/ul>\n<h2><strong>L\u2019euthanasie pour raison de souffrance mentale<\/strong><\/h2>\n<p>Finalement, la vie et l\u2019actualit\u00e9 en Belgique m\u2019ont amen\u00e9e \u00e0 me mobiliser sur quelques th\u00e8mes \u00e9thiques, en particulier l\u2019euthanasie pour raison de souffrance mentale, possible en Belgique. Comme le montre cette liste, je n\u2019avais pas a priori cette th\u00e9matique dans mon viseur, mais <a href=\"https:\/\/www.demorgen.be\/nieuws\/laura-is-24-jaar-en-fysiek-gezond-ze-krijgt-deze-zomer-euthanasie~b3d9c64f\/\" target=\"_blank\" rel=\"noopener noreferrer\">quand en 2015 a \u00e9t\u00e9 publi\u00e9e l\u2019annonce que Laura, une jeune fille de 24 ans avait obtenu l\u2019accord pour euthanasie pour seule souffrance psychique<\/a> (et entretemps, elle en est en effet morte), je me suis sentie moralement oblig\u00e9e de m\u2019insurger, faute de quoi, \u00e9tant professeure de psychologie et de psychopathologie clinique, je me serais sentie complice d\u2019une pratique que je jugeais, et que je juge, inacceptable. Je donne les raisons de ma d\u00e9marche dans plusieurs papiers, et notamment <a href=\"https:\/\/policyoptions.irpp.org\/fr\/magazines\/mai-2021\/laide-medicale-a-mourir-en-cas-de-troubles-mentaux-lecons-de-lexperience-belge\/\" target=\"_blank\" rel=\"noopener noreferrer\">ici<\/a>. Mon point principal est que la lois stipule que la situation doit \u00eatre jug\u00e9e \u2018m\u00e9dicalement d\u00e9sesp\u00e9r\u00e9e\u2019 et qu\u2019il n\u2019est pas possible d\u2019objectiver m\u00e9dicalement le caract\u00e8re d\u00e9sesp\u00e9r\u00e9e de la souffrance psychique.<\/p>\n<p>Anderson, M. &amp; Green, C. (2001). Suppressing unwanted memories by executive control. <em>Nature, 410, <\/em>366-369.<br \/>\nBazan, A. (2007). <em>Des <\/em><em>fant\u00f4mes<\/em><em> dans la voix: une <\/em><em>hypoth\u00e8se<\/em><em> neuropsychanalytique sur la structure de l\u2019inconscient. <\/em>Montr\u00e9al: Liber.<br \/>\nBazan A. (2017). Alpha synchronization as a brain model for unconscious defense : An overview of the work of Howard Shevrin and his team. <em>International Journal of Psychoanalysis<\/em>, <em>98<\/em>(5), 1443-1473.<br \/>\nBazan, A., Jorge Mendes, S., Antoine-Moussiaux, J., &amp; Prys, D. (2019<em>a<\/em>)<em>.<\/em> Empirical evidence for psychic transparency in pregnancy. <em>Psychoanalytic Psychology, 36<\/em>(3)<em>, 239-248<\/em>. <a href=\"http:\/\/dx.doi.org\/10.1037\/pap0000212\">http:\/\/dx.doi.org\/10.1037\/pap0000212<\/a><br \/>\nBazan, A., Kushwaha, R., Winer, E. S., Snodgrass, J. M., Brakel, L. A., &amp; Shevrin, H. (2019<em>b<\/em>). Phonological ambiguity detection outside of consciousness and its defensive avoidance. <em>Frontiers in human neuroscience<\/em>, <em>13<\/em>, 77.<br \/>\nBrakel, L., Kleinsorge, M., Snodgrass, &amp; Shevrin, H. (2000). The primary process and the unconscious: Experimental evidence supporting two psychoanalytic presuppositions. <em>International Journal of Psychoanalysis<\/em>, <em>81<\/em>, 553-569.<br \/>\nBrakel, L.A.W., Shevrin, H. &amp; Villa, K.K. (2002). The priority of primary processcategorizing: experimental evidence supporting a psychoanalytic hypothesis. Developmental. <em>The Journal of the American Psychoanalytic Association, 50(2):<\/em> 483-505.<br \/>\nBydlowski, M. (1991). La transparence psychique de la grossesse. <em>Etudes Freudiennes, 32, <\/em>78\u2013153.<br \/>\nCheron, G. (2020). Les oscillations neuronales &#8211; Fondement du mouvement et de la pens\u00e9e. Acad\u00e9mie Royale de Belgique\u00a0: Collection L&#8217;Acad\u00e9mie en poche.<br \/>\nCebolla, A.M. &amp; Cheron, G. (2019). Understanding neural oscillations in the human brain: from movement to consciousness and vice versa. <em>Frontiers in Psychology, <\/em>August, 27;10:1930. doi: 10.3389\/fpsyg.2019.01930. PMID: 31507490; PMCID: PMC6718699.<br \/>\nDetandt, S. (2016). De la \u00ab jouissance \u00bb au \u00ab wanting \u00bb dans une population de fumeurs: \u00e9tude empirique sur les tenants des assu\u00e9tudes \u00e0 l\u2019interface des approches clinique et exp\u00e9rimentales. Th\u00e8se non publi\u00e9e. Universit\u00e9 libre de Bruxelles.<br \/>\nFreud, S. (1895\/1956). Esquisse d\u2019une psychologie scientifique. Dans La naissance de la psychanalyse. Paris: Presses Universitaires de France, 309-404.<br \/>\nShevrin, H., Snodgrass, M., Brakel, L.A., Kushwaha, R., Kalaida, N.L., &amp; Bazan, A. (2013). Subliminal unconscious conflict alpha power inhibits supraliminal conscious symptom experience. <em>Frontiers in Human Neuroscience, <\/em>7, 544<em>.<\/em> doi: 10.3389\/fnhum.2013.00544.<\/p>\n<h1><\/h1>\n","protected":false},"excerpt":{"rendered":"<p>Le but de mon engagement intellectuel et de chercheuse est de contribuer \u00e0 une architecture de l\u2019appareil psychique qui soit \u00e0 proprement parler mentale. \u00ab\u00a0Des id\u00e9es s\u2019associent avec d\u2019autres id\u00e9es, et en r\u00e9sultent de nouvelles id\u00e9es\u00a0\u00bb disait en substance le &hellip; <a href=\"https:\/\/www.arianebazan.be\/?page_id=2906\">Continue reading <span class=\"meta-nav\">&rarr;<\/span><\/a><\/p>\n","protected":false},"author":1,"featured_media":0,"parent":9,"menu_order":0,"comment_status":"closed","ping_status":"closed","template":"","meta":{"spay_email":""},"_links":{"self":[{"href":"https:\/\/www.arianebazan.be\/index.php?rest_route=\/wp\/v2\/pages\/2906"}],"collection":[{"href":"https:\/\/www.arianebazan.be\/index.php?rest_route=\/wp\/v2\/pages"}],"about":[{"href":"https:\/\/www.arianebazan.be\/index.php?rest_route=\/wp\/v2\/types\/page"}],"author":[{"embeddable":true,"href":"https:\/\/www.arianebazan.be\/index.php?rest_route=\/wp\/v2\/users\/1"}],"replies":[{"embeddable":true,"href":"https:\/\/www.arianebazan.be\/index.php?rest_route=%2Fwp%2Fv2%2Fcomments&post=2906"}],"version-history":[{"count":3,"href":"https:\/\/www.arianebazan.be\/index.php?rest_route=\/wp\/v2\/pages\/2906\/revisions"}],"predecessor-version":[{"id":3221,"href":"https:\/\/www.arianebazan.be\/index.php?rest_route=\/wp\/v2\/pages\/2906\/revisions\/3221"}],"up":[{"embeddable":true,"href":"https:\/\/www.arianebazan.be\/index.php?rest_route=\/wp\/v2\/pages\/9"}],"wp:attachment":[{"href":"https:\/\/www.arianebazan.be\/index.php?rest_route=%2Fwp%2Fv2%2Fmedia&parent=2906"}],"curies":[{"name":"wp","href":"https:\/\/api.w.org\/{rel}","templated":true}]}}