{"id":30,"date":"2013-04-13T07:52:04","date_gmt":"2013-04-13T07:52:04","guid":{"rendered":"http:\/\/www.arianebazan.be\/?page_id=30"},"modified":"2023-10-15T14:17:39","modified_gmt":"2023-10-15T14:17:39","slug":"francais","status":"publish","type":"page","link":"https:\/\/www.arianebazan.be\/?page_id=30","title":{"rendered":"Fran\u00e7ais"},"content":{"rendered":"\n<p>Copyright Notice<\/p>\n\n\n\n<p>The documents distributed here have been provided as a means to ensure timely dissemination of scholarly and technical work on a noncommercial basis. Copyright and all rights therein are maintained by the authors or by other copyright holders (usually the publisher), notwithstanding that they have offered their works here electronically. It is understood that all persons copying this information will adhere to the terms and constraints by the copyrights acknowledged in the publication. These works may not be reposted without the explicit permission of the copyright holder.<\/p>\n\n\n<p>\u00a0<\/p>\n<p>\u00a0<\/p>\n<p><em>2023<\/em><\/p>\n<p>Bazan, A. (2023). L\u2019euthanasie pour souffrance psychique en Belgique\u00a0: le soin inconditionnel ou la mort. <em>Psychiatrie, Sciences humaines, Neurosciences, Section\u00a0: La personne et le soin, 21<\/em>, n\u00b0 1, pp. 1-15. <a href=\"https:\/\/www.cairn.info\/revue--2023-1-page-47.htm\">https:\/\/www.cairn.info\/revue&#8211;2023-1-page-47.htm<\/a>.<\/p>\n<p>\u00a0<\/p>\n<p><em>2022<\/em><\/p>\n<p>Collignon, G., Evrard, R., Adam, V., Bazan, A. (2022). Aphantasie et hypnose: une \u00e9tude exploratoire. <em>Evolution Psychiatrique, 87,<\/em> 4, 765-781.<\/p>\n<p>\u00a0<\/p>\n<p class=\"MsoNormal\" style=\"margin-left: 18.0pt; text-align: justify; text-indent: -18.0pt; mso-pagination: none; mso-list: l1 level1 lfo1; tab-stops: list 18.0pt; text-autospace: none;\"><span style=\"font-size: 14pt; color: #808080;\"><em>2020<\/em><\/span><\/p>\n<p class=\"MsoNormal\" style=\"margin-left: 18.0pt; text-align: justify; text-indent: -18.0pt; mso-pagination: none; mso-list: l1 level1 lfo1; tab-stops: list 18.0pt; text-autospace: none;\">Luminet, O., Rosoux, V., Brems, E., Bazan, A., &amp; Beyen, M. (2020). <em>Dialogues sur la Belgique\u00a0: <\/em><em>souvenirs, images, questions<\/em>. Presses universitaires de Louvain. doi: 10.11116\/9789461663481<\/p>\n<p>\u00a0<\/p>\n<p class=\"MsoNormal\" style=\"margin-left: 18.0pt; text-align: justify; text-indent: -18.0pt; mso-pagination: none; mso-list: l1 level1 lfo1; tab-stops: list 18.0pt; text-autospace: none;\"><span style=\"font-size: 14pt; color: #808080;\"><em>2019<\/em><\/span><\/p>\n<p><a href=\"http:\/\/www.arianebazan.be\/wp-content\/uploads\/2023\/08\/SC25Aproposdeschosesetdeslettresdanslereve.pdf\" target=\"_blank\" rel=\"noopener\">Bazan, A., Olyff, G., &amp; Bruxelmane, J. (2019). \u00c0 propos des choses et des lettres dans le r\u00eave. Savoirs et clinique, 25, 26-33<\/a>.<\/p>\n<p>\u00a0<\/p>\n<p class=\"MsoNormal\" style=\"margin-left: 18.0pt; text-align: justify; text-indent: -18.0pt; mso-pagination: none; mso-list: l1 level1 lfo1; tab-stops: list 18.0pt; text-autospace: none;\"><span style=\"font-size: 14pt; color: #808080;\">2018<\/span><\/p>\n<p>Bazan, A. (2018). A propos de la folie et de l\u2019amour dans Crime et Ch\u00e2timent de Dosto\u00efevski. Dans: M.C. Fourment Aptekman et C. Wacjman (Eds.) \u00ab\u00a0D\u00e9bilit\u00e9s?\u00a0\u00bb (Varia). <em>Psychologie Clinique, 46, <\/em>138-144.<\/p>\n<p>\u00a0<\/p>\n<p class=\"MsoNormal\" style=\"margin-left: 18.0pt; text-align: justify; text-indent: -18.0pt; mso-pagination: none; mso-list: l1 level1 lfo1; tab-stops: list 18.0pt; text-autospace: none;\"><span lang=\"FR-CA\" style=\"font-size: 14.0pt; mso-bidi-font-size: 12.0pt; font-family: 'Trebuchet MS'; color: gray; letter-spacing: 2.0pt; mso-ansi-language: FR-CA;\">2017<\/span><\/p>\n<p><span style=\"font-size: 12pt;\">Bazan, A., Klein, A., Luminet, O., Rosoux, V., van Ypersele, L. (mai 2017). Belgique-Belgi\u00eb. Croisement de langues, d\u2019histoires &amp; de m\u00e9moires. <em>M\u00e9moires en jeu, 3,<\/em> 120-129.<\/span><\/p>\n<p><span style=\"font-size: 12pt;\">Detandt, S., Bazan, A., &amp; Duret, I. (2017). De l\u2019homme d\u00e9raisonnable. <em>Cahiers de Psychologie Clinique, 11-19.<\/em> 120-129.<\/span><\/p>\n<p><a href=\"http:\/\/www.sciencedirect.com\/science\/article\/pii\/S2542360616300117\" target=\"_blank\" rel=\"noopener noreferrer\"><span style=\"font-size: 12pt;\">De G\u00e9las, M., Parrent, A. &amp; Bazan, A. (2017). Les processus primaires et secondaires selon Freud: actualit\u00e9 et pertinence du concept et de sa mesure pour la clinique. <em>In Analysis<\/em>, 1(1)<\/span><\/a><a href=\"http:\/\/www.sciencedirect.com\/science\/article\/pii\/S2542360616300117\" target=\"_blank\" rel=\"noopener noreferrer\"><span style=\"font-size: 12pt;\">, 46-54.<\/span><\/a><\/p>\n<p style=\"text-align: justify;\"><span style=\"font-size: 12pt;\"><a href=\"http:\/\/www.sciencedirect.com\/science\/article\/pii\/S2542360616300142\" target=\"_blank\" rel=\"noopener noreferrer\">Bazan, A. (2017).\u00a0Th\u00e8se de doctorat: Des\u00a0fant\u00f4mes dans la voix. Une hypoth\u00e8se neuropsychanalytique sur la structure de l\u2019inconscient. <em>In Analysis<\/em>, 1(1),\u00a066\u201367.<\/a><\/span><\/p>\n<p style=\"text-align: justify;\"><span style=\"font-size: 12pt;\"><a href=\"http:\/\/www.sciencedirect.com\/science\/article\/pii\/S254236061630004X\" target=\"_blank\" rel=\"noopener noreferrer\">Bazan, A. (2017). Au commencement \u00e9tait l\u2019acte. A propos de \u00ab Au c\u0153ur de l\u2019affect, le \u2018r\u00e9cit non verbal\u2019 \u00bb. <em>In Analysis,\u00a0<\/em>1(1), 18\u201321.<\/a><\/span><\/p>\n<p class=\"MsoNormal\" style=\"margin-left: 18.0pt; text-align: justify; text-indent: -18.0pt; mso-pagination: none; mso-list: l1 level1 lfo1; tab-stops: list 18.0pt; text-autospace: none;\"><span lang=\"FR-CA\" style=\"font-size: 14.0pt; mso-bidi-font-size: 12.0pt; font-family: 'Trebuchet MS'; color: gray; letter-spacing: 2.0pt; mso-ansi-language: FR-CA;\">2016 <\/span><\/p>\n<p class=\"MsoNormal\" style=\"margin-left: 18.0pt; text-align: justify; text-indent: -18.0pt; mso-pagination: none; mso-list: l1 level1 lfo1; tab-stops: list 18.0pt; text-autospace: none;\"><span style=\"font-size: 12pt;\"><a href=\"http:\/\/www.arianebazan.be\/wp-content\/uploads\/2013\/04\/Bazan-A.-Detandt-S.-Askari-S.-2016.-Proposition-pour-une-physiologie-de-la-jouissance.-Evolution-Psychiatrique-81-777-787..pdf\" target=\"_blank\" rel=\"noopener noreferrer\">Bazan, A., Detandt, S., &amp; Askari, S. (2016). Proposition pour une physiologie de la jouissance. Evolution Psychiatrique, 81, 777-787.<\/a><\/span><\/p>\n<p class=\"MsoNormal\" style=\"margin-left: 18.0pt; text-align: justify; text-indent: -18.0pt; mso-pagination: none; mso-list: l1 level1 lfo1; tab-stops: list 18.0pt; text-autospace: none;\"><span lang=\"FR-CA\" style=\"font-size: 14.0pt; mso-bidi-font-size: 12.0pt; font-family: 'Trebuchet MS'; color: gray; letter-spacing: 2.0pt; mso-ansi-language: FR-CA;\">2015<\/span><\/p>\n<p>\u00a0 <a href=\"http:\/\/www.arianebazan.be\/wp-content\/uploads\/2013\/04\/\u00e0-propos-de-la-neuropsychanalyse.pdf\" target=\"_blank\" rel=\"noopener noreferrer\"> Bazan, A. (2015). A propos de la neuropsychanalyse et de l\u2019importance de penser le psychique. Revue Filigrane &#8211; Ecoute Psychanalytique, 24, 27-41. <\/a><\/p>\n<p><span style=\"font-size: 12pt;\">\u00a0 Bazan, A. (2015).\u00a0La red\u00e9finition du mental en r\u00e9ponse aux avanc\u00e9es en neurosciences. Psychologie Clinique, 39, 165-171.<\/span><\/p>\n<p class=\"MsoNormal\" style=\"margin-left: 18.0pt; text-align: justify; text-indent: -18.0pt; mso-pagination: none; mso-list: l1 level1 lfo1; tab-stops: list 18.0pt; text-autospace: none;\"><span lang=\"FR-CA\" style=\"font-size: 14.0pt; mso-bidi-font-size: 12.0pt; font-family: 'Trebuchet MS'; color: gray; letter-spacing: 2.0pt; mso-ansi-language: FR-CA;\">2014<\/span><\/p>\n<p><span style=\"font-size: 12pt;\">\u00a0 \u00a0 Bazan, A. (2014). De la perception \u00e0 la repr\u00e9sentation\u00a0: recherche sur ce qui fait trace en p\u00e9rinatalit\u00e9. Dans: <i>Recherches en p\u00e9rinatalit\u00e9<\/i>. Livre publi\u00e9 par la WAIMH (\u00ab World Association for Infant Mental Health \u00bb) Francophone. Paris: Presses Universitaires de France, Collection Fil Rouge, pp. 63-74.<\/span><\/p>\n<p class=\"MsoNormal\" style=\"margin-left: 18.0pt; text-align: justify; text-indent: -18.0pt; mso-pagination: none; mso-list: l1 level1 lfo1; tab-stops: list 18.0pt; text-autospace: none;\"><span lang=\"FR-CA\" style=\"font-size: 14.0pt; mso-bidi-font-size: 12.0pt; font-family: 'Trebuchet MS'; color: gray; letter-spacing: 2.0pt; mso-ansi-language: FR-CA;\">2013<\/span><\/p>\n<p><span style=\"font-size: 12pt;\">\u00a0 \u00a0Bazan, A., Detandt, S. (2013). De ce qui se trace \u00e0 ce qui ne s\u2019efface. Petite physiologie du refoulement et de la jouissance. <em>Subjetividad y procesos cognitivos, 17, 1<\/em>, 42-69. Universidad de Ciencias Empresariales y Sociales, Argentine.<\/span><\/p>\n<p class=\"MsoNormal\" style=\"margin-left: 18.0pt; text-align: justify; text-indent: -18.0pt; mso-pagination: none; mso-list: l1 level1 lfo1; tab-stops: list 18.0pt; text-autospace: none;\"><span style=\"color: gray; font-family: 'Trebuchet MS'; font-size: 14pt; letter-spacing: 2pt; line-height: 1.714285714; text-indent: -18pt;\">2012<\/span><\/p>\n<p><span style=\"font-size: 12.0pt;\">\u00a0 \u00a0Heenen-Wolff, S., Bazan, A., Verougstraete, A. (2012). Le conflit belge en interviews de fond : la structure traumatique psychodynamique dans l\u2019histoire belge. Dans : O. Luminet (dir.), Belgique \u2013 Belgi\u00eb un \u00e9tat, deux m\u00e9moires collectives ? Wavre : Editions Mardaga, 93-116.<\/span><\/p>\n<p class=\"MsoNormal\" style=\"margin-left: 18.0pt; text-align: justify; text-indent: -18.0pt; mso-pagination: none; mso-list: l1 level1 lfo1; tab-stops: list 18.0pt; text-autospace: none;\"><span lang=\"FR-CA\" style=\"font-size: 14.0pt; mso-bidi-font-size: 12.0pt; font-family: 'Trebuchet MS'; color: gray; letter-spacing: 2.0pt; mso-ansi-language: FR-CA;\">2011<\/span><\/p>\n<p>\u00a0 \u00a0 \u00a0<span style=\"font-size: 12pt;\"><a href=\"http:\/\/www.cairn.info\/revue-bulletin-de-psychologie-2011-1-page-63.htm\" target=\"_blank\" rel=\"noopener noreferrer\">Bazan, A. (2011). Pr\u00e9sentation de \u00ab Frontiers in Psychoanalysis and Neuropsychoanalysis \u00bb dans \u00ab Conf\u00e9rence des publications de psychologie en langue fran\u00e7aise. Les publications de psychologie en langue fran\u00e7aise. Journ\u00e9e du 3 d\u00e9cembre 2010. \u00bb. <em>Bulletin de Psychologie, 64(1)<\/em>, janvier-f\u00e9vrier 2011, 63-64.<\/a><\/span><\/p>\n<p class=\"MsoNormal\" style=\"margin-left: 18.0pt; text-align: justify; text-indent: -18.0pt; mso-pagination: none; mso-list: l1 level1 lfo1; tab-stops: list 18.0pt; text-autospace: none;\"><span lang=\"FR-CA\" style=\"font-size: 14.0pt; mso-bidi-font-size: 12.0pt; font-family: 'Trebuchet MS'; color: gray; letter-spacing: 2.0pt; mso-ansi-language: FR-CA;\">2009<\/span><\/p>\n<p><span style=\"font-size: 12.0pt;\"><a href=\"http:\/\/www.arianebazan.be\/wp-content\/uploads\/2013\/04\/Bazan_Van_de_VijverO_Jacob_finaal.pdf\" target=\"_blank\" rel=\"noopener noreferrer\">Bazan, A., Van de Vijver, G. (2009). L\u2019objet d\u2019une science neuro-psychanalytique. Questions \u00e9pist\u00e9mologiques et mise \u00e0 l\u2019\u00e9preuve. Dans: L. Ouss, B. Golse, N. Georgieff, D. Widl\u00f6cher (\u00e9ds.), Vers une neuropsychanalyse? Odile Jacob, Paris, 33-54.<\/a><\/span><\/p>\n<p><span class=\"ec961023914-11092008\"><span style=\"font-size: 12.0pt; color: black;\">\u00a0<a href=\"https:\/\/dipot.ulb.ac.be\/dspace\/bitstream\/2013\/68443\/1\/16%20Bazan%20Van%20de%20Vijver%20Revue%20Internationale%202009.pdf\" target=\"_blank\" rel=\"noopener noreferrer\">Bazan, A., Van de Vijver, G. (2009). La constitution de la distinction entre int\u00e9rieur et ext\u00e9rieur: proposition de recoupement entre Freud et les neurosciences modernes. Dans: <em>Neurosciences et psychoth\u00e9rapie: Convergences ou divergences?<\/em>, sous la direction de Jo\u00ebl Monz\u00e9e (r\u00e9d.) Ed. Liber, Montr\u00e9al, 127-156.<\/a><\/span><\/span><\/p>\n<p class=\"MsoNormal\" style=\"margin-left: 18.0pt; text-align: justify; text-indent: -18.0pt; mso-pagination: none; mso-list: l1 level1 lfo1; tab-stops: list 18.0pt; text-autospace: none;\"><span lang=\"FR-CA\" style=\"font-size: 14.0pt; mso-bidi-font-size: 12.0pt; font-family: 'Trebuchet MS'; color: gray; letter-spacing: 2.0pt; mso-ansi-language: FR-CA;\">2008<\/span><\/p>\n<p><span class=\"ec961023914-11092008\"><span style=\"font-size: 12.0pt; color: black;\">\u00a0Licata L, Bazan, A., Klein O, Heenen-Wolff S, Luminet O, Rosoux V. (14.07.2008). \u201cPour un dialogue des m\u00e9moires en Belgique\u201d, carte blanche dans Le Soir; traduction de cette carte blanche dans De Morgen du 17.07.2008.<\/span><\/span><\/p>\n<p class=\"MsoNormal\" style=\"margin-left: 18.0pt; text-align: justify; text-indent: -18.0pt; mso-pagination: none; mso-list: l1 level1 lfo1; tab-stops: list 18.0pt; text-autospace: none;\"><span lang=\"FR-CA\" style=\"font-size: 14.0pt; mso-bidi-font-size: 12.0pt; font-family: 'Trebuchet MS'; color: gray; letter-spacing: 2.0pt; mso-ansi-language: FR-CA;\">2007<\/span><\/p>\n<p><span class=\"ec961023914-11092008\"><span style=\"font-size: 12.0pt; color: black;\"><a href=\"http:\/\/books.google.fr\/books?id=oyrrPAAACAAJ&amp;dq=Des+fant%C3%B4mes+dans+la+voix.+Une+hypoth%C3%A8se+neuropsychanalytique+sur+la+structure+de+l%E2%80%99inconscient&amp;hl=fr&amp;sa=X&amp;ei=YSmBUc6sKYeP7AaVjoGACQ&amp;ved=0CDQQ6AEwAA\" target=\"_blank\" rel=\"noopener noreferrer\">Bazan, A. (2007). <em>Des fant\u00f4mes dans la voix. Une hypoth\u00e8se neuropsychanalytique sur la structure de l\u2019inconscient<\/em>. Collection Voix Psychanalytiques. Editions Liber, Montr\u00e9al, 145 p.<\/a><\/span><\/span><\/p>\n<p class=\"MsoNormal\" style=\"margin-left: 18.0pt; text-align: justify; text-indent: -18.0pt; mso-pagination: none; mso-list: l1 level1 lfo1; tab-stops: list 18.0pt; text-autospace: none;\"><span lang=\"FR-CA\" style=\"font-size: 14.0pt; mso-bidi-font-size: 12.0pt; font-family: 'Trebuchet MS'; color: gray; letter-spacing: 2.0pt; mso-ansi-language: FR-CA;\">2006<\/span><\/p>\n<p><a href=\"http:\/\/www.arianebazan.be\/wp-content\/uploads\/2013\/04\/07-Enactivisme-et-internalisme-Vandevijver-Bazan-Intellectica-2006.pdf\">Van de Vijver, G., Bazan, A., Rottiers, F., Gilbert J. (2006). Enactivisme et internalisme: de l&#8217;ontologie \u00e0 la clinique. Intellectica, 43, 1, 93-103.<\/a><\/p>\n<p><span style=\"font-size: 12pt;\"><a href=\"http:\/\/www.intellectica.org\/SiteArchives\/archives\/n43\/43-12-Jacob_reponse.pdf\" target=\"_blank\" rel=\"noopener noreferrer\">Pierre Jacob, (2006). R\u00e9ponse aux commentaires : Sur le contenu de l&#8217;exp\u00e9rience visuelle (On the Content of Visual Experience). <em>Intellectica, 43,1<\/em>, 117-123<\/a>.<\/span><\/p>\n<p class=\"MsoNormal\" style=\"margin-left: 18.0pt; text-align: justify; text-indent: -18.0pt; mso-pagination: none; mso-list: l1 level1 lfo1; tab-stops: list 18.0pt; text-autospace: none;\"><span lang=\"FR-CA\" style=\"font-size: 14.0pt; mso-bidi-font-size: 12.0pt; font-family: 'Trebuchet MS'; color: gray; letter-spacing: 2.0pt; mso-ansi-language: FR-CA;\">2005 <\/span><\/p>\n<p class=\"MsoNormal\" style=\"margin-left: 18.0pt; text-align: justify; text-indent: -18.0pt; mso-pagination: none; mso-list: l1 level1 lfo1; tab-stops: list 18.0pt; text-autospace: none;\"><span style=\"font-size: 12pt;\"><a href=\"http:\/\/www.arianebazan.be\/wp-content\/uploads\/2013\/04\/La-forme-du-langage-en-clinique-Ps-Cl-Bazan-2005.pdf\" target=\"_blank\" rel=\"noopener noreferrer\">Bazan, A. (2005). La forme du langage en clinique. Une perspective neuropsychanalytique. Psychologie Clinique, 18, 51-97.\u00a0<em>Intellectica,<\/em>\u00a0<em>43, 1<\/em>, 93-103.<\/a><\/span><\/p>","protected":false},"excerpt":{"rendered":"<p>Copyright Notice The documents distributed here have been provided as a means to ensure timely dissemination of scholarly and technical work on a noncommercial basis. Copyright and all rights therein are maintained by the authors or by other copyright holders &hellip; <a href=\"https:\/\/www.arianebazan.be\/?page_id=30\">Continue reading <span class=\"meta-nav\">&rarr;<\/span><\/a><\/p>\n","protected":false},"author":1,"featured_media":0,"parent":8,"menu_order":0,"comment_status":"open","ping_status":"open","template":"","meta":{"spay_email":""},"_links":{"self":[{"href":"https:\/\/www.arianebazan.be\/index.php?rest_route=\/wp\/v2\/pages\/30"}],"collection":[{"href":"https:\/\/www.arianebazan.be\/index.php?rest_route=\/wp\/v2\/pages"}],"about":[{"href":"https:\/\/www.arianebazan.be\/index.php?rest_route=\/wp\/v2\/types\/page"}],"author":[{"embeddable":true,"href":"https:\/\/www.arianebazan.be\/index.php?rest_route=\/wp\/v2\/users\/1"}],"replies":[{"embeddable":true,"href":"https:\/\/www.arianebazan.be\/index.php?rest_route=%2Fwp%2Fv2%2Fcomments&post=30"}],"version-history":[{"count":72,"href":"https:\/\/www.arianebazan.be\/index.php?rest_route=\/wp\/v2\/pages\/30\/revisions"}],"predecessor-version":[{"id":3456,"href":"https:\/\/www.arianebazan.be\/index.php?rest_route=\/wp\/v2\/pages\/30\/revisions\/3456"}],"up":[{"embeddable":true,"href":"https:\/\/www.arianebazan.be\/index.php?rest_route=\/wp\/v2\/pages\/8"}],"wp:attachment":[{"href":"https:\/\/www.arianebazan.be\/index.php?rest_route=%2Fwp%2Fv2%2Fmedia&parent=30"}],"curies":[{"name":"wp","href":"https:\/\/api.w.org\/{rel}","templated":true}]}}