{"id":3023,"date":"2021-10-12T04:03:46","date_gmt":"2021-10-12T04:03:46","guid":{"rendered":"https:\/\/www.arianebazan.be\/?page_id=3023"},"modified":"2023-05-05T12:41:56","modified_gmt":"2023-05-05T12:41:56","slug":"lara-fernandes","status":"publish","type":"page","link":"https:\/\/www.arianebazan.be\/?page_id=3023","title":{"rendered":"Lara Fernandes"},"content":{"rendered":"\n<div class=\"wp-block-image is-style-default\"><figure class=\"aligncenter size-full is-resized\"><a href=\"https:\/\/www.arianebazan.be\/wp-content\/uploads\/2021\/10\/1633983069488-2.jpeg\"><img loading=\"lazy\" src=\"https:\/\/www.arianebazan.be\/wp-content\/uploads\/2021\/10\/1633983069488-2-edited.jpeg\" alt=\"\" class=\"wp-image-3032\" width=\"208\" height=\"208\" srcset=\"https:\/\/www.arianebazan.be\/wp-content\/uploads\/2021\/10\/1633983069488-2-edited.jpeg 321w, https:\/\/www.arianebazan.be\/wp-content\/uploads\/2021\/10\/1633983069488-2-edited-300x300.jpeg 300w, https:\/\/www.arianebazan.be\/wp-content\/uploads\/2021\/10\/1633983069488-2-edited-150x150.jpeg 150w\" sizes=\"(max-width: 208px) 100vw, 208px\" \/><\/a><\/figure><\/div>\n\n\n\n<p>Dipl\u00f4m\u00e9e en 2018 en psychologie clinique de l&#8217;Universit\u00e9 libre de Bruxelles, Lara a d&#8217;abord travaill\u00e9 en clinique, avant de combiner cet engagement avec un trajet doctoral. Sa th\u00e8se, en cotutelle UL-ULB (Ariane Bazan &amp; Sandrine Detandt), propose d\u2019investiguer la psychose ordinaire d\u2019un point de vue empirique et th\u00e9orique. A cet \u00e9gard elle retravaille le &#8220;Questionnaire Psychose Blanche&#8221; (QPB) con\u00e7u par Giulia Olyff et Ariane Bazan. Le c\u00f4t\u00e9 trans-diagnostique de la psychose ordinaire sera investigu\u00e9 en interrogeant la logique sous-jacente d&#8217;une diversit\u00e9 de diagnostics.&nbsp;Malgr\u00e9 des sympt\u00f4mes diff\u00e9rents, une m\u00eame logique serait \u00e0 l\u2019oeuvre et renverrai \u00e0 ce concept de psychose ordinaire ou suppl\u00e9e. Pour documenter le potentiel lien entre ces diff\u00e9rentes nosographies et la psychose ordinaire, la recherche utilisera outre le QPB, d\u2019autres outils linguistiques d\u00e9velopp\u00e9s par l\u2019\u00e9quipe de Prof Ariane Bazan. Le titre provisoire de la th\u00e8se : \u00ab&nbsp;La cat\u00e9gorie clinique de la Psychose ordinaire : une structure trans-diagnostique&nbsp;\u00bb.<\/p>\n\n\n\n<p><\/p>\n\n\n\n<p>Fernandes, L., Olyff, G., Lopes, S., Muller, F., &amp; Bazan, A. (2022, June). Access to metaphors in ordinary psychosis [poster presentation]. 75th-Anniversary meeting of the Belgian Association for Psychological Sciences, Leuven (Belgium)<\/p>\n\n\n\n<p>Bazan, A., Fernandes, L., Bruxelmane, J., Cannova, L. &amp; Olyff, G. (<em>sous presse<\/em>). Pulsion de vie et angoisse : leur impact sur le langage. <em>Le Cahier APPCF\u00a0: Association pour la Psychoth\u00e9rapie Psychanalytique de Couple et de Famille<\/em>.<\/p>\n","protected":false},"excerpt":{"rendered":"<p>Dipl\u00f4m\u00e9e en 2018 en psychologie clinique de l&#8217;Universit\u00e9 libre de Bruxelles, Lara a d&#8217;abord travaill\u00e9 en clinique, avant de combiner cet engagement avec un trajet doctoral. Sa th\u00e8se, en cotutelle UL-ULB (Ariane Bazan &amp; Sandrine Detandt), propose d\u2019investiguer la psychose &hellip; <a href=\"https:\/\/www.arianebazan.be\/?page_id=3023\">Continue reading <span class=\"meta-nav\">&rarr;<\/span><\/a><\/p>\n","protected":false},"author":1,"featured_media":3024,"parent":2538,"menu_order":0,"comment_status":"closed","ping_status":"closed","template":"","meta":{"spay_email":""},"_links":{"self":[{"href":"https:\/\/www.arianebazan.be\/index.php?rest_route=\/wp\/v2\/pages\/3023"}],"collection":[{"href":"https:\/\/www.arianebazan.be\/index.php?rest_route=\/wp\/v2\/pages"}],"about":[{"href":"https:\/\/www.arianebazan.be\/index.php?rest_route=\/wp\/v2\/types\/page"}],"author":[{"embeddable":true,"href":"https:\/\/www.arianebazan.be\/index.php?rest_route=\/wp\/v2\/users\/1"}],"replies":[{"embeddable":true,"href":"https:\/\/www.arianebazan.be\/index.php?rest_route=%2Fwp%2Fv2%2Fcomments&post=3023"}],"version-history":[{"count":9,"href":"https:\/\/www.arianebazan.be\/index.php?rest_route=\/wp\/v2\/pages\/3023\/revisions"}],"predecessor-version":[{"id":3190,"href":"https:\/\/www.arianebazan.be\/index.php?rest_route=\/wp\/v2\/pages\/3023\/revisions\/3190"}],"up":[{"embeddable":true,"href":"https:\/\/www.arianebazan.be\/index.php?rest_route=\/wp\/v2\/pages\/2538"}],"wp:featuredmedia":[{"embeddable":true,"href":"https:\/\/www.arianebazan.be\/index.php?rest_route=\/wp\/v2\/media\/3024"}],"wp:attachment":[{"href":"https:\/\/www.arianebazan.be\/index.php?rest_route=%2Fwp%2Fv2%2Fmedia&parent=3023"}],"curies":[{"name":"wp","href":"https:\/\/api.w.org\/{rel}","templated":true}]}}