{"id":34,"date":"2013-04-13T07:53:17","date_gmt":"2013-04-13T07:53:17","guid":{"rendered":"http:\/\/www.arianebazan.be\/?page_id=34"},"modified":"2023-08-11T14:37:25","modified_gmt":"2023-08-11T14:37:25","slug":"nederlands","status":"publish","type":"page","link":"https:\/\/www.arianebazan.be\/?page_id=34","title":{"rendered":"Nederlands"},"content":{"rendered":"<p class=\"MsoNormal\" style=\"margin-left: 18.0pt; text-align: justify; text-indent: -18.0pt; mso-pagination: none; mso-list: l0 level1 lfo2; text-autospace: none;\"><span style=\"font-size: 14pt; color: #808080;\">2020<\/span><\/p>\n<p class=\"MsoNormal\" style=\"margin-left: 18.0pt; text-align: justify; text-indent: -18.0pt; mso-pagination: none; mso-list: l0 level1 lfo2; text-autospace: none;\">Luminet, O., Rosoux, V., Brems, E., Bazan, A., &amp; Beyen, M. (2020). <em>Dialogen over Belg\u00efe\u00a0: Herinneringen, beelden, opvattingen<\/em>. Presses universitaires de Louvain. doi: 11116\/9789461663481<\/p>\n<p class=\"MsoNormal\" style=\"margin-left: 18.0pt; text-align: justify; text-indent: -18.0pt; mso-pagination: none; mso-list: l0 level1 lfo2; text-autospace: none;\">\n<p class=\"MsoNormal\" style=\"margin-left: 18.0pt; text-align: justify; text-indent: -18.0pt; mso-pagination: none; mso-list: l0 level1 lfo2; text-autospace: none;\"><span style=\"font-size: 14pt; color: #808080;\">2019<\/span><\/p>\n<p class=\"MsoNormal\" style=\"margin-left: 18.0pt; text-align: justify; text-indent: -18.0pt; mso-pagination: none; mso-list: l0 level1 lfo2; text-autospace: none;\"><a href=\"https:\/\/www.sampol.be\/2019\/07\/goede-wil-is-een-illusie\" target=\"_blank\" rel=\"noopener\">Bazan, A. (2019). Goede wil is een illusie. SamPol Zomerreeks &#8211; Hoop 2019.<\/a><\/p>\n<p class=\"MsoNormal\" style=\"margin-left: 18.0pt; text-align: justify; text-indent: -18.0pt; mso-pagination: none; mso-list: l0 level1 lfo2; text-autospace: none;\"><span style=\"font-size: 14pt; color: #808080;\">2016<\/span><\/p>\n<p class=\"MsoNormal\" style=\"margin-left: 18pt; text-indent: -18pt; text-align: justify;\"><a href=\"https:\/\/www.tijdschriftvoorpsychoanalyse.nl\/actueel\/nieuws\/nieuws\/19\/Een-gevarieerd-winternummer\" target=\"_blank\" rel=\"noopener noreferrer\"><span style=\"font-size: 12pt;\">Bazan, A. (2016). Het onderscheid psychose-neurose is structureel. Een neuropsychoanalytisch voorstel. Tijdschrift voor Psychoanalyse, 4, 269-282.<\/span><\/a><\/p>\n<p class=\"MsoNormal\" style=\"margin-left: 18pt; text-indent: -18pt; text-align: justify;\"><span style=\"font-size: 12pt;\">Bazan, A. (2016). Trauma en de Dopaminerge Inschrijving van het Evenement. Aan Gene Zijde van het Lustprincipe ligt de Demonische Herhalingsdwang.\u00a0In Mark Kinet (Ed.), <em>Trauma en Identiteit<\/em>. Psychoanalytisch Actueel nr. 22, Antwerpen, Uitgeverij Garant. pp. 95-116.<\/span><\/p>\n<p class=\"MsoNormal\" style=\"margin-left: 18.0pt; text-align: justify; text-indent: -18.0pt; mso-pagination: none; mso-list: l0 level1 lfo2; text-autospace: none;\"><span style=\"font-size: 14pt; color: #808080;\">2015<\/span><\/p>\n<p class=\"MsoNormal\" style=\"margin-left: 18pt; text-align: justify; text-indent: -18pt;\"><span style=\"font-size: 12pt;\">Bazan, A. (2015). Het wezenlijke van seks. Een metapsychologische denkoefening op het snijvlak tussen neurowetenschap en psychoanalyse.\u00a0(\u201cCe que sexuel veut dire: une r\u00e9flexion \u00e0 l\u2019interface entre neurosciences et psychanalyse\u201d). In Mark Kinet &amp; Koen Baeten (Eds.), <em>Psychoanalyse als seksuologie?<\/em> Psychoanalytisch Actueel nr. 20, pp. 37-59.<\/span><\/p>\n<p class=\"MsoNormal\" style=\"margin-left: 18pt; text-align: justify; text-indent: -18pt;\"><span style=\"font-size: 14pt; color: #808080;\">2014<\/span><\/p>\n<p class=\"MsoNormal\" style=\"margin-left: 18pt; text-align: justify; text-indent: -18pt;\"><a href=\"http:\/\/www.arianebazan.be\/wp-content\/uploads\/2023\/08\/Bazan-2014-PDF-1.pdf\" target=\"_blank\" rel=\"noopener\">Bazan, A. (2014). Neuropsychoanalyse: geschiedenis en epistemologie. Tijdschrift voor Psychoanalyse, 4, 245-255.<\/a><\/p>\n<p class=\"MsoNormal\" style=\"margin-left: 18pt; text-align: justify; text-indent: -18pt;\"><span lang=\"NL-BE\" style=\"font-size: 12.0pt; mso-ansi-language: NL-BE;\">Bazan, A. (2014). Waarom verdringen het soort vergeten is dat bewust maakt. Voorstel voor een breinmechanisme. In: Van verdringen tot vergeten. Een psychoanalytische herwerking van \u00a0het geheugen, Heist op den Berg: Vlaamse Vereniging voor Psychoanalytische Therapie. Antwerpen, Uitgeverij Garant, pp. 21-44.<\/span><\/p>\n<p>Bazan, A. (2014). Psychoanalyse is de toekomst. sKRIPtA- Bulletin van de Kring voor Psychoanalyse van de New Lacanian School, 25.<\/p>\n<p class=\"MsoNormal\" style=\"margin-left: 18pt; text-align: justify; text-indent: -18pt;\"><span style=\"font-size: 14pt; color: #808080;\">2013<\/span><\/p>\n<p class=\"MsoNormal\" style=\"margin-left: 18pt; text-align: justify; text-indent: -18pt;\"><span lang=\"NL-BE\" style=\"font-size: 12.0pt; mso-ansi-language: NL-BE;\">Bazan, A. (2013). Een ziel laat zich niet als een lijf versnijden. Over de gevolgen van het\u00a0<\/span><span style=\"font-family: arial, helvetica, sans-serif; font-size: medium;\">medisch model voor de mentale gezondheidszorg. In: I. Devisch (ed), Ziek van\u00a0<\/span><span style=\"font-family: arial, helvetica, sans-serif; font-size: medium;\">gezondheid. Voor elk probleem een pil?. Antwerp, Amsterdam: De Bezige Bij, pp. 121-<\/span><span style=\"font-family: arial, helvetica, sans-serif; font-size: medium;\">148.<\/span><\/p>\n<p class=\"MsoNormal\" style=\"margin-left: 18.0pt; text-align: justify; text-indent: -18.0pt; mso-pagination: none; mso-list: l0 level1 lfo2; text-autospace: none;\"><span lang=\"FR-CA\" style=\"font-size: 14.0pt; mso-bidi-font-size: 12.0pt; font-family: 'Trebuchet MS'; color: gray; letter-spacing: 2.0pt; mso-ansi-language: FR-CA;\">2012<\/span><\/p>\n<p class=\"MsoNormal\" style=\"margin-left: 18.0pt; text-align: justify; text-indent: -18.0pt; mso-list: l2 level1 lfo3; tab-stops: list 18.0pt;\"><span lang=\"NL-BE\" style=\"font-size: 12.0pt; mso-ansi-language: NL-BE;\">Heenen-Wolff, S., Bazan, A., Verougstraete, A., (2012). <\/span><span style=\"font-size: 12.0pt;\">Het Belgisch conflict in diepte-interviews: Over de psychodynamische traumastructuur in de Belgische geschiedenis<\/span><span style=\"font-size: 12.0pt;\">. In\u00a0: O. Luminet (dir.),<em> Belgi\u00eb-Belgique, \u00e9\u00e9n staat, twee collectieve geheugens?<\/em> Kortrijk: Uitgeverij Snoeck, 93-115. [vertaald door A. Bazan] <\/span><\/p>\n<p class=\"MsoNormal\" style=\"margin-left: 18.0pt; text-align: justify; text-indent: -18.0pt; mso-list: l2 level1 lfo3; tab-stops: list 18.0pt;\"><span style=\"font-size: 12.0pt;\">Bazan, A. (2012). \u201cLaat ons het spel tussen man en vrouw niet bederven\u201d, <em>De Gedachte<\/em>, \u201cDe Morgen\u201d, 28 april 2012.<\/span><!-- [if gte mso 9]><xml>\n<o:OfficeDocumentSettings>\n<o:AllowPNG\/>\n<o:PixelsPerInch>72<\/o:PixelsPerInch>\n<o:TargetScreenSize>1024x768<\/o:TargetScreenSize>\n<\/o:OfficeDocumentSettings>\n<\/xml><![endif]--><\/p>\n<p class=\"MsoNormal\" style=\"margin-left: 18.0pt; text-align: justify; text-indent: -18.0pt; mso-pagination: none; mso-list: l1 level1 lfo1; tab-stops: list 18.0pt; text-autospace: none;\"><i style=\"mso-bidi-font-style: normal;\"><span lang=\"EN-GB\" style=\"font-size: 12.0pt; mso-ansi-language: EN-GB;\"><span style=\"mso-list: Ignore;\">\u00a0<\/span><\/span><\/i><span lang=\"FR-CA\" style=\"font-size: 14.0pt; mso-bidi-font-size: 12.0pt; font-family: 'Trebuchet MS'; color: gray; letter-spacing: 2.0pt; mso-ansi-language: FR-CA;\">2010<\/span><\/p>\n<p class=\"MsoNormal\" style=\"margin-left: 18.0pt; text-align: justify; text-indent: -18.0pt; mso-list: l1 level1 lfo1; tab-stops: list 18.0pt;\"><span style=\"font-size: 12.0pt;\">Bazan, A. (2010). Betekenaars in hersenweefsel: Bijdrage tot een fysiologie van het onbewuste. In: Mark Kinet &amp; Ariane Bazan (Eds.), <i>Psychoanalyse en Neurowetenschap: De geest in de machine<\/i> (29-57).<em> Psychoanalytisch Actueel nr. 14.\u00a0<a href=\"http:\/\/www.arianebazan.be\/wp-content\/uploads\/2013\/04\/19-Bazan-Betekenaars-in-hersenweefsel-Psychoanal-Actueel-2010.pdf\" target=\"_blank\" rel=\"noopener noreferrer\">pdf<\/a><\/em><\/span><\/p>\n<p class=\"MsoNormal\" style=\"margin-left: 18.0pt; text-align: justify; text-indent: -18.0pt; mso-pagination: none; mso-list: l1 level1 lfo1; tab-stops: list 18.0pt; text-autospace: none;\"><span lang=\"FR-CA\" style=\"font-size: 14.0pt; mso-bidi-font-size: 12.0pt; font-family: 'Trebuchet MS'; color: gray; letter-spacing: 2.0pt; mso-ansi-language: FR-CA;\">2007<\/span><\/p>\n<p class=\"MsoNormal\" style=\"margin-left: 18.0pt; text-align: justify; text-indent: -18.0pt; mso-list: l1 level1 lfo1; tab-stops: list 18.0pt;\"><a href=\"https:\/\/dipot.ulb.ac.be\/dspace\/bitstream\/2013\/68668\/1\/12%20Bazan%20Elementen%20neuropsychoanalyse%20ontmoeting%20Antenne%202007.pdf\" target=\"_blank\" rel=\"noopener noreferrer\"><span style=\"font-size: 12.0pt;\">Bazan, A. (2007). \u201cElementen voor een Neuro-Psychanalyse van de Ont-moeting\u201d. Antenne, la revue de l\u2019 \u201cUnie van de Vrijzinnige Verenigingen\u201d: 25, nr. 4: 36-49.<\/span><\/a><\/p>\n<p class=\"MsoNormal\" style=\"margin-left: 18.0pt; text-align: justify; text-indent: -18.0pt; mso-list: l1 level1 lfo1; tab-stops: list 18.0pt;\"><a href=\"https:\/\/www.researchgate.net\/publication\/261676150_Subjectiviteit_of_de_echo_van_de_geschiedenis_in_wat_nu_spreekt._In_Ration_in_een_emotionele_samenleving_Cultuurcahiers_van_de_Hogeschool_Gent_XII._Studium_Generale_2006-2007_Hogeschool_Gent_40-64?ev=prf_pub\" target=\"_blank\" rel=\"noopener noreferrer\"><span style=\"font-size: 12pt; line-height: 1.714285714; text-indent: -18pt;\">Bazan, A. (2007). \u201cSubjectiviteit of de echo van de geschiedenis in wat nu spreekt\u201d. In: \u201cRatio in een emotionele samenleving\u201d, Cultuurcahiers van de Hogeschool Gent XII. Studium Generale 2006-2007, Hogeschool Gent: 40-64.\u00a0<\/span><\/a><\/p>\n<p class=\"MsoNormal\" style=\"margin-left: 18.0pt; text-align: justify; text-indent: -18.0pt; mso-list: l1 level1 lfo1; tab-stops: list 18.0pt;\"><span style=\"color: gray; font-family: 'Trebuchet MS'; font-size: 14pt; letter-spacing: 2pt; line-height: 1.714285714; text-indent: -18pt;\">2002<\/span><\/p>\n<p class=\"MsoNormal\" style=\"margin-left: 18.0pt; text-align: justify; text-indent: -18.0pt; mso-list: l1 level1 lfo1; tab-stops: list 18.0pt;\"><a href=\"https:\/\/dipot.ulb.ac.be\/dspace\/bitstream\/2013\/68937\/4\/03%20Unconscious%20as%20Affect%20sticking%20%20Psychoanal%20Perspect%202002.pdf\" target=\"_blank\" rel=\"noopener noreferrer\"><span style=\"font-size: 12.0pt;\">Bazan, A. (2002). The unconscious is affect sticking to phonology. Considerations on the role of articulation. <em>Psychoanalytische Perspectieven, 20(4)<\/em>, 579-590. <\/span><\/a><\/p>\n<p class=\"MsoNormal\" style=\"margin-left: 18.0pt; text-align: justify; text-indent: -18.0pt; mso-pagination: none; mso-list: l1 level1 lfo1; tab-stops: list 18.0pt; text-autospace: none;\"><span lang=\"FR-CA\" style=\"font-size: 14.0pt; mso-bidi-font-size: 12.0pt; font-family: 'Trebuchet MS'; color: gray; letter-spacing: 2.0pt; mso-ansi-language: FR-CA;\">2001<\/span><\/p>\n<p class=\"MsoNormal\" style=\"margin-left: 18.0pt; text-align: justify; text-indent: -18.0pt; mso-list: l1 level1 lfo1; tab-stops: list 18.0pt;\"><span style=\"font-size: 12.0pt;\">Bazan, A. (2001-2002). \u2018The difference is the forehead. A psychoanalytical, neuroscientific and evolutionary vision on language.\u2019 <em>Nieuwzuid. <\/em><\/span><\/p>\n<p class=\"MsoNormal\" style=\"margin-left: 18.0pt; text-align: justify; text-indent: -18.0pt; mso-list: l1 level1 lfo1; tab-stops: list 18.0pt;\"><span style=\"font-size: 12.0pt;\"><!-- [if gte mso 9]><xml>\n<o:OfficeDocumentSettings>\n<o:AllowPNG\/>\n<o:PixelsPerInch>72<\/o:PixelsPerInch>\n<o:TargetScreenSize>1024x768<\/o:TargetScreenSize>\n<\/o:OfficeDocumentSettings>\n<\/xml><![endif]--><\/span><\/p>\n<p class=\"MsoNormal\" style=\"margin-left: 18.0pt; text-align: justify; text-indent: -18.0pt; mso-list: l1 level1 lfo1; tab-stops: list 18.0pt;\"><span style=\"font-size: 12.0pt;\"><!-- [if gte mso 9]><xml>\n<w:WordDocument>\n<w:View>Normal<\/w:View>\n<w:Zoom>0<\/w:Zoom>\n<w:HyphenationZone>21<\/w:HyphenationZone>\n<w:PunctuationKerning\/>\n<w:ValidateAgainstSchemas\/>\n<w:SaveIfXMLInvalid>false<\/w:SaveIfXMLInvalid>\n<w:IgnoreMixedContent>false<\/w:IgnoreMixedContent>\n<w:AlwaysShowPlaceholderText>false<\/w:AlwaysShowPlaceholderText>\n<w:Compatibility>\n<w:BreakWrappedTables\/>\n<w:SnapToGridInCell\/>\n<w:WrapTextWithPunct\/>\n<w:UseAsianBreakRules\/>\n<w:DontGrowAutofit\/>\n<\/w:Compatibility>\n<w:DoNotOptimizeForBrowser\/>\n<\/w:WordDocument>\n<\/xml><![endif]--><!-- [if gte mso 9]><xml>\n<w:LatentStyles DefLockedState=\"false\" LatentStyleCount=\"156\">\n<\/w:LatentStyles>\n<\/xml><![endif]--><!-- [if gte mso 10]>\n\n\n\n<style>\n \/* Style Definitions *\/<br \/>table.MsoNormalTable<br \/>{mso-style-name:Standaardtabel;<br \/>mso-tstyle-rowband-size:0;<br \/>mso-tstyle-colband-size:0;<br \/>mso-style-noshow:yes;<br \/>mso-style-parent:\"\";<br \/>mso-padding-alt:0cm 5.4pt 0cm 5.4pt;<br \/>mso-para-margin:0cm;<br \/>mso-para-margin-bottom:.0001pt;<br \/>mso-pagination:widow-orphan;<br \/>font-size:10.0pt;<br \/>font-family:\"Times New Roman\";<br \/>mso-ansi-language:#0400;<br \/>mso-fareast-language:#0400;<br \/>mso-bidi-language:#0400;}<br \/><\/style>\n\n\n\n<![endif]--><span style=\"font-size: 12.0pt; font-family: 'Times New Roman'; mso-fareast-font-family: 'Times New Roman'; mso-bidi-font-family: 'Times New Roman'; mso-ansi-language: NL; mso-fareast-language: EN-US; mso-bidi-language: AR-SA;\"><br \/>\n<\/span><\/span><\/p>\n","protected":false},"excerpt":{"rendered":"<p>2020 Luminet, O., Rosoux, V., Brems, E., Bazan, A., &amp; Beyen, M. (2020). Dialogen over Belg\u00efe\u00a0: Herinneringen, beelden, opvattingen. Presses universitaires de Louvain. doi: 11116\/9789461663481 2019 Bazan, A. (2019). Goede wil is een illusie. SamPol Zomerreeks &#8211; Hoop 2019. 2016 &hellip; <a href=\"https:\/\/www.arianebazan.be\/?page_id=34\">Continue reading <span class=\"meta-nav\">&rarr;<\/span><\/a><\/p>\n","protected":false},"author":1,"featured_media":0,"parent":8,"menu_order":0,"comment_status":"open","ping_status":"open","template":"","meta":{"spay_email":""},"_links":{"self":[{"href":"https:\/\/www.arianebazan.be\/index.php?rest_route=\/wp\/v2\/pages\/34"}],"collection":[{"href":"https:\/\/www.arianebazan.be\/index.php?rest_route=\/wp\/v2\/pages"}],"about":[{"href":"https:\/\/www.arianebazan.be\/index.php?rest_route=\/wp\/v2\/types\/page"}],"author":[{"embeddable":true,"href":"https:\/\/www.arianebazan.be\/index.php?rest_route=\/wp\/v2\/users\/1"}],"replies":[{"embeddable":true,"href":"https:\/\/www.arianebazan.be\/index.php?rest_route=%2Fwp%2Fv2%2Fcomments&post=34"}],"version-history":[{"count":37,"href":"https:\/\/www.arianebazan.be\/index.php?rest_route=\/wp\/v2\/pages\/34\/revisions"}],"predecessor-version":[{"id":3428,"href":"https:\/\/www.arianebazan.be\/index.php?rest_route=\/wp\/v2\/pages\/34\/revisions\/3428"}],"up":[{"embeddable":true,"href":"https:\/\/www.arianebazan.be\/index.php?rest_route=\/wp\/v2\/pages\/8"}],"wp:attachment":[{"href":"https:\/\/www.arianebazan.be\/index.php?rest_route=%2Fwp%2Fv2%2Fmedia&parent=34"}],"curies":[{"name":"wp","href":"https:\/\/api.w.org\/{rel}","templated":true}]}}