{"id":466,"date":"2013-04-29T21:38:25","date_gmt":"2013-04-29T21:38:25","guid":{"rendered":"http:\/\/www.arianebazan.be\/?page_id=466"},"modified":"2023-05-05T12:45:06","modified_gmt":"2023-05-05T12:45:06","slug":"the-case-of-belgium","status":"publish","type":"page","link":"https:\/\/www.arianebazan.be\/?page_id=466","title":{"rendered":"The Case of Belgium"},"content":{"rendered":"<p>Bazan, A., Klein, A., Luminet, O., Rosoux, V., van Ypersele, L. (mai 2017). Belgique-Belgi\u00eb. Croisement de langues, d\u2019histoires &amp; de m\u00e9moires. <em>M\u00e9moires en jeu, 3<\/em>, 120-129.<\/p>\n<ul>\n<li><a href=\"http:\/\/www.arianebazan.be\/?page_id=473\">English: Memory Studies<\/a><\/li>\n<li><a href=\"http:\/\/www.arianebazan.be\/?page_id=471\">Fran\u00e7ais: Mardaga<\/a><\/li>\n<li><a href=\"http:\/\/www.arianebazan.be\/?page_id=469\">Nederlands: Snoeck<\/a><\/li>\n<\/ul>\n","protected":false},"excerpt":{"rendered":"<p>Bazan, A., Klein, A., Luminet, O., Rosoux, V., van Ypersele, L. (mai 2017). Belgique-Belgi\u00eb. Croisement de langues, d\u2019histoires &amp; de m\u00e9moires. M\u00e9moires en jeu, 3, 120-129. English: Memory Studies Fran\u00e7ais: Mardaga Nederlands: Snoeck<\/p>\n","protected":false},"author":1,"featured_media":0,"parent":366,"menu_order":0,"comment_status":"open","ping_status":"closed","template":"","meta":{"spay_email":""},"_links":{"self":[{"href":"https:\/\/www.arianebazan.be\/index.php?rest_route=\/wp\/v2\/pages\/466"}],"collection":[{"href":"https:\/\/www.arianebazan.be\/index.php?rest_route=\/wp\/v2\/pages"}],"about":[{"href":"https:\/\/www.arianebazan.be\/index.php?rest_route=\/wp\/v2\/types\/page"}],"author":[{"embeddable":true,"href":"https:\/\/www.arianebazan.be\/index.php?rest_route=\/wp\/v2\/users\/1"}],"replies":[{"embeddable":true,"href":"https:\/\/www.arianebazan.be\/index.php?rest_route=%2Fwp%2Fv2%2Fcomments&post=466"}],"version-history":[{"count":7,"href":"https:\/\/www.arianebazan.be\/index.php?rest_route=\/wp\/v2\/pages\/466\/revisions"}],"predecessor-version":[{"id":1657,"href":"https:\/\/www.arianebazan.be\/index.php?rest_route=\/wp\/v2\/pages\/466\/revisions\/1657"}],"up":[{"embeddable":true,"href":"https:\/\/www.arianebazan.be\/index.php?rest_route=\/wp\/v2\/pages\/366"}],"wp:attachment":[{"href":"https:\/\/www.arianebazan.be\/index.php?rest_route=%2Fwp%2Fv2%2Fmedia&parent=466"}],"curies":[{"name":"wp","href":"https:\/\/api.w.org\/{rel}","templated":true}]}}