{"id":788,"date":"2013-07-13T15:40:03","date_gmt":"2013-07-13T15:40:03","guid":{"rendered":"http:\/\/www.arianebazan.be\/?page_id=788"},"modified":"2023-05-05T12:44:18","modified_gmt":"2023-05-05T12:44:18","slug":"psychanalyse-et-neurosciences-aux-sources-de-la-pensee","status":"publish","type":"page","link":"https:\/\/www.arianebazan.be\/?page_id=788","title":{"rendered":"Psychanalyse et Neurosciences aux Sources de la Pens\u00e9e"},"content":{"rendered":"<p>&nbsp;<\/p>\n<p class=\"hide-if-no-js\"><a class=\"thickbox\" id=\"set-post-thumbnail\" title=\"Set featured image\" href=\"http:\/\/www.arianebazan.be\/wp-admin\/media-upload.php?post_id=788&amp;type=image&amp;TB_iframe=1\"><img loading=\"lazy\" class=\"attachment-post-thumbnail aligncenter\" alt=\"annonce\" src=\"http:\/\/www.arianebazan.be\/wp-content\/uploads\/2013\/07\/annonce-624x297.jpg\" width=\"683\" height=\"326\" \/><\/a><\/p>\n<p style=\"text-align: center;\">\u00a0<a href=\"http:\/\/www.arianebazan.be\/wp-content\/uploads\/2013\/07\/BAZAN-CNEP-30112012-programme1.pdf\">BAZAN CNEP 30112012 programme<\/a><\/p>\n<p class=\"MsoNormal\">\u00a0<b><span lang=\"FR\" style=\"font-size: 20.0pt; font-family: 'Century Gothic';\">Argument<\/span><\/b><\/p>\n<p class=\"MsoNormal\" style=\"text-align: justify;\"><b><span lang=\"FR\" style=\"font-size: 10.0pt; font-family: 'Century Gothic';\">L\u2019origine de toute pens\u00e9e, selon Freud (1895), est la recherche du mouvement qui pourrait faire co\u00efncider l\u2019image per\u00e7ue et l\u2019image souhait\u00e9e<\/span><\/b><span lang=\"FR\" style=\"font-size: 10.0pt; font-family: 'Century Gothic';\">, et cette recherche n\u2019est possible que gr\u00e2ce \u00e0 une intervention inhibitrice. Dans son sch\u00e9ma de l\u2019appareil psychique Freud (1900) a l\u2019intuition g\u00e9niale de situer le principe inhibiteur du refoulement \u00e0 l\u2019extr\u00e9mit\u00e9 <i>m o t r i c e<\/i> de l\u2019appareil. La motricit\u00e9 et son inhibition sont par ailleurs, dans les mod\u00e8les neuroscientifiques r\u00e9cents, les cl\u00e9s pour expliquer l\u2019imagerie mentale (la repr\u00e9sentation, la pens\u00e9e donc), ou, sous leur versant psychopathologique, leur repr\u00e9sentation au niveau du corps dans les sympt\u00f4mes de conversion. Qui plus est, tant Freud que les mod\u00e8les neurophysiologiques modernes, partent d\u2019un m\u00eame point d\u2019origine, l\u2019id\u00e9e du physiologiste du 19<sup>e<\/sup> si\u00e8cle, von Helmholtz, qu\u2019il peut y avoir un ressenti direct de l\u2019impulsion motrice donn\u00e9e (et non seulement de ses cons\u00e9quences p\u00e9riph\u00e9riques) \u2013 id\u00e9e que Freud d\u2019une part reprend sous le principe des \u00ab\u00a0indices de r\u00e9alit\u00e9\u00a0\u00bb, et les mod\u00e8les neuro modernes d\u2019autre part sous le principe des \u00ab\u00a0d\u00e9charges corollaires\u00a0\u00bb ou \u00ab\u00a0copies d\u2019eff\u00e9rence\u00a0\u00bb. La th\u00e9orie psychanalytique et les neurosciences seraient-elles du coup bien plus proches qu\u2019elles ne le soup\u00e7onnent puisqu\u2019inspir\u00e9es par un m\u00eame point de d\u00e9part\u00a0et maniant des principes communs?<b><br \/>\n<\/b><\/span><\/p>\n<p>&nbsp;<\/p>\n<p class=\"hide-if-no-js\" style=\"text-align: center;\"><a class=\"thickbox\" id=\"set-post-thumbnail\" title=\"Set featured image\" href=\"http:\/\/www.arianebazan.be\/wp-admin\/media-upload.php?post_id=788&amp;type=image&amp;TB_iframe=1\"><img loading=\"lazy\" class=\"attachment-post-thumbnail\" alt=\"programme2\" src=\"http:\/\/www.arianebazan.be\/wp-content\/uploads\/2013\/07\/programme2-624x654.jpg\" width=\"602\" height=\"630\" \/><\/a><\/p>\n<p>&nbsp;<\/p>\n<p class=\"hide-if-no-js\">\n","protected":false},"excerpt":{"rendered":"<p>&nbsp; \u00a0BAZAN CNEP 30112012 programme \u00a0Argument L\u2019origine de toute pens\u00e9e, selon Freud (1895), est la recherche du mouvement qui pourrait faire co\u00efncider l\u2019image per\u00e7ue et l\u2019image souhait\u00e9e, et cette recherche n\u2019est possible que gr\u00e2ce \u00e0 une intervention inhibitrice. Dans son &hellip; <a href=\"https:\/\/www.arianebazan.be\/?page_id=788\">Continue reading <span class=\"meta-nav\">&rarr;<\/span><\/a><\/p>\n","protected":false},"author":1,"featured_media":803,"parent":10,"menu_order":0,"comment_status":"open","ping_status":"open","template":"","meta":{"spay_email":""},"_links":{"self":[{"href":"https:\/\/www.arianebazan.be\/index.php?rest_route=\/wp\/v2\/pages\/788"}],"collection":[{"href":"https:\/\/www.arianebazan.be\/index.php?rest_route=\/wp\/v2\/pages"}],"about":[{"href":"https:\/\/www.arianebazan.be\/index.php?rest_route=\/wp\/v2\/types\/page"}],"author":[{"embeddable":true,"href":"https:\/\/www.arianebazan.be\/index.php?rest_route=\/wp\/v2\/users\/1"}],"replies":[{"embeddable":true,"href":"https:\/\/www.arianebazan.be\/index.php?rest_route=%2Fwp%2Fv2%2Fcomments&post=788"}],"version-history":[{"count":9,"href":"https:\/\/www.arianebazan.be\/index.php?rest_route=\/wp\/v2\/pages\/788\/revisions"}],"predecessor-version":[{"id":793,"href":"https:\/\/www.arianebazan.be\/index.php?rest_route=\/wp\/v2\/pages\/788\/revisions\/793"}],"up":[{"embeddable":true,"href":"https:\/\/www.arianebazan.be\/index.php?rest_route=\/wp\/v2\/pages\/10"}],"wp:featuredmedia":[{"embeddable":true,"href":"https:\/\/www.arianebazan.be\/index.php?rest_route=\/wp\/v2\/media\/803"}],"wp:attachment":[{"href":"https:\/\/www.arianebazan.be\/index.php?rest_route=%2Fwp%2Fv2%2Fmedia&parent=788"}],"curies":[{"name":"wp","href":"https:\/\/api.w.org\/{rel}","templated":true}]}}