{"id":8,"date":"2013-04-12T12:32:27","date_gmt":"2013-04-12T12:32:27","guid":{"rendered":"http:\/\/www.arianebazan.be\/?page_id=8"},"modified":"2023-05-05T12:44:17","modified_gmt":"2023-05-05T12:44:17","slug":"publications","status":"publish","type":"page","link":"https:\/\/www.arianebazan.be\/?page_id=8","title":{"rendered":"Publications"},"content":{"rendered":"<ul>\n<li>My book (only in French, but book reviews in three languages): <a href=\"http:\/\/www.arianebazan.be\/?page_id=36\">Bazan, A. (2007). <em>Des fant\u00f4mes dans la voix. Une hypoth\u00e8se neuropsychanalytique sur la structure de l&#8217;inconscient.<\/em> Collection Voix Psychanalytiques. \u00c9ditions Liber, Montr\u00e9al, 145 p.<\/a><\/li>\n<\/ul>\n<p>I write and publish in English, French and Dutch:<\/p>\n<ul>\n<li><a href=\"http:\/\/www.arianebazan.be\/?page_id=29\">Publications in English<\/a><\/li>\n<li><a href=\"http:\/\/www.arianebazan.be\/?page_id=30\">Publications in French<\/a><\/li>\n<li><a href=\"http:\/\/www.arianebazan.be\/?page_id=34\">Publications in Dutch<\/a><\/li>\n<\/ul>\n<p>&nbsp;<\/p>\n","protected":false},"excerpt":{"rendered":"<p>My book (only in French, but book reviews in three languages): Bazan, A. (2007). Des fant\u00f4mes dans la voix. Une hypoth\u00e8se neuropsychanalytique sur la structure de l&#8217;inconscient. Collection Voix Psychanalytiques. \u00c9ditions Liber, Montr\u00e9al, 145 p. I write and publish in &hellip; <a href=\"https:\/\/www.arianebazan.be\/?page_id=8\">Continue reading <span class=\"meta-nav\">&rarr;<\/span><\/a><\/p>\n","protected":false},"author":1,"featured_media":0,"parent":9,"menu_order":1,"comment_status":"open","ping_status":"closed","template":"","meta":{"spay_email":""},"_links":{"self":[{"href":"https:\/\/www.arianebazan.be\/index.php?rest_route=\/wp\/v2\/pages\/8"}],"collection":[{"href":"https:\/\/www.arianebazan.be\/index.php?rest_route=\/wp\/v2\/pages"}],"about":[{"href":"https:\/\/www.arianebazan.be\/index.php?rest_route=\/wp\/v2\/types\/page"}],"author":[{"embeddable":true,"href":"https:\/\/www.arianebazan.be\/index.php?rest_route=\/wp\/v2\/users\/1"}],"replies":[{"embeddable":true,"href":"https:\/\/www.arianebazan.be\/index.php?rest_route=%2Fwp%2Fv2%2Fcomments&post=8"}],"version-history":[{"count":10,"href":"https:\/\/www.arianebazan.be\/index.php?rest_route=\/wp\/v2\/pages\/8\/revisions"}],"predecessor-version":[{"id":3375,"href":"https:\/\/www.arianebazan.be\/index.php?rest_route=\/wp\/v2\/pages\/8\/revisions\/3375"}],"up":[{"embeddable":true,"href":"https:\/\/www.arianebazan.be\/index.php?rest_route=\/wp\/v2\/pages\/9"}],"wp:attachment":[{"href":"https:\/\/www.arianebazan.be\/index.php?rest_route=%2Fwp%2Fv2%2Fmedia&parent=8"}],"curies":[{"name":"wp","href":"https:\/\/api.w.org\/{rel}","templated":true}]}}