{"id":81,"date":"2013-04-14T08:26:59","date_gmt":"2013-04-14T08:26:59","guid":{"rendered":"http:\/\/www.arianebazan.be\/?page_id=81"},"modified":"2023-12-02T12:32:44","modified_gmt":"2023-12-02T12:32:44","slug":"nederlands","status":"publish","type":"page","link":"https:\/\/www.arianebazan.be\/?page_id=81","title":{"rendered":"Nederlands"},"content":{"rendered":"<em><span lang=\"FR-CA\" style=\"font-size: 14pt; font-family: 'Trebuchet MS'; color: gray; letter-spacing: 2pt;\">2023<\/span><\/em>\n<ul>\n \t<li>Amsterdam, Pays-Bas, 29.10.2023, Brainwashfestival, \u2018Le langage th\u00e9rapeutique: du divan au monde\u2019 (\u2018Therapietaal: van de sofa naar de wereld\u2019), discussion sur la pr\u00e9sence d\u2019une terminologie diagnostique et clinique dans le langage courant, avec l\u2019analyste Arthur Eaton, mod\u00e9r\u00e9e par l\u2019essayiste Robin Goudsmits. In de nasleep van deze Psychopraat, is er een publicatie van een onderhoud met Trudi Janssens, over mentale diagnostiek op deze link :<!-- \/wp:paragraph --><!-- wp:paragraph --><a href=\"https:\/\/www.brainwash.nl\/lees\/psychologie\/2023\/ariane-bazan-mentale-diagnose.html\" target=\"_blank\" rel=\"noopener\">Minder oog voor de afwijking en meer voor de mens<\/a><mark class=\"has-inline-color has-vivid-cyan-blue-color\">\n<\/mark>\n\n<!-- \/wp:paragraph --> <!-- wp:paragraph {\"backgroundColor\":\"vivid-cyan-blue\"} -->\n<p class=\"has-vivid-cyan-blue-background-color has-background\">R\u00e9sum\u00e9 en Fran\u00e7ais de l&#8217;entretien avec Trudi Janssens ci-dessus : Les diagnostics mentaux &#8216;en vogue&#8217; sont en fait des diagnostics sociaux : ils varient avec l&#8217;\u00e9poque et le lieu, \u00e9mergent et disparaissent, et trouvent une forme de traitement dans le regroupement et la revendication sociale. Le traitement mental ne doit pas viser le deficit ou la variation par rapport \u00e0 une norme sociale, mais la souffrance mentale, qui est universelle et intemporelle et a trait \u00e0 deux questions fondamentales, celles de l&#8217;\u00eatre (qui suis-je, qui aurai-je \u00e9t\u00e9, quelle place m&#8217;est il autoris\u00e9 de prendre) et de l&#8217;avoir\/l&#8217;amour (suis-je quelqu&#8217;un qu&#8217;on peut aimer, comment suis-je aim\u00e9.e et comment suis-je aimant.e).<\/p>\n<!-- \/wp:paragraph --> <!-- wp:pullquote --><!-- \/wp:pullquote --><\/li>\n \t<li>12-19.08.2023, Boussac, Universit\u00e9 d\u2019\u00e9t\u00e9 App\u00e9tit d\u2019esprit, \u00abAriane Bazan over de manke menselijke conditie\u00bb (\u00abAriane Bazan \u00e0 propos de la condition humaine boiteuse\u00bb). https:\/\/www.appetitdesprit.be\/aanbod\/themaweek-2\/<\/li>\n \t<li>Oostende, 11.03.2023, A. Bazan dans la \u2018Nuit du corps oubli\u00e9\u2019, Le festival des livres non-fiction FAAR en collaboration avec Theater Aan Zee.<\/li>\n<\/ul>\n<em><span style=\"font-size: 14pt; color: #808080;\">2022<\/span><\/em>\n<ul>\n \t<li>Amsterdam, 07.07.2022, <em>Summer University<\/em> voor psychoanalyse\u00ab Geheimen Gonzen \u00bb, Bazan, A. \u00ab <a href=\"http:\/\/www.arianebazan.be\/wp-content\/uploads\/2022\/07\/Bazan-Het-Schaduwspel-06072022-publiek.pdf\" target=\"_blank\" rel=\"noopener\">Het-Schaduwspel<\/a> \u00bb.<\/li>\n<\/ul>\n<em><span style=\"font-size: 14pt; color: #808080;\">2021<\/span><\/em>\n<ul>\n \t<li><a href=\"https:\/\/fb.watch\/5mK_dpwL-0\/\" target=\"_blank\" rel=\"noopener noreferrer\">&#8220;Vind je liefde of vindt liefde jou?&#8221;: Ariane Bazan<\/a>\nNaar aanleiding van de Summer University 2021 gingen we met analytici in gesprek over het thema liefde. Bekijk hieronder het achtste fragment uit deze reeks.\n&#8220;Vind je liefde of vindt liefde jou?&#8221;: Ariane Bazan<\/li>\n \t<li>Woerden, 28.05.2021, Stichting Psychiatrie en Filosofie, dans la journ\u00e9e \u201cMoeder op drift : Postpartumpsychose anders benaderd\u201d, Bazan, A., pr\u00e9sentation : \u201cPsychische transparantie\u201d. &#8211; <a href=\"http:\/\/www.arianebazan.be\/wp-content\/uploads\/2013\/04\/Moeder-op-Drift-28-mei-2021-PDF-versie-23-7-2021.pdf\">Moeder op Drift 28 mei 2021 PDF versie 23-7-2021<\/a><\/li>\n<\/ul>\n<em><span style=\"font-size: 14pt; color: #808080;\">2020<\/span><\/em>\n<ul>\n \t<li>Kortrijk, 29.08.2020, \u201cGesprek met Ariane Bazan\u201d au Theater Antigone dans le cadre du festival \u201cLeave no one behind\u201d.<\/li>\n \t<li>Amsterdam, 01.07.2020, s\u00e9minaires \u00e0 la <em>Summer University<\/em> de psychanalyse. Schut, , Brameijer, L., Bazan, A. \u00ab\u00a0Denkbeelden in\u00a0 de psychoanalyse\u00a0\u00bb; Bazan, A. \u00ab\u00a0Liefde en het monster\u00a0\u00bb par t\u00e9l\u00e9conf\u00e9rence.<\/li>\n<\/ul>\n<em><span style=\"color: #808080; font-size: 14pt;\">2019<\/span><\/em>\n<ul>\n \t<li>Amsterdam, 04.07.2019, s\u00e9minaire \u00e0 la Summer University de psychanalyse, th\u00e8me\u00a0: \u00ab\u00a0De verbeelding spreekt\u00a0, Bazan. \u00ab\u00a0Neuropsychoanalyse en verbeelding fantoomwoorden bezetten het onbewuste \u00bb, invitation du Dr. Marc Hebbrecht.<\/li>\n \t<li>Amsterdam, 04.07.2019, s\u00e9minaire \u00e0 la Summer University de psychanalyse, th\u00e8me\u00a0: \u00ab\u00a0De verbeelding spreekt\u00a0, Bazan. \u00ab\u00a0Neuropsychoanalyse en verbeelding fantoomwoorden bezetten het onbewuste \u00bb, invitation du Dr. Marc Hebbrecht.<\/li>\n \t<li>Gand, 05.03.2019, Universit\u00e9 de Gand, dans le cycle Permanente Vorming Wijsbegeerte \u201cZonder wet, geen zonde ?\u201d, Bazan, A., pr\u00e9sentation \u201cWaar schuld niet kan treffen, kan een mens niet leven\u201d.<\/li>\n \t<li>Anvers, 24.02.2019, Nottebohmlezing &#8220;Het fantasma tussen orakel en enigma&#8221;, Bazan A., Consciencebibliotheek, invit\u00e9e par Koen Broucke.<\/li>\n<\/ul>\n<em><span style=\"color: #808080; font-size: 14pt;\">2018<\/span><\/em>\n<ul>\n \t<li>Anvers, 28.10.2018, dans le cycle \u00ab\u00a0Duel op Zondag\u00a0\u00bb, d\u00e9bat avec Edith Cassiers, mod\u00e9r\u00e9e par Marijke Coornaert, \u00ab\u00a0Een vrouwengeschil\u00a0\u00bb (sur le f\u00e9minisme), Consciencebibliotheek, invitation de Johan Bijttebier. <a href=\"http:\/\/vriendenvanboekenletteren.be\/beeldvideo.html?fbclid=IwAR2_o6Dhrsp5Y24gSi4PVA3Ja3tYFglDM6iOenTvFUzhxgLxd_JC01bn0i\">http:\/\/vriendenvanboekenletteren.be\/beeldvideo.html?fbclid=IwAR2_o6Dhrsp5Y24gSi4PVA3Ja3tYFglDM6iOenTvFUzhxgLxd_JC01bn0i<\/a>4<\/li>\n \t<li>Gand, 31.05.2018, pr\u00e9sentation du livre, \u201cDe politiek van de dingen&#8221; de Jean-Claude Milner, Campo. Avec Ariane Bazan, Peter van den Eede, Cis Dewaele, Jelle Versieren, sur invitation de Nathalie Laceur.<\/li>\n<\/ul>\n<em><span style=\"color: #808080; font-size: 14pt;\">2016<\/span><\/em>\n<ul>\n \t<li>Amsterdam, Pays-bas, 04.11.2016, Bazan A. \u00ab\u00a0Het Default Mode Network en het Freudiaanse Ik: het subject voorbji de neuronen.\u00a0\u00bb, \u00e0 l\u2019occasion de la conf\u00e9rence studiedag van de Nederlandse Vereniging van Psychoanalytische Psychotherapie (NVPP) pendant la journ\u00e9e d\u2019\u00e9tude sur \u00abHet Zelf\u00a0\u00bb, invit\u00e9e par Gerben de Boer.<\/li>\n \t<li><a href=\"http:\/\/http:\/\/www.kuleuven.be\/emeritiforum\/em\/Forumgesprekken\/F1617\/27102016\/271016\" target=\"_blank\" rel=\"noopener noreferrer\">FORUMGESPREK 27 OKTOBER 2016:\u00a0NADENKEN OVER EUTHANASIE<\/a><\/li>\n \t<li>Gent, 27.04.2016, Bazan, A., \u00ab\u00a0Euthanasie\u00a0: een vraag voor het medische model in de geestelijke gezondheidszorg\u00a0\u00bb, Journ\u00e9e d\u2019\u00e9tude Ides\u00e7a, invit\u00e9e par Wim Galle.\u00a0<a href=\"http:\/\/www.idesca-vzw.be\/studiedagen\/euthanasie\" target=\"_blank\" rel=\"noopener noreferrer\">http:\/\/www.idesca-vzw.be\/studiedagen\/euthanasie<\/a><\/li>\n \t<li>Roeselare, 03.03.2016, Bazan, A., \u00ab Euthanasie bij Psychisch Lijden \u00bb, georganiseerd voor een LOK\u00a0van psychiaters, uitgenodigd door Dr Tom Festjens.<\/li>\n<\/ul>\n<em><span style=\"font-size: 14pt; color: #808080;\">2015<\/span><\/em>\n<ul>\n \t<li>\n<p style=\"text-align: center;\">Garant25-Congres:<\/p>\n<p style=\"text-align: center;\"><a href=\"http:\/\/www.maklu.be\/nieuwsbrieven\/garant25-congres-psychoanalyse-op-haar-breedst\/uitnodiging.html\" target=\"_blank\" rel=\"noopener noreferrer\"><span style=\"font-size: 14pt;\"><strong>Psychoanalyse op haar breedst. \u00a0Van kliniek tot cultuur<\/strong><\/span><\/a>\nbij gelegenheid van het 25-jarig bestaan van Garant-Uitgevers\n<em>donderdag, 3 december 2015, 09.30 uur \u2013 16.45 uur<\/em>\n<em>De Stroming, Nationalestraat 111, Antwerpen<\/em><\/p>\n13.20 Psychoanalyse, neurowetenschap en evolutie\nZijn de hersenen de graal van de 21e eeuw en vinden we in de laatste doorlichte neuronen tenslotte het mysterie van de menselijke ziel? Of is het juist het perspectief van haar falen dat de neurowetenschap zo beloftevol maakt? Met haar gigantische overvloed aan gegevens is er inderdaad dringend behoefte aan een theorie met een perspectief op het lichaam dan wel vanuit het lichaam. Hier krijgt de psychoanalyse een plaats en wel met twee sleutelconcepten: de betekenaar en het genot.<\/li>\n \t<li>Pittem, 24.09.2015, &#8220;<a href=\"http:\/\/www.sintjozefpittem.be\/fileadmin\/media\/img\/nieuws\/2015__Vooraankondiging_studiedag.pdf#_blank\" target=\"_blank\" rel=\"noopener noreferrer\">Trauma en Identiteit<\/a>&#8220;, douzi\u00e8me journ\u00e9e d\u2019\u00e9tude biennale en psychoth\u00e9rapie clinique organis\u00e9e par la Clinique St. Jozef, en collaboration avec l&#8217;Association flamande pour la th\u00e9rapie psychanalytique, Bazan A., \u00ab\u00a0Trauma en de dopaminerge inschrijving van het evenement. Over demonische herhalingsdwang en redding.\u00a0\u00bb, invit\u00e9e par le Dr. Mark Kinet.<\/li>\n \t<li>Pittem, 25.06.2015, &#8220;<a href=\"http:\/\/www.sintjozefpittem.be\/fileadmin\/media\/img\/nieuws\/Feestelijke_boekvoorstelling_Psychoanalyse_als_seksuologie.pdf#_blank\">Psychoanalyse als seksuologie? Libido van gesel tot gezel<\/a>&#8220;, journ\u00e9e organis\u00e9e par l&#8217;H\u00f4pital St Joseph \u2013 Centre de psychiatrie et de psychoth\u00e9rapie \u2013 \u00e0 l&#8217;occasion de la sortie de la revue &#8220;Psychoanalytisch Actueel&#8221;, Bazan, A., &#8220;Psychoanalyse, neurowetenschap en evolutie&#8221;.<\/li>\n<\/ul>\n<em><span lang=\"FR-CA\" style=\"font-size: 14pt; font-family: 'Trebuchet MS'; color: gray; letter-spacing: 2pt;\">2014<\/span><\/em>\n<ul>\n \t<li style=\"text-align: justify;\"><a href=\"http:\/\/www.filosofieengeneeskunde.nl\/\" target=\"_blank\" rel=\"noopener noreferrer\">Leiden, Nederland, 15.11.2014, congres van de Vereniging voor Filosofie en Geneeskunde, Bazan, A. \u201c\u2018Evidence\u2019 in het domein van de mentale gezondheid: voorbij de DSM?\u201d, uitgenodigd door Prof. Dr. Ignaas Devisch.<\/a><\/li>\n<\/ul>\n<ul>\n \t<li>Gand, 03.04.2014, causerie grand public de l\u2019association \u00ab\u00a0Breinwijzer\u00a0\u00bb \u00e0 propos de la neuropsychanalyse, invitation Prof. Achten.<\/li>\n<\/ul>\n<p style=\"padding-left: 40px;\">&#8220;Freud in de Neuronen&#8221;, een gespreksavond van &#8220;Breinwijzer&#8221;, Gent. Aan de hand van klinische vignetten worden twee typisch menselijke \u2018constructiefouten\u2019 duidelijk gemaakt, zoals we die vaak bij onszelf herkennen en bij pati\u00ebnten horen. In het eerste geval gaat het om misverstanden, versprekingen, bijzondere voorkeuren of heimelijke aversies, specifieke angsten of eigen rituelen: al het onredelijke eigen aan de mens en waarop goede voornemens of bewuste beslissingen weinig effect hebben. In het tweede geval gaat het om bredere gedrags- en verhoudingspatronen in sociale situaties en in partnerrelaties, die zich hardnekkig kunnen blijven herhalen hoewel we ze niet (langer) leuk, adequaat of verstandig vinden. Daarbij stellen we ons telkens de vraag: wat verraden deze \u2018haperingen\u2019 over de werking van de hersenen? Wat moeten we veronderstellen over de hersenen om dit te kunnen verklaren?<span style=\"font-size: 12pt; line-height: 1.714285714; text-indent: -18pt;\"><a href=\"http:\/\/www.arianebazan.be\/wp-content\/uploads\/2013\/04\/breinwijzer2.png\"><img loading=\"lazy\" class=\"size-medium wp-image-990 aligncenter\" src=\"http:\/\/www.arianebazan.be\/wp-content\/uploads\/2013\/04\/breinwijzer2-210x300.png\" alt=\"breinwijzer2\" width=\"210\" height=\"300\" srcset=\"https:\/\/www.arianebazan.be\/wp-content\/uploads\/2013\/04\/breinwijzer2-210x300.png 210w, https:\/\/www.arianebazan.be\/wp-content\/uploads\/2013\/04\/breinwijzer2.png 420w\" sizes=\"(max-width: 210px) 100vw, 210px\" \/><\/a><\/span><\/p>\n<span lang=\"FR-CA\" style=\"font-size: 14.0pt; mso-bidi-font-size: 12.0pt; font-family: 'Trebuchet MS'; color: gray; letter-spacing: 2.0pt; mso-ansi-language: FR-CA;\">2013<\/span>\n<ul>\n \t<li style=\"text-align: justify;\">Ghent, Belgium, UFO, 24.11.2013, <span lang=\"EN-US\">debate in the context of the &#8220;Science Day&#8221; <\/span>(dag van de wetenschap), &#8220;<span lang=\"EN-US\">I\u2013Brain &amp; Pills<\/span>, <span lang=\"EN-US\">Een symposium over de medicalisering van ons brein en zijn&#8221;<\/span>; debate with the Drs. Paul Cosyns and Geert Dom : &#8220;<span lang=\"EN-US\"> DSM-V Medicalisering.\u00a0 <\/span><span lang=\"FR-BE\">Zin en onzin van de bijbel van de psychiatrie<\/span> &#8221; moderated by Annemie Peeters.<span style=\"font-size: 12pt; line-height: 1.714285714; text-indent: -18pt;\">\n<\/span><\/li>\n<\/ul>\n<em><span lang=\"FR-CA\" style=\"font-size: 14.0pt; mso-bidi-font-size: 12.0pt; font-family: 'Trebuchet MS'; color: gray; letter-spacing: 2.0pt; mso-ansi-language: FR-CA;\">2012<\/span><\/em>\n<ul>\n \t<li>Sint-Lambrechts Woluwe, Brussels, Belgium, 28.09.2012, discussion of Lili De Vooght, \u201cHet Nu en de tijdloosheid van het Onbewuste\u201d, Belgium School for Psychoanalysis (\u201cBelgische School voor Psychoanalyse\u201d).<\/li>\n \t<li>Duffel, 27.01.2012, 4i\u00e8me Symposium \u201cMind &amp; Brain \u2013 Psychotherapie: brain-based of een vak apart\u201d (\u201cMind &amp; Brain \u2013 La psychoth\u00e9rapie: ancr\u00e9 dans le cerveau ou un m\u00e9tier \u00e0 part enti\u00e8re ? \u00bb), Bazan, A., \u00ab Over neuropsychoanalyse en de materialiteit\nvan het psychische \u00bb (\u00ab A propos de la neuropsychanalyse et de la mat\u00e9rialit\u00e9 du mental \u00bb), Dienst Psychiatrie de l\u2019AZ St Maarten, invitation du Dr. Herman Haezaert<\/li>\n<\/ul>\n<em><span lang=\"FR-CA\" style=\"font-size: 14.0pt; mso-bidi-font-size: 12.0pt; font-family: 'Trebuchet MS'; color: gray; letter-spacing: 2.0pt; mso-ansi-language: FR-CA;\">2011<\/span><\/em>\n<ul>\n \t<li>Gand, 24-25.11.2011, deux cours invit\u00e9s dans le cadre du cours \u201cZiek in het hoofd\u201d (\u00ab Malade de la t\u00eate \u00bb) de l\u2019\u00ab Interdisciplinary Honoursprogram \u00bb \u00e0 la Radboud Honours Academy de Nijmegen, Pays Bas : Bazan, A.: \u201cHet onbewuste is gestructureerd als een taal \u2013 in geest en lichaam: wat de psychose onthult over wat taligheid betekent\u201d (\u00ab L\u2019inconscient est structur\u00e9 comme un langage \u2013 dans l\u2019\u00e2me et le corps : ce que la psychose r\u00e9v\u00e8le de ce que parler signifie \u00bb), invitation du Prof. Ph. van Haute.<\/li>\n \t<li>Sleidinge, Belgium, 18.05.2011, conference on the theme &#8220;Seksualiteit, (on)mogelijke verhoudingen en (nieuwe) genotsvormen&#8221; (\u201cSexuality, (im)possibles relations and (new) forms of jouissance\u201d) at Psychiatric Center Sleidinge. study day of the GPP of Ghent and \u2018Ides\u00e7a\u2019 ; invitation : Dr. Veroniek Knockaert.<\/li>\n<\/ul>\n<em><span lang=\"FR-CA\" style=\"font-size: 14.0pt; mso-bidi-font-size: 12.0pt; font-family: 'Trebuchet MS'; color: gray; letter-spacing: 2.0pt; mso-ansi-language: FR-CA;\">2008<\/span><\/em>\n<ul>\n \t<li>Louvain, 29.11.2008. Pr\u00e9sentation du livre \u00ab Des fant\u00f4mes dans la voix \u00bb, Belgische School voor Psychoanalyse\/Ecole Belge de Psychanalyse; r\u00e9pondante: Mme Lili De Vooght.<\/li>\n \t<li>Antwerp, Belgium, 17.09.2008, Fourth Flemish Conference on Mental Health, Bazan, A., Van de Vijver G: \u201cFreud\u2019s primary and secondary processes at the interface between psychoanalysis and neurosciences: insights from clinical work with psychotic patients\u201d, presentation.<\/li>\n \t<li>Ghent, Belgium, 17.05.2008, organisation of a half day of conferences of the \u201cGezelschap voor Psychoanalyse en Psychoth\u00e9rapie\u201d in collaboration with \u201cIdes\u00e7a\u201d with Lambros Couloubaritsis and Louis-Georges Papon.<\/li>\n \t<li>Oostende, Belgium, 20.02.2008, Study Day of the \u2018Gezelschap voor Psychoanalyse en Psychotherapie\u2019 (GPP), Bazan, A., chair, \u2018Transgenerationele Psychische Overerving\u2019 (\u2018Transgenerational Transmission\u2019) at the Hogeschool West-Vlaanderen, Department Vesalius-HISS, invitation by Porf. Gertrudis Van de Vijver.<\/li>\n<\/ul>\n<em><span lang=\"FR-CA\" style=\"font-size: 14.0pt; mso-bidi-font-size: 12.0pt; font-family: 'Trebuchet MS'; color: gray; letter-spacing: 2.0pt; mso-ansi-language: FR-CA;\">2007<\/span><\/em>\n<ul>\n \t<li>Bazan, A. (2007). \u2018Elementen voor een Neuro-Psychanalyse van de Ont-moeting\u2019 (\u2018Elements for a Neuro-Psychoanalysis of the Encounter\u2019). Antenne, the journal of the \u2018Union of the Associatiosn of Free Thinkers\u2019 (Unie van de Vrijzinnige Verenigingen): 25, nr. 4,36-49.<\/li>\n \t<li>Sleidinge, Belgium, 02.05.2007, Psychiatric Centre Sleidinge. study day of the GPP of Ghent and \u2018Ides\u00e7a\u2019: Bazan, A. chair of the study-day \u2018Analytic work with patients with brain trauma\u2019.<\/li>\n \t<li>Brussels, Belgium, 22.03.2007, Royal Library, Educational Day (IPOS) on Neurosciences for the consultants of Union of Humanistic Associations, Bazan, A., \u2018Elements for a neuro-psychoanalysis of the clinical encounter\u2019, invitation by Mr. Wendy Leyn.<\/li>\n<\/ul>\n<em><span lang=\"FR-CA\" style=\"font-size: 14.0pt; mso-bidi-font-size: 12.0pt; font-family: 'Trebuchet MS'; color: gray; letter-spacing: 2.0pt; mso-ansi-language: FR-CA;\">2006<\/span><\/em>\n<ul>\n \t<li>Ghent, Belgium, 13.12.2006, University of Ghent, Post-Academic Education Program \u201cPhenomenology, Psychoanalysis and Neurosciences\u201d: workshop organised in collaboration with Gertrudis Van de Vijver and Filip Geerardyn: invitation by Lisa Ouss, for a conference on &#8220;Le Concept de neuropsychanalyse: quelle applications dans la prise en charge des patients\u2019 avec l\u00e9sion c\u00e9r\u00e9brale?&#8221; (\u201cThe notion of neuropsychoanalysis: application for the therapy of brain lesion patients\u201d).<\/li>\n \t<li>Ghent, Belgium, 29.11.2006, Studium Generale, Hogeschool Gent (Ghent College), lecture as a part of this year\u2019s theme \u2018Critique of Present Times\u2019, Bazan, A., \u2018Subjectivity, the echo of the past in in actual discourse\u2019, invitation by Stefan Hertmans.<\/li>\n \t<li>Duffel, Belgium, 16.11.2006, Psychiatric Centre Duffel \u2013 vzw Emma\u00fcs, seminar, Bazan, A., \u2018A Neuro-psychoanalytic approach of psychosis: \u201cmuizenissen en herspenspinsels\u201d (\u2018mare\u2019s nests and brainstorms\u2019)\u2019, invitation by Dhr. Dieter De Grave.<\/li>\n \t<li>Etterbeek, Belgium, 22.09.2006, Third Flemish Mental Health Conference, VUB (Brussels Free University): Luc Roelens, Ann Slabbinck, Piet Ledure, Mario Thuytten, Ariane Bazan, SGA-department pIZa (psychiatric Intensive Care department), \u2018Strengthening of insufficient social skills as treatment of behavioral disorders\u2019, workshop.<\/li>\n \t<li>Ghent, Belgium, 19.04.2006, University of Ghent, Clinical Presentations of the Post-Academic Education Program \u2018Phenomenology, Psychoanalysis and Neurosciences\u2019, Bazan, A., clinical case presentation of a psychotic patient, invitation by Prof. Gertrudis Van de Vijver.<\/li>\n \t<li>Oostende, Belgium, 29.03.2006, \u2018Schizophrenia, paranoia and hallucination\u2019 study day of the \u2018Association for Psychoanalysis and Psychotherapy\u2019 (the GPP) of Ghent and \u2018Ides\u00e7a\u2019: Bazan, A., \u2018Psychosis: \u201cmuizenissen en hersenspinsels\u201d (\u2018mare\u2019s nests and brainstorms\u2019)\u2019, presentation, invitation by Prof. Gertrudis Van de Vijver.<\/li>\n<\/ul>\n<em><span lang=\"FR-CA\" style=\"font-size: 14.0pt; mso-bidi-font-size: 12.0pt; font-family: 'Trebuchet MS'; color: gray; letter-spacing: 2.0pt; mso-ansi-language: FR-CA;\">2005<\/span><\/em>\n<ul>\n \t<li>Ghent, Belgium, 21.12.2005, Post-Academic Education Program \u2018Phenomenology, Psychoanalysis and Neurosciences\u2019, University of Ghent, Bazan, A., \u2018Unconscious language dynamics and the primary process: an ERP study\u2019, invitation by Prof. Van de Vijver.<\/li>\n \t<li>Ghent, Belgium, 01.12.2005, University of Ghent, Post-Academic Education Program \u201cPhenomenology, Psychoanalysis and Neurosciences\u201d: workshop organised in collaboration with Gertrudis Van de Vijver and Filip Geerardyn: invitation by Howard Shevrin (Michigan), for a conference on &#8220;The Dynamic Unconscious&#8221;.<\/li>\n \t<li>Ghent, Belgium, 30.11.2005, Department of Psychoanalysis, Faculty of Psychology and Educational Sciences, and Department of Philosophy, Faculty of Philosophy and Literature, University of Ghent: Prof. Howard Shevrin (Michigan): \u201cThe Dynamic Unconscious. An Experimental Research Program\u201d, followed by a debate on 01.12.2005: \u201cExperimental research in (neuro-) psychoanalysis: challenges and controversies\u201d.<\/li>\n<\/ul>\n<em><span lang=\"FR-CA\" style=\"font-size: 14.0pt; mso-bidi-font-size: 12.0pt; font-family: 'Trebuchet MS'; color: gray; letter-spacing: 2.0pt; mso-ansi-language: FR-CA;\">2004<\/span><\/em>\n<ul>\n \t<li>Ghent, Belgium, 01.12.2004, Post-Academic Education Program \u2018Phenomenology, Psychoanalysis and Neurosciences\u2019, University of Ghent, Bazan, A., \u2018The Project of Neuro-Psychoanalysis\u2019, invitation by Prof. Van de Vijver.<\/li>\n<\/ul>\n<em><span lang=\"FR-CA\" style=\"font-size: 14.0pt; mso-bidi-font-size: 12.0pt; font-family: 'Trebuchet MS'; color: gray; letter-spacing: 2.0pt; mso-ansi-language: FR-CA;\">2002<\/span><\/em>\n<ul>\n \t<li>Antwerp, Belgium, 12.09.2002, First Flemish Mental Health Conference: \u2018Developmental psychiatry: psychiatry in development\u2019: Bazan, A., \u2018The problem of the measurement of language. Psycho- and neurolinguistic remarks on the use of questionnaires in the domain of mental health care\u2019, presentation and 13.09.2002, participation to the discussion panel of Prof. Marc Hermans \u2018Our patients are impressive! Counselling experience with patients having important behavioural problems and\/or showing agressivity\u2019.<\/li>\n \t<li>Beernem, Belgium, Psychiatric Center Sint-Amandus, 13.06.2002, continued education seminar Bazan, A., \u2018How is your articulation today? The unconscious is affect sticking to phonology\u2019, invitation by Andr\u00e9 Colpaert, psychologist.<\/li>\n \t<li>Ghent, Belgium, 24.04.2002, \u2018Neuropsychoanalysis\u2019 study day of the \u2018Gezelschap voor Psychoanalyse en Psychotherapie\u2019, Bazan, A., \u2018How is your articulation today? The unconscious is affect sticking to phonology\u2019, invitation by Prof. Van de Vijver.<\/li>\n<\/ul>\n<em><span lang=\"FR-CA\" style=\"font-size: 14.0pt; mso-bidi-font-size: 12.0pt; font-family: 'Trebuchet MS'; color: gray; letter-spacing: 2.0pt; mso-ansi-language: FR-CA;\">2000<\/span><\/em>\n<ul>\n \t<li>Antwerp, 10.11.2000, Academy of Fine Arts, \u2018Trauma and Desire\u2019, Bazan, A. \u2018The symbolic and the imaginary\u2019, seminary, invitation by Dirk Van Bastelaere.<\/li>\n<\/ul>","protected":false},"excerpt":{"rendered":"<p>2023 Amsterdam, Pays-Bas, 29.10.2023, Brainwashfestival, \u2018Le langage th\u00e9rapeutique: du divan au monde\u2019 (\u2018Therapietaal: van de sofa naar de wereld\u2019), discussion sur la pr\u00e9sence d\u2019une terminologie diagnostique et clinique dans le langage courant, avec l\u2019analyste Arthur Eaton, mod\u00e9r\u00e9e par l\u2019essayiste Robin &hellip; <a href=\"https:\/\/www.arianebazan.be\/?page_id=81\">Continue reading <span class=\"meta-nav\">&rarr;<\/span><\/a><\/p>\n","protected":false},"author":1,"featured_media":990,"parent":10,"menu_order":0,"comment_status":"open","ping_status":"closed","template":"","meta":{"spay_email":""},"_links":{"self":[{"href":"https:\/\/www.arianebazan.be\/index.php?rest_route=\/wp\/v2\/pages\/81"}],"collection":[{"href":"https:\/\/www.arianebazan.be\/index.php?rest_route=\/wp\/v2\/pages"}],"about":[{"href":"https:\/\/www.arianebazan.be\/index.php?rest_route=\/wp\/v2\/types\/page"}],"author":[{"embeddable":true,"href":"https:\/\/www.arianebazan.be\/index.php?rest_route=\/wp\/v2\/users\/1"}],"replies":[{"embeddable":true,"href":"https:\/\/www.arianebazan.be\/index.php?rest_route=%2Fwp%2Fv2%2Fcomments&post=81"}],"version-history":[{"count":72,"href":"https:\/\/www.arianebazan.be\/index.php?rest_route=\/wp\/v2\/pages\/81\/revisions"}],"predecessor-version":[{"id":3480,"href":"https:\/\/www.arianebazan.be\/index.php?rest_route=\/wp\/v2\/pages\/81\/revisions\/3480"}],"up":[{"embeddable":true,"href":"https:\/\/www.arianebazan.be\/index.php?rest_route=\/wp\/v2\/pages\/10"}],"wp:featuredmedia":[{"embeddable":true,"href":"https:\/\/www.arianebazan.be\/index.php?rest_route=\/wp\/v2\/media\/990"}],"wp:attachment":[{"href":"https:\/\/www.arianebazan.be\/index.php?rest_route=%2Fwp%2Fv2%2Fmedia&parent=81"}],"curies":[{"name":"wp","href":"https:\/\/api.w.org\/{rel}","templated":true}]}}